{"id":155,"date":"2018-11-07T11:05:29","date_gmt":"2018-11-07T13:05:29","guid":{"rendered":"http:\/\/www2.uepg.br\/labrecursoshidricos\/?page_id=155"},"modified":"2019-05-02T16:02:35","modified_gmt":"2019-05-02T19:02:35","slug":"inicio","status":"publish","type":"page","link":"https:\/\/www2.uepg.br\/labrecursoshidricos\/","title":{"rendered":"\u00cdnicio"},"content":{"rendered":"<p>Hor\u00e1rio Administrativo:<\/p>\n<ul>\n<li>Segunda a sexta-feira\n<ul>\n<li>08:00 \u00e0s 11:30 horas<\/li>\n<li>12:30 \u00e0s 17:00 horas<\/li>\n<\/ul>\n<\/li>\n<\/ul>\n<p>Hor\u00e1rio para recebimento das amostras * :<\/p>\n<ul>\n<li>Segunda a quarta-feira\n<ul>\n<li>08:00 \u00e0s 11:30 horas<\/li>\n<li>12:30 \u00e0s 16:00 horas<\/li>\n<\/ul>\n<\/li>\n<\/ul>\n<p>* Exceto quando tiver algum feriado durante a semana, favor conferir nosso <a href=\"https:\/\/prograd.sites.uepg.br\/?page_id=246\" target=\"_blank\" rel=\"noopener noreferrer\">calend\u00e1rio universit\u00e1rio<\/a>.<\/p>\n<p>&nbsp;<\/p>\n<p>&nbsp;<\/p>\n","protected":false},"excerpt":{"rendered":"<p>Hor\u00e1rio Administrativo: Segunda a sexta-feira 08:00 \u00e0s 11:30 horas 12:30 \u00e0s 17:00 horas Hor\u00e1rio para recebimento das amostras * : Segunda a quarta-feira 08:00 \u00e0s 11:30 horas 12:30 \u00e0s 16:00 horas * Exceto quando tiver algum feriado durante a semana, favor conferir nosso calend\u00e1rio universit\u00e1rio. &nbsp; &nbsp;<\/p>\n","protected":false},"author":24,"featured_media":0,"parent":0,"menu_order":0,"comment_status":"closed","ping_status":"closed","template":"","meta":[],"_links":{"self":[{"href":"https:\/\/www2.uepg.br\/labrecursoshidricos\/wp-json\/wp\/v2\/pages\/155"}],"collection":[{"href":"https:\/\/www2.uepg.br\/labrecursoshidricos\/wp-json\/wp\/v2\/pages"}],"about":[{"href":"https:\/\/www2.uepg.br\/labrecursoshidricos\/wp-json\/wp\/v2\/types\/page"}],"author":[{"embeddable":true,"href":"https:\/\/www2.uepg.br\/labrecursoshidricos\/wp-json\/wp\/v2\/users\/24"}],"replies":[{"embeddable":true,"href":"https:\/\/www2.uepg.br\/labrecursoshidricos\/wp-json\/wp\/v2\/comments?post=155"}],"version-history":[{"count":7,"href":"https:\/\/www2.uepg.br\/labrecursoshidricos\/wp-json\/wp\/v2\/pages\/155\/revisions"}],"predecessor-version":[{"id":690,"href":"https:\/\/www2.uepg.br\/labrecursoshidricos\/wp-json\/wp\/v2\/pages\/155\/revisions\/690"}],"wp:attachment":[{"href":"https:\/\/www2.uepg.br\/labrecursoshidricos\/wp-json\/wp\/v2\/media?parent=155"}],"curies":[{"name":"wp","href":"https:\/\/api.w.org\/{rel}","templated":true}]}}