{"id":23,"date":"2018-11-06T14:28:58","date_gmt":"2018-11-06T16:28:58","guid":{"rendered":"http:\/\/www2.uepg.br\/labrecursoshidricos\/?page_id=23"},"modified":"2019-05-02T15:44:24","modified_gmt":"2019-05-02T18:44:24","slug":"tipos-de-agua","status":"publish","type":"page","link":"https:\/\/www2.uepg.br\/labrecursoshidricos\/tipos-de-agua\/","title":{"rendered":"Tipos de \u00c1gua"},"content":{"rendered":"<h2 id=\"agua-potavel\">\u00c1gua Pot\u00e1vel<\/h2>\n<p>Atende o estabelecido na <a href=\"http:\/\/www2.uepg.br\/labrecursoshidricos\/wp-content\/uploads\/sites\/9\/2019\/04\/Portaria-de-consolida\u00e7\u00e3o-n\u00b0.5-2017.pdf\">Portaria de consolida\u00e7\u00e3o n\u00b0.5\/2017<\/a>,\u00a0 que disp\u00f5e sobre os procedimentos de controle e de vigil\u00e2ncia da qualidade da \u00e1gua para consumo humano e seu padr\u00e3o de potabilidade. \u00c9 um conjunto de par\u00e2metros permitidos na avalia\u00e7\u00e3o da qualidade da \u00e1gua para consumo humano distribu\u00edda coletivamente por meio de sistema ou solu\u00e7\u00e3o alternativa individual de abastecimento de \u00e1gua. Deve ser objeto de controle e vigil\u00e2ncia da qualidade da \u00e1gua, independente de sua origem, visando redu\u00e7\u00e3o dos riscos \u00e0 sa\u00fade, prevenindo assim doen\u00e7as causadas pela contamina\u00e7\u00e3o bacteriana, como febre tif\u00f3ide, paratif\u00f3ide, c\u00f3lera gastroenterites agudas e diarr\u00e9ias. As an\u00e1lises realizadas em nosso laborat\u00f3rio solicitadas pela portaria para \u00e1gua pot\u00e1vel s\u00e3o: pH, Cor aparente, Turbidez, Cloro residual livre, S\u00f3lidos totais dissolvidos, Fluoreto, Condutividade, Contagem total de bact\u00e9rias, Coliformes Totais e<em> Escherichia coli<\/em>. Segundo determina\u00e7\u00e3o da portaria a \u00e1gua pot\u00e1vel deve estar livre de Coliformes Totais, <em>Escherichia coli<\/em> e quantidades limitadas de bact\u00e9rias heterotr\u00f3ficas.<\/p>\n<h2><\/h2>\n<h2 id=\"agua-poco-artesiano\">\u00c1gua de po\u00e7o artesiano e escavado<\/h2>\n<p>Conforme estabelecido na <a href=\"http:\/\/bvsms.saude.gov.br\/bvs\/saudelegis\/gm\/2017\/prc0005_03_10_2017.html\" target=\"_blank\" rel=\"noopener noreferrer\">Portaria de Consolida\u00e7\u00e3o n\u00ba 5\/2017<\/a>, anexo XX do MS e <a href=\"http:\/\/www2.mma.gov.br\/port\/conama\/legiabre.cfm?codlegi=603\" target=\"_blank\" rel=\"noopener noreferrer\">Portaria n\u00ba 410\/09<\/a> e <a href=\"http:\/\/www2.mma.gov.br\/port\/conama\/legiabre.cfm?codlegi=646\" target=\"_blank\" rel=\"noopener noreferrer\">Portaria n\u00ba430\/11<\/a>, que disp\u00f5e sobre os procedimentos de controle e de vigil\u00e2ncia da qualidade da \u00e1gua para consumo humano e seu padr\u00e3o de potabilidade, buscando a redu\u00e7\u00e3o dos riscos \u00e0 sa\u00fade, e d\u00e1 outras provid\u00eancias, a fim de avaliar a possibilidade de torn\u00e1-la apropriada ao consumo humano. Portanto um monitoramento da qualidade de \u00e1guas \u201cin natura\u201d provenientes de po\u00e7os rasos e fontes, desprotegidos, independente de sua origem, pr\u00f3ximo a foco de contamina\u00e7\u00e3o, onde uma simples observa\u00e7\u00e3o em campo nos indica grande probabilidade da presen\u00e7a de coliformes. As an\u00e1lises realizadas em nosso laborat\u00f3rio solicitadas pela portaria para \u00e1gua de po\u00e7o s\u00e3o: pH, Turbidez, S\u00f3lidos totais dissolvidos, Cor, Condutividade, Contagem total de bact\u00e9rias, Coliformes Totais e <em>Escherichia coli<\/em>. Segundo determina\u00e7\u00e3o da portaria a \u00e1gua pot\u00e1vel deve estar livre de Coliformes Totais e <em>Escherichia coli<\/em> e quantidades limitadas de bact\u00e9rias heterotr\u00f3ficas.<\/p>\n<h2><\/h2>\n<h2 id=\"agua-piscina\">\u00c1gua de piscinas<\/h2>\n<p>A \u00e1gua constitui a mat\u00e9ria prima utilizada em diversos procedimentos que por n\u00e3o se destinarem ao consumo humano, o seu enfoque e padr\u00e3o de qualidade s\u00e3o diferenciados. Alguns pontos considerados cr\u00edticos devem ser priorizados no monitoramento da qualidade da \u00e1gua visando adequa\u00e7\u00e3o a norma <a href=\"http:\/\/labsantoantonio.com.br\/ambientale.com.br\/admin\/assets\/uploads\/NBR_10818_NOV1989_ABNT_%C3%81GUA_DE_PISCINA1.pdf\" target=\"_blank\" rel=\"noopener noreferrer\">ABNT NBR n\u00ba 10818:1989<\/a> e <a href=\"http:\/\/www.saude.pr.gov.br\/arquivos\/File\/Legislacao\/estudual_resolucao\/82rpr53.pdf\" target=\"_blank\" rel=\"noopener noreferrer\">Resolu\u00e7\u00e3o Estadual n\u00ba 53\/1982<\/a>, que estabelece par\u00e2metros para a qualidade da \u00e1gua de piscina, garantindo condi\u00e7\u00f5es para que ela seja utilizada da maneira segura reduzindo riscos \u00e0 sa\u00fade dos usu\u00e1rios. As an\u00e1lises realizadas em nosso laborat\u00f3rio solicitadas pela Resolu\u00e7\u00e3o para \u00e1gua de piscina s\u00e3o: pH, Cloro residual livre, Cor, Turbidez, Coliformes Totais, <em>Escherichia coli<\/em> e Contagem total de bact\u00e9rias.<\/p>\n<h2><\/h2>\n<h2 id=\"agua-purificada\">\u00c1gua purificada \/ \u00c1gua de osmose<\/h2>\n<p>A \u00e1gua de Osmose deve atender os par\u00e2metros estabelecidos pela <a href=\"http:\/\/189.28.128.100\/dab\/docs\/legislacao\/resolucao67_08_10_07.pdf\">Resolu\u00e7\u00e3o 67\/2007<\/a> e a Farmacop\u00e9ia Brasileira 5\u00aa Edi\u00e7\u00e3o. As an\u00e1lises realizadas em nosso laborat\u00f3rio solicitadas pela Resolu\u00e7\u00e3o para \u00e1gua osmose s\u00e3o: pH, Condutividade, Cor aparente, Turbidez, Contagem total de bact\u00e9rias, Coliformes Totais e <em>Escherichia coli.<\/em><\/p>\n<h2><\/h2>\n<h2 id=\"agua-hemodialise\">\u00c1gua para hemodi\u00e1lise<\/h2>\n<p>A \u00e1gua de Hemodi\u00e1lise deve atender os par\u00e2metros estabelecidos pela resolu\u00e7\u00e3o <a href=\"http:\/\/portal.anvisa.gov.br\/documents\/10181\/2867923\/(1)RDC_11_2014_COMP.pdf\/5e552d92-f573-4c54-8cab-b06efa87036e\" target=\"_blank\" rel=\"noopener noreferrer\">RDC n\u00ba11 de 13 de mar\u00e7o de 2014 da ANVISA<\/a>, que estabelece o regulamento t\u00e9cnico para o funcionamento dos servi\u00e7os de di\u00e1lise. Portanto a an\u00e1lise de \u00e1gua \u00e9 um procedimento que se faz necess\u00e1rio na rotina dos hospitais para avaliar a presen\u00e7a de elementos que possam comprometer a sua qualidade. Devido \u00e0 fragilidade dos usu\u00e1rios, as an\u00e1lises precisam ser peri\u00f3dicas e s\u00e3o fundamentais para evitar mais complica\u00e7\u00f5es na sa\u00fade do paciente. As an\u00e1lises realizadas em nosso laborat\u00f3rio solicitadas pela Resolu\u00e7\u00e3o para \u00e1gua de hemodi\u00e1lise s\u00e3o: pH, Cor aparente, Turbidez, Cloro residual livre, Condutividade, Fluoreto, Contagem total de bact\u00e9rias, Coliformes Totais e <em>Escherichia coli<\/em>.<\/p>\n<p>&nbsp;<\/p>\n<p>&nbsp;<\/p>\n","protected":false},"excerpt":{"rendered":"<p>\u00c1gua Pot\u00e1vel Atende o estabelecido na Portaria de consolida\u00e7\u00e3o n\u00b0.5\/2017,\u00a0 que disp\u00f5e sobre os procedimentos de controle e de vigil\u00e2ncia da qualidade da \u00e1gua para consumo humano e seu padr\u00e3o de potabilidade. \u00c9 um conjunto de par\u00e2metros permitidos na avalia\u00e7\u00e3o da qualidade da \u00e1gua para consumo humano distribu\u00edda coletivamente por meio de sistema ou solu\u00e7\u00e3o&nbsp;&hellip;<\/p>\n","protected":false},"author":24,"featured_media":0,"parent":0,"menu_order":0,"comment_status":"closed","ping_status":"closed","template":"","meta":[],"_links":{"self":[{"href":"https:\/\/www2.uepg.br\/labrecursoshidricos\/wp-json\/wp\/v2\/pages\/23"}],"collection":[{"href":"https:\/\/www2.uepg.br\/labrecursoshidricos\/wp-json\/wp\/v2\/pages"}],"about":[{"href":"https:\/\/www2.uepg.br\/labrecursoshidricos\/wp-json\/wp\/v2\/types\/page"}],"author":[{"embeddable":true,"href":"https:\/\/www2.uepg.br\/labrecursoshidricos\/wp-json\/wp\/v2\/users\/24"}],"replies":[{"embeddable":true,"href":"https:\/\/www2.uepg.br\/labrecursoshidricos\/wp-json\/wp\/v2\/comments?post=23"}],"version-history":[{"count":28,"href":"https:\/\/www2.uepg.br\/labrecursoshidricos\/wp-json\/wp\/v2\/pages\/23\/revisions"}],"predecessor-version":[{"id":683,"href":"https:\/\/www2.uepg.br\/labrecursoshidricos\/wp-json\/wp\/v2\/pages\/23\/revisions\/683"}],"wp:attachment":[{"href":"https:\/\/www2.uepg.br\/labrecursoshidricos\/wp-json\/wp\/v2\/media?parent=23"}],"curies":[{"name":"wp","href":"https:\/\/api.w.org\/{rel}","templated":true}]}}