{"id":39,"date":"2018-11-06T15:44:00","date_gmt":"2018-11-06T17:44:00","guid":{"rendered":"http:\/\/www2.uepg.br\/labrecursoshidricos\/?page_id=39"},"modified":"2019-05-02T16:02:01","modified_gmt":"2019-05-02T19:02:01","slug":"portarias-e-resolucoes","status":"publish","type":"page","link":"https:\/\/www2.uepg.br\/labrecursoshidricos\/portarias-e-resolucoes\/","title":{"rendered":"Portarias e resolu\u00e7\u00f5es"},"content":{"rendered":"<p>Utilizamos refer\u00eancias bibliogr\u00e1ficas dos principais \u00f3rg\u00e3os nacionais e internacionais relacionados \u00e0 sa\u00fade: Minist\u00e9rio da Sa\u00fade, Farmacop\u00e9ia Brasileira, Ag\u00eancia Nacional de Vigil\u00e2ncia Sanit\u00e1ria (ANVISA), Normas Brasileiras (NBR) , Standard Methods for the Examination of Water and Wastewater (SMWWE). Segue as normas e legisla\u00e7\u00f5es atendidas:<\/p>\n<p><a href=\"http:\/\/bvsms.saude.gov.br\/bvs\/saudelegis\/gm\/2017\/prc0005_03_10_2017.html\" target=\"_blank\" rel=\"noopener noreferrer\">Portaria de Consolida\u00e7\u00e3o n\u00b0 5\/2017, anexo XX do MS<\/a>, em substitui\u00e7\u00e3o da <a href=\"http:\/\/bvsms.saude.gov.br\/bvs\/saudelegis\/gm\/2011\/prt2914_12_12_2011.html\" target=\"_blank\" rel=\"noopener noreferrer\">Portaria n\u00b0\u00a02914\/11<\/a>. \u00c1gua para consumo humano e seu padr\u00e3o de potabilidade.<\/p>\n<p><a href=\"http:\/\/labsantoantonio.com.br\/ambientale.com.br\/admin\/assets\/uploads\/NBR_10818_NOV1989_ABNT_%C3%81GUA_DE_PISCINA1.pdf\" target=\"_blank\" rel=\"noopener noreferrer\">NBR 10818:89<\/a> Qualidade da \u00e1gua de piscina.<\/p>\n<p><a href=\"http:\/\/labsantoantonio.com.br\/ambientale.com.br\/admin\/assets\/uploads\/NBR_10818_NOV1989_ABNT_%C3%81GUA_DE_PISCINA1.pdf\" target=\"_blank\" rel=\"noopener noreferrer\">Resolu\u00e7\u00e3o Estadual 53\/1982<\/a>\u00a0 Qualidade da \u00e1gua de piscina.<\/p>\n<p><a href=\"http:\/\/portal.anvisa.gov.br\/documents\/10181\/2867923\/(1)RDC_11_2014_COMP.pdf\/5e552d92-f573-4c54-8cab-b06efa87036e\" target=\"_blank\" rel=\"noopener noreferrer\">RDC n\u00b0\u00a011\/2014 da ANVISA<\/a>. Qualidade da \u00e1gua de Hemodi\u00e1lise.<\/p>\n<p><a href=\"http:\/\/bvsms.saude.gov.br\/bvs\/saudelegis\/anvisa\/2007\/res0067_08_10_2007.html\" target=\"_blank\" rel=\"noopener noreferrer\">RDC 67\/2007<\/a> Qualidade da \u00e1gua de Osmose.<\/p>\n<p><a href=\"http:\/\/portal.anvisa.gov.br\/documents\/33832\/260079\/5%C2%AA+edi%C3%A7%C3%A3o+-+Volume+1\/4c530f86-fe83-4c4a-b907-6a96b5c2d2fc\" target=\"_blank\" rel=\"noopener noreferrer\">Farmacop\u00e9ia Brasileira 5\u00ba edi\u00e7\u00e3o, 2010.<\/a><br \/>\nOs insumos farmac\u00eauticos, os medicamentos e outros produtos sujeitos \u00e0 vigil\u00e2ncia sanit\u00e1ria devem atender \u00e0s normas e especifica\u00e7\u00f5es estabelecidas na Farmacopeia Brasileira.<\/p>\n<p><a href=\"http:\/\/www.inmetro.gov.br\/laboratorios\/rble\/docs\/CRL0458.pdf\" target=\"_blank\" rel=\"noopener noreferrer\">SMWWE Standard Methods for the Examination of Water and Wastewater 22\u00aa edi\u00e7\u00e3o, 2012 (APHA). SMEWW &#8211; M\u00e9todos Padr\u00e3o para o Exame de \u00c1gua e Res\u00edduos de \u00c1gua\u00ae<\/a>.\u00a0 Par\u00e2metros metodol\u00f3gicos de an\u00e1lise.<\/p>\n","protected":false},"excerpt":{"rendered":"<p>Utilizamos refer\u00eancias bibliogr\u00e1ficas dos principais \u00f3rg\u00e3os nacionais e internacionais relacionados \u00e0 sa\u00fade: Minist\u00e9rio da Sa\u00fade, Farmacop\u00e9ia Brasileira, Ag\u00eancia Nacional de Vigil\u00e2ncia Sanit\u00e1ria (ANVISA), Normas Brasileiras (NBR) , Standard Methods for the Examination of Water and Wastewater (SMWWE). Segue as normas e legisla\u00e7\u00f5es atendidas: Portaria de Consolida\u00e7\u00e3o n\u00b0 5\/2017, anexo XX do MS, em substitui\u00e7\u00e3o da&nbsp;&hellip;<\/p>\n","protected":false},"author":24,"featured_media":0,"parent":0,"menu_order":0,"comment_status":"closed","ping_status":"closed","template":"","meta":[],"_links":{"self":[{"href":"https:\/\/www2.uepg.br\/labrecursoshidricos\/wp-json\/wp\/v2\/pages\/39"}],"collection":[{"href":"https:\/\/www2.uepg.br\/labrecursoshidricos\/wp-json\/wp\/v2\/pages"}],"about":[{"href":"https:\/\/www2.uepg.br\/labrecursoshidricos\/wp-json\/wp\/v2\/types\/page"}],"author":[{"embeddable":true,"href":"https:\/\/www2.uepg.br\/labrecursoshidricos\/wp-json\/wp\/v2\/users\/24"}],"replies":[{"embeddable":true,"href":"https:\/\/www2.uepg.br\/labrecursoshidricos\/wp-json\/wp\/v2\/comments?post=39"}],"version-history":[{"count":7,"href":"https:\/\/www2.uepg.br\/labrecursoshidricos\/wp-json\/wp\/v2\/pages\/39\/revisions"}],"predecessor-version":[{"id":689,"href":"https:\/\/www2.uepg.br\/labrecursoshidricos\/wp-json\/wp\/v2\/pages\/39\/revisions\/689"}],"wp:attachment":[{"href":"https:\/\/www2.uepg.br\/labrecursoshidricos\/wp-json\/wp\/v2\/media?parent=39"}],"curies":[{"name":"wp","href":"https:\/\/api.w.org\/{rel}","templated":true}]}}