{"id":45,"date":"2018-11-06T15:53:14","date_gmt":"2018-11-06T17:53:14","guid":{"rendered":"http:\/\/www2.uepg.br\/labrecursoshidricos\/?page_id=45"},"modified":"2019-05-02T15:48:57","modified_gmt":"2019-05-02T18:48:57","slug":"relatorios-estatisticos","status":"publish","type":"page","link":"https:\/\/www2.uepg.br\/labrecursoshidricos\/relatorios-estatisticos\/","title":{"rendered":"Relat\u00f3rios Estat\u00edsticos"},"content":{"rendered":"<p>Os procedimentos estat\u00edsticos permitem o tratamento e a an\u00e1lise de um grande n\u00famero de vari\u00e1veis e de observa\u00e7\u00f5es, identificam regras, padr\u00f5es e tend\u00eancias, e t\u00eam o poder de auxiliar na tomada de decis\u00f5es mais precisas e assertivas.<\/p>\n","protected":false},"excerpt":{"rendered":"<p>Os procedimentos estat\u00edsticos permitem o tratamento e a an\u00e1lise de um grande n\u00famero de vari\u00e1veis e de observa\u00e7\u00f5es, identificam regras, padr\u00f5es e tend\u00eancias, e t\u00eam o poder de auxiliar na tomada de decis\u00f5es mais precisas e assertivas.<\/p>\n","protected":false},"author":24,"featured_media":0,"parent":0,"menu_order":0,"comment_status":"closed","ping_status":"closed","template":"","meta":[],"_links":{"self":[{"href":"https:\/\/www2.uepg.br\/labrecursoshidricos\/wp-json\/wp\/v2\/pages\/45"}],"collection":[{"href":"https:\/\/www2.uepg.br\/labrecursoshidricos\/wp-json\/wp\/v2\/pages"}],"about":[{"href":"https:\/\/www2.uepg.br\/labrecursoshidricos\/wp-json\/wp\/v2\/types\/page"}],"author":[{"embeddable":true,"href":"https:\/\/www2.uepg.br\/labrecursoshidricos\/wp-json\/wp\/v2\/users\/24"}],"replies":[{"embeddable":true,"href":"https:\/\/www2.uepg.br\/labrecursoshidricos\/wp-json\/wp\/v2\/comments?post=45"}],"version-history":[{"count":5,"href":"https:\/\/www2.uepg.br\/labrecursoshidricos\/wp-json\/wp\/v2\/pages\/45\/revisions"}],"predecessor-version":[{"id":686,"href":"https:\/\/www2.uepg.br\/labrecursoshidricos\/wp-json\/wp\/v2\/pages\/45\/revisions\/686"}],"wp:attachment":[{"href":"https:\/\/www2.uepg.br\/labrecursoshidricos\/wp-json\/wp\/v2\/media?parent=45"}],"curies":[{"name":"wp","href":"https:\/\/api.w.org\/{rel}","templated":true}]}}