{"id":49,"date":"2018-11-06T15:54:01","date_gmt":"2018-11-06T17:54:01","guid":{"rendered":"http:\/\/www2.uepg.br\/labrecursoshidricos\/?page_id=49"},"modified":"2018-11-06T16:02:31","modified_gmt":"2018-11-06T18:02:31","slug":"documentacao","status":"publish","type":"page","link":"https:\/\/www2.uepg.br\/labrecursoshidricos\/documentacao\/","title":{"rendered":"Documenta\u00e7\u00e3o"},"content":{"rendered":"<p>BOMBEIROS (libera\u00e7\u00e3o \/ selos das certifica\u00e7\u00f5es ou texto)<br \/>\nLicen\u00e7a de funcionamento da Vigil\u00e2ncia Sanit\u00e1ria e bombeiros<br \/>\nControle Integrado de Pragas<\/p>\n","protected":false},"excerpt":{"rendered":"<p>BOMBEIROS (libera\u00e7\u00e3o \/ selos das certifica\u00e7\u00f5es ou texto) Licen\u00e7a de funcionamento da Vigil\u00e2ncia Sanit\u00e1ria e bombeiros Controle Integrado de Pragas<\/p>\n","protected":false},"author":24,"featured_media":0,"parent":0,"menu_order":0,"comment_status":"closed","ping_status":"closed","template":"","meta":[],"_links":{"self":[{"href":"https:\/\/www2.uepg.br\/labrecursoshidricos\/wp-json\/wp\/v2\/pages\/49"}],"collection":[{"href":"https:\/\/www2.uepg.br\/labrecursoshidricos\/wp-json\/wp\/v2\/pages"}],"about":[{"href":"https:\/\/www2.uepg.br\/labrecursoshidricos\/wp-json\/wp\/v2\/types\/page"}],"author":[{"embeddable":true,"href":"https:\/\/www2.uepg.br\/labrecursoshidricos\/wp-json\/wp\/v2\/users\/24"}],"replies":[{"embeddable":true,"href":"https:\/\/www2.uepg.br\/labrecursoshidricos\/wp-json\/wp\/v2\/comments?post=49"}],"version-history":[{"count":2,"href":"https:\/\/www2.uepg.br\/labrecursoshidricos\/wp-json\/wp\/v2\/pages\/49\/revisions"}],"predecessor-version":[{"id":59,"href":"https:\/\/www2.uepg.br\/labrecursoshidricos\/wp-json\/wp\/v2\/pages\/49\/revisions\/59"}],"wp:attachment":[{"href":"https:\/\/www2.uepg.br\/labrecursoshidricos\/wp-json\/wp\/v2\/media?parent=49"}],"curies":[{"name":"wp","href":"https:\/\/api.w.org\/{rel}","templated":true}]}}