{"id":66,"date":"2018-11-06T16:05:15","date_gmt":"2018-11-06T18:05:15","guid":{"rendered":"http:\/\/www2.uepg.br\/labrecursoshidricos\/?page_id=66"},"modified":"2019-05-03T10:15:38","modified_gmt":"2019-05-03T13:15:38","slug":"servicos","status":"publish","type":"page","link":"https:\/\/www2.uepg.br\/labrecursoshidricos\/servicos\/","title":{"rendered":"Servi\u00e7os"},"content":{"rendered":"<p>O LPRH realiza an\u00e1lises f\u00edsico-qu\u00edmicas e bacteriol\u00f3gicas dos diversos tipos de \u00e1gua (pot\u00e1vel, po\u00e7o, piscina, osmose e hemodi\u00e1lise atendendo entidades como: prefeituras, empresas, ind\u00fastrias, hospitais, farm\u00e1cias, cl\u00ednicas, restaurantes, lanchonetes, mercados, condom\u00ednios, clubes, escolas, farm\u00e1cias de manipula\u00e7\u00e3o, fazendas, particulares, etc.). Desde a coleta da amostra at\u00e9 a entrega do resultado, atendendo \u00f3rg\u00e3os como: Minist\u00e9rio da Sa\u00fade, Vigil\u00e2ncia Sanit\u00e1ria, SMEWW, normas e portarias vigentes.<\/p>\n<p><a href=\"http:\/\/www2.uepg.br\/labrecursoshidricos\/laboratorio-fisico-quimico\/\">Laborat\u00f3rio F\u00edsico-Qu\u00edmico<\/a><\/p>\n<ul>\n<li><a href=\"http:\/\/www2.uepg.br\/labrecursoshidricos\/laboratorio-fisico-quimico#analises\">An\u00e1lises Realizadas<\/a><\/li>\n<li><a href=\"http:\/\/www2.uepg.br\/labrecursoshidricos\/laboratorio-fisico-quimico#equipamentos\">Equipamentos<\/a><\/li>\n<\/ul>\n<p><a href=\"http:\/\/www2.uepg.br\/labrecursoshidricos\/laboratorio-bacteriologico\/\">Laborat\u00f3rio Bacteriol\u00f3gico<\/a><\/p>\n<ul>\n<li><a href=\"http:\/\/www2.uepg.br\/labrecursoshidricos\/laboratorio-bacteriologico#analises\">An\u00e1lises Realizadas<\/a><\/li>\n<li><a href=\"http:\/\/www2.uepg.br\/labrecursoshidricos\/laboratorio-bacteriologico#equipamentos\">Equipamentos<\/a><\/li>\n<\/ul>\n","protected":false},"excerpt":{"rendered":"<p>O LPRH realiza an\u00e1lises f\u00edsico-qu\u00edmicas e bacteriol\u00f3gicas dos diversos tipos de \u00e1gua (pot\u00e1vel, po\u00e7o, piscina, osmose e hemodi\u00e1lise atendendo entidades como: prefeituras, empresas, ind\u00fastrias, hospitais, farm\u00e1cias, cl\u00ednicas, restaurantes, lanchonetes, mercados, condom\u00ednios, clubes, escolas, farm\u00e1cias de manipula\u00e7\u00e3o, fazendas, particulares, etc.). Desde a coleta da amostra at\u00e9 a entrega do resultado, atendendo \u00f3rg\u00e3os como: Minist\u00e9rio da Sa\u00fade,&nbsp;&hellip;<\/p>\n","protected":false},"author":24,"featured_media":0,"parent":0,"menu_order":0,"comment_status":"closed","ping_status":"closed","template":"","meta":[],"_links":{"self":[{"href":"https:\/\/www2.uepg.br\/labrecursoshidricos\/wp-json\/wp\/v2\/pages\/66"}],"collection":[{"href":"https:\/\/www2.uepg.br\/labrecursoshidricos\/wp-json\/wp\/v2\/pages"}],"about":[{"href":"https:\/\/www2.uepg.br\/labrecursoshidricos\/wp-json\/wp\/v2\/types\/page"}],"author":[{"embeddable":true,"href":"https:\/\/www2.uepg.br\/labrecursoshidricos\/wp-json\/wp\/v2\/users\/24"}],"replies":[{"embeddable":true,"href":"https:\/\/www2.uepg.br\/labrecursoshidricos\/wp-json\/wp\/v2\/comments?post=66"}],"version-history":[{"count":9,"href":"https:\/\/www2.uepg.br\/labrecursoshidricos\/wp-json\/wp\/v2\/pages\/66\/revisions"}],"predecessor-version":[{"id":726,"href":"https:\/\/www2.uepg.br\/labrecursoshidricos\/wp-json\/wp\/v2\/pages\/66\/revisions\/726"}],"wp:attachment":[{"href":"https:\/\/www2.uepg.br\/labrecursoshidricos\/wp-json\/wp\/v2\/media?parent=66"}],"curies":[{"name":"wp","href":"https:\/\/api.w.org\/{rel}","templated":true}]}}