{"id":134,"date":"2020-11-11T14:25:43","date_gmt":"2020-11-11T17:25:43","guid":{"rendered":"http:\/\/www2.uepg.br\/lama\/?page_id=134"},"modified":"2025-03-31T11:54:51","modified_gmt":"2025-03-31T14:54:51","slug":"contato","status":"publish","type":"page","link":"https:\/\/www2.uepg.br\/lama\/contato\/","title":{"rendered":"Contato"},"content":{"rendered":"<p style=\"text-align: center\">Laborat\u00f3rio de Mecaniza\u00e7\u00e3o Agr\u00edcola (Lama)<\/p>\n<p style=\"text-align: center\">Telefone<\/p>\n<p style=\"text-align: center\"><span class=\"OYPEnA text-decoration-none text-strikethrough-none\">(42) 3220-3092<\/span><\/p>\n<p style=\"text-align: center\">E-mail<\/p>\n<p style=\"text-align: center\">lama@uepg.br<\/p>\n<p style=\"text-align: center\">Instagram<\/p>\n<p style=\"text-align: center\">@lamauepg<\/p>\n<p>&nbsp;<\/p>\n<p style=\"text-align: center\">Paran\u00e1 Mais Org\u00e2nico (PMO)<\/p>\n<p style=\"text-align: center\">Telefone<\/p>\n<p style=\"text-align: center\">(42) 99936-7469<\/p>\n<p style=\"text-align: center\">E-mail<\/p>\n<p style=\"text-align: center\">nucleouepgparanamaisorganico@gmail.com<\/p>\n<p style=\"text-align: center\">Instagram<\/p>\n<p style=\"text-align: center\">@pmo_uepg<\/p>\n<p>&nbsp;<\/p>\n<p>&nbsp;<\/p>\n<p>&nbsp;<\/p>\n<p>&nbsp;<\/p>\n<p>&nbsp;<\/p>\n<p>&nbsp;<\/p>\n<p>&nbsp;<\/p>\n<p>&nbsp;<\/p>\n<p>&nbsp;<\/p>\n","protected":false},"excerpt":{"rendered":"<p>Laborat\u00f3rio de Mecaniza\u00e7\u00e3o Agr\u00edcola (Lama) Telefone (42) 3220-3092 E-mail lama@uepg.br Instagram @lamauepg &nbsp; Paran\u00e1 Mais Org\u00e2nico (PMO) Telefone (42) 99936-7469 E-mail nucleouepgparanamaisorganico@gmail.com Instagram @pmo_uepg &nbsp; &nbsp; &nbsp; &nbsp; &nbsp; &nbsp; &nbsp; &nbsp; &nbsp;<\/p>\n","protected":false},"author":24,"featured_media":429,"parent":0,"menu_order":0,"comment_status":"closed","ping_status":"closed","template":"","meta":[],"_links":{"self":[{"href":"https:\/\/www2.uepg.br\/lama\/wp-json\/wp\/v2\/pages\/134"}],"collection":[{"href":"https:\/\/www2.uepg.br\/lama\/wp-json\/wp\/v2\/pages"}],"about":[{"href":"https:\/\/www2.uepg.br\/lama\/wp-json\/wp\/v2\/types\/page"}],"author":[{"embeddable":true,"href":"https:\/\/www2.uepg.br\/lama\/wp-json\/wp\/v2\/users\/24"}],"replies":[{"embeddable":true,"href":"https:\/\/www2.uepg.br\/lama\/wp-json\/wp\/v2\/comments?post=134"}],"version-history":[{"count":6,"href":"https:\/\/www2.uepg.br\/lama\/wp-json\/wp\/v2\/pages\/134\/revisions"}],"predecessor-version":[{"id":757,"href":"https:\/\/www2.uepg.br\/lama\/wp-json\/wp\/v2\/pages\/134\/revisions\/757"}],"wp:featuredmedia":[{"embeddable":true,"href":"https:\/\/www2.uepg.br\/lama\/wp-json\/wp\/v2\/media\/429"}],"wp:attachment":[{"href":"https:\/\/www2.uepg.br\/lama\/wp-json\/wp\/v2\/media?parent=134"}],"curies":[{"name":"wp","href":"https:\/\/api.w.org\/{rel}","templated":true}]}}