{"id":140,"date":"2022-12-09T10:31:46","date_gmt":"2022-12-09T13:31:46","guid":{"rendered":"https:\/\/www2.uepg.br\/lefopeh\/?page_id=140"},"modified":"2024-07-25T14:46:35","modified_gmt":"2024-07-25T17:46:35","slug":"quem-somos","status":"publish","type":"page","link":"https:\/\/www2.uepg.br\/lefopeh\/quem-somos\/","title":{"rendered":"Quem somos"},"content":{"rendered":"<p>O Laborat\u00f3rio de Estudos sobre Forma\u00e7\u00e3o de Professores e Ensino de Hist\u00f3ria &#8211; LEFOPEH foi criado, em 2018, para reunir pesquisadores, professores, e estudantes da gradua\u00e7\u00e3o e p\u00f3s-gradua\u00e7\u00e3o interessados em discutir, investigar e atuar sobre temas relacionados \u00e0 forma\u00e7\u00e3o de professores de Hist\u00f3ria e o ensino de Hist\u00f3ria. \u00c9 um espa\u00e7o para realiza\u00e7\u00e3o e difus\u00e3o de estudos, pesquisas, cursos, forma\u00e7\u00f5es, eventos e atividades que possam articular pessoas, grupos e institui\u00e7\u00f5es, sobre temas relacionados \u00e0 forma\u00e7\u00e3o dos docentes de Hist\u00f3ria, sobre a escrita da Hist\u00f3ria escolar e acerca da hist\u00f3ria proposta, ensinada e aprendida nas escolas. Al\u00e9m disso, o LEFOPEH, est\u00e1 construindo um acervo f\u00edsico e digital de livros escolares e de forma\u00e7\u00e3o de professores que estar\u00e1 dispon\u00edvel para pesquisa. O grupo de pesquisa est\u00e1 cadastrado no <a href=\"http:\/\/dgp.cnpq.br\/dgp\/espelhogrupo\/7504259998436906\" target=\"_blank\" rel=\"noopener\">Diret\u00f3rio dos Grupos de Pesquisa no Brasil Lattes.<\/a><\/p>\n<p>Grupo coordenado por:<\/p>\n<p>Prof Paulo Eduardo Dias de Mello<\/p>\n<p>Prof\u00aa Angela Ribeiro Ferreira<\/p>\n","protected":false},"excerpt":{"rendered":"<p>O Laborat\u00f3rio de Estudos sobre Forma\u00e7\u00e3o de Professores e Ensino de Hist\u00f3ria &#8211; LEFOPEH foi criado, em 2018, para reunir pesquisadores, professores, e estudantes da gradua\u00e7\u00e3o e p\u00f3s-gradua\u00e7\u00e3o interessados em discutir, investigar e atuar sobre temas relacionados \u00e0 forma\u00e7\u00e3o de professores de Hist\u00f3ria e o ensino de Hist\u00f3ria. \u00c9 um espa\u00e7o para realiza\u00e7\u00e3o e difus\u00e3o&nbsp;&hellip;<\/p>\n","protected":false},"author":582,"featured_media":129,"parent":0,"menu_order":0,"comment_status":"closed","ping_status":"closed","template":"","meta":[],"_links":{"self":[{"href":"https:\/\/www2.uepg.br\/lefopeh\/wp-json\/wp\/v2\/pages\/140"}],"collection":[{"href":"https:\/\/www2.uepg.br\/lefopeh\/wp-json\/wp\/v2\/pages"}],"about":[{"href":"https:\/\/www2.uepg.br\/lefopeh\/wp-json\/wp\/v2\/types\/page"}],"author":[{"embeddable":true,"href":"https:\/\/www2.uepg.br\/lefopeh\/wp-json\/wp\/v2\/users\/582"}],"replies":[{"embeddable":true,"href":"https:\/\/www2.uepg.br\/lefopeh\/wp-json\/wp\/v2\/comments?post=140"}],"version-history":[{"count":5,"href":"https:\/\/www2.uepg.br\/lefopeh\/wp-json\/wp\/v2\/pages\/140\/revisions"}],"predecessor-version":[{"id":320,"href":"https:\/\/www2.uepg.br\/lefopeh\/wp-json\/wp\/v2\/pages\/140\/revisions\/320"}],"wp:featuredmedia":[{"embeddable":true,"href":"https:\/\/www2.uepg.br\/lefopeh\/wp-json\/wp\/v2\/media\/129"}],"wp:attachment":[{"href":"https:\/\/www2.uepg.br\/lefopeh\/wp-json\/wp\/v2\/media?parent=140"}],"curies":[{"name":"wp","href":"https:\/\/api.w.org\/{rel}","templated":true}]}}