{"id":141,"date":"2022-12-09T10:31:47","date_gmt":"2022-12-09T13:31:47","guid":{"rendered":"https:\/\/www2.uepg.br\/lefopeh\/?page_id=141"},"modified":"2022-12-09T11:04:43","modified_gmt":"2022-12-09T14:04:43","slug":"nossos-objetivos","status":"publish","type":"page","link":"https:\/\/www2.uepg.br\/lefopeh\/nossos-objetivos\/","title":{"rendered":"Nossos objetivos"},"content":{"rendered":"<p>\nO LEFOPEH tem como objetivos: <\/p>\n<ol style=\"text-align: justify; text-justify: inter-word;\">\n<li>Reunir pesquisadores e grupos de pesquisa atrav\u00e9s de pesquisas (locais e interinstitucionais), e projetos de extens\u00e3o sobre Forma\u00e7\u00e3o de Professores, Ensino de Hist\u00f3ria e a escrita hist\u00f3rica escolar;<\/li>\n<p><\/p>\n<li>Produzir e difundir conhecimento sobre a forma\u00e7\u00e3o de professores de Hist\u00f3ria, sobre a escrita da Hist\u00f3ria escolar e o ensino e aprendizagem da disciplina no espa\u00e7o escolar;<\/li>\n<p><\/p>\n<li>Realizar a\u00e7\u00f5es que integrem a forma\u00e7\u00e3o de pesquisadores (desde a inicia\u00e7\u00e3o cient\u00edfica at\u00e9 a p\u00f3s-gradua\u00e7\u00e3o: mestrado profissional em Ensino de Hist\u00f3ria) com a forma\u00e7\u00e3o continuada de docentes da educa\u00e7\u00e3o b\u00e1sica;<\/li>\n<p><\/p>\n<li>Realizar levantamentos e organiza\u00e7\u00e3o de acervos f\u00edsicos, e reposit\u00f3rios e cat\u00e1logos digitais de fontes (especialmente o livro did\u00e1tico) e bibliografia especializada que forne\u00e7am subs\u00eddios para pesquisas em torno da Hist\u00f3ria da forma\u00e7\u00e3o de Professores, da Hist\u00f3ria do Ensino de Hist\u00f3ria no Brasil; e sobre a trajet\u00f3ria da produ\u00e7\u00e3o, circula\u00e7\u00e3o e difus\u00e3o de escritas da Hist\u00f3ria escolar;<\/li>\n<p><\/p>\n<li>Acompanhar, atuar e intervir em pol\u00edticas p\u00fablicas de forma\u00e7\u00e3o inicial e continuada de professores de Hist\u00f3ria; em pol\u00edticas curriculares que afetam a disciplina de Hist\u00f3ria; e pol\u00edticas e pr\u00e1ticas de difus\u00e3o da escrita hist\u00f3rica escolar.<\/li>\n<\/ol>\n","protected":false},"excerpt":{"rendered":"<p>O LEFOPEH tem como objetivos: Reunir pesquisadores e grupos de pesquisa atrav\u00e9s de pesquisas (locais e interinstitucionais), e projetos de extens\u00e3o sobre Forma\u00e7\u00e3o de Professores, Ensino de Hist\u00f3ria e a escrita hist\u00f3rica escolar; Produzir e difundir conhecimento sobre a forma\u00e7\u00e3o de professores de Hist\u00f3ria, sobre a escrita da Hist\u00f3ria escolar e o ensino e aprendizagem&nbsp;&hellip;<\/p>\n","protected":false},"author":582,"featured_media":129,"parent":0,"menu_order":0,"comment_status":"closed","ping_status":"closed","template":"","meta":[],"_links":{"self":[{"href":"https:\/\/www2.uepg.br\/lefopeh\/wp-json\/wp\/v2\/pages\/141"}],"collection":[{"href":"https:\/\/www2.uepg.br\/lefopeh\/wp-json\/wp\/v2\/pages"}],"about":[{"href":"https:\/\/www2.uepg.br\/lefopeh\/wp-json\/wp\/v2\/types\/page"}],"author":[{"embeddable":true,"href":"https:\/\/www2.uepg.br\/lefopeh\/wp-json\/wp\/v2\/users\/582"}],"replies":[{"embeddable":true,"href":"https:\/\/www2.uepg.br\/lefopeh\/wp-json\/wp\/v2\/comments?post=141"}],"version-history":[{"count":6,"href":"https:\/\/www2.uepg.br\/lefopeh\/wp-json\/wp\/v2\/pages\/141\/revisions"}],"predecessor-version":[{"id":242,"href":"https:\/\/www2.uepg.br\/lefopeh\/wp-json\/wp\/v2\/pages\/141\/revisions\/242"}],"wp:featuredmedia":[{"embeddable":true,"href":"https:\/\/www2.uepg.br\/lefopeh\/wp-json\/wp\/v2\/media\/129"}],"wp:attachment":[{"href":"https:\/\/www2.uepg.br\/lefopeh\/wp-json\/wp\/v2\/media?parent=141"}],"curies":[{"name":"wp","href":"https:\/\/api.w.org\/{rel}","templated":true}]}}