{"id":142,"date":"2022-12-09T10:31:47","date_gmt":"2022-12-09T13:31:47","guid":{"rendered":"https:\/\/www2.uepg.br\/lefopeh\/?page_id=142"},"modified":"2022-12-09T11:04:03","modified_gmt":"2022-12-09T14:04:03","slug":"linhas-de-pesquisa","status":"publish","type":"page","link":"https:\/\/www2.uepg.br\/lefopeh\/linhas-de-pesquisa\/","title":{"rendered":"Linhas de pesquisa"},"content":{"rendered":"<p>\nO LEFOPEH desenvolve pesquisas em tr\u00eas linhas que se entrela\u00e7am: <\/p>\n<ol style=\"text-align: justify; text-justify: inter-word;\">\n<li><b>Forma\u00e7\u00e3o de Professores de Hist\u00f3ria.<\/b> Compreendendo investiga\u00e7\u00f5es na contemporaneidade e historicamente, sobre os processos de forma\u00e7\u00e3o inicial e continuada de professores de Hist\u00f3ria, os prop\u00f3sitos enunciados, as experi\u00eancias e mem\u00f3rias formativas, as pr\u00e1ticas e mem\u00f3rias das formas de inser\u00e7\u00e3o e atua\u00e7\u00e3o na profiss\u00e3o, os desafios e as tecnologias de controle da profiss\u00e3o e suas resist\u00eancias na luta por uma forma\u00e7\u00e3o hist\u00f3rica cr\u00edtica desde a escola;<\/li>\n<p><\/p>\n<li><b>Hist\u00f3ria do Ensino de Hist\u00f3ria.<\/b> Envolve estudos sobre a constitui\u00e7\u00e3o e mudan\u00e7as hist\u00f3ricas do ensino de Hist\u00f3ria, bem como levantamento e organiza\u00e7\u00e3o de suas principais fontes, quais sejam: legisla\u00e7\u00e3o educacional, curr\u00edculos, livros did\u00e1ticos, materiais did\u00e1ticos diversos;<\/li>\n<p><\/p>\n<li><b>Escrita da Hist\u00f3ria escolar.<\/b> Busca investigar historicamente e em perspectiva comparada problemas e temas relacionados aos processos de escrita da Hist\u00f3ria escolar, ou seja, do conhecimento hist\u00f3rico que \u00e9 produzido para o meio escolar, e que analisem conte\u00fados e formas de produ\u00e7\u00e3o, circula\u00e7\u00e3o, apropria\u00e7\u00f5es e seus usos em suportes como livros did\u00e1ticos e recursos pedag\u00f3gicos para o ensino de Hist\u00f3ria;<\/li>\n<\/ol>\n","protected":false},"excerpt":{"rendered":"<p>O LEFOPEH desenvolve pesquisas em tr\u00eas linhas que se entrela\u00e7am: Forma\u00e7\u00e3o de Professores de Hist\u00f3ria. Compreendendo investiga\u00e7\u00f5es na contemporaneidade e historicamente, sobre os processos de forma\u00e7\u00e3o inicial e continuada de professores de Hist\u00f3ria, os prop\u00f3sitos enunciados, as experi\u00eancias e mem\u00f3rias formativas, as pr\u00e1ticas e mem\u00f3rias das formas de inser\u00e7\u00e3o e atua\u00e7\u00e3o na profiss\u00e3o, os desafios&nbsp;&hellip;<\/p>\n","protected":false},"author":582,"featured_media":0,"parent":0,"menu_order":0,"comment_status":"closed","ping_status":"closed","template":"","meta":[],"_links":{"self":[{"href":"https:\/\/www2.uepg.br\/lefopeh\/wp-json\/wp\/v2\/pages\/142"}],"collection":[{"href":"https:\/\/www2.uepg.br\/lefopeh\/wp-json\/wp\/v2\/pages"}],"about":[{"href":"https:\/\/www2.uepg.br\/lefopeh\/wp-json\/wp\/v2\/types\/page"}],"author":[{"embeddable":true,"href":"https:\/\/www2.uepg.br\/lefopeh\/wp-json\/wp\/v2\/users\/582"}],"replies":[{"embeddable":true,"href":"https:\/\/www2.uepg.br\/lefopeh\/wp-json\/wp\/v2\/comments?post=142"}],"version-history":[{"count":3,"href":"https:\/\/www2.uepg.br\/lefopeh\/wp-json\/wp\/v2\/pages\/142\/revisions"}],"predecessor-version":[{"id":241,"href":"https:\/\/www2.uepg.br\/lefopeh\/wp-json\/wp\/v2\/pages\/142\/revisions\/241"}],"wp:attachment":[{"href":"https:\/\/www2.uepg.br\/lefopeh\/wp-json\/wp\/v2\/media?parent=142"}],"curies":[{"name":"wp","href":"https:\/\/api.w.org\/{rel}","templated":true}]}}