{"id":146,"date":"2022-12-09T10:31:47","date_gmt":"2022-12-09T13:31:47","guid":{"rendered":"https:\/\/www2.uepg.br\/lefopeh\/?page_id=146"},"modified":"2024-08-10T00:55:24","modified_gmt":"2024-08-10T03:55:24","slug":"projetos-de-iniciacao-cientifica","status":"publish","type":"page","link":"https:\/\/www2.uepg.br\/lefopeh\/projetos-de-iniciacao-cientifica\/","title":{"rendered":"Projetos de Inicia\u00e7\u00e3o Cient\u00edfica"},"content":{"rendered":"<p><a href=\"https:\/\/docs.google.com\/document\/d\/e\/2PACX-1vTd3X3MC_Naba-Y7Vu_HSHA3OCybEPxY7CQxXpwIJUGMxirGXElQZIU1VDDbFZmeOimakou8QJa8QrQ\/pub\">A Representa\u00e7\u00e3o dos Caboclos nos Livros Did\u00e1ticos de Hist\u00f3ria do Paran\u00e1 entre 1900 e 1930.\u00a0<\/a> Autor: F\u00e1bio Eduardo Santana da Silva; Orientador: Paulo Eduardo Dias de Mello<\/p>\n<p><a href=\"https:\/\/docs.google.com\/document\/d\/e\/2PACX-1vT9zisM6dIOv48QGsxJpJStIWzMdp_FnsN3GLV8dss9-hVm_6M6qkHu7SbjWikXNePweMD-5y7wMEzO\/pub\">Pessoas com defici\u00eancia no ensino de Hist\u00f3ria: o que trazem livros did\u00e1ticos e curr\u00edculos?<\/a>\u00a0 Autor: Nicolas Costiuk do Canto Saks; Orientador: Paulo Eduardo Dias de Mello<\/p>\n<p><a href=\"https:\/\/docs.google.com\/document\/d\/e\/2PACX-1vQ-eHLTTXIrP-jZW_SaHQaIi_Bc42bptw9afTocmDHBkYzHOK6fr8IM5GtNBuMWxDqJZF6UniSqtTx3\/pub\">Teorias decoloniais e a produ\u00e7\u00e3o did\u00e1tica de Hist\u00f3ria no PNLD 2024<\/a> Autora: Ana Clara Bouzan Franco; Orientador: Paulo Eduardo Dias de Mello<\/p>\n<p><a href=\"https:\/\/docs.google.com\/document\/d\/e\/2PACX-1vTH9vlsUII3Xr_nbSpNppp10JLAl27n7RWHtEQJhxGeejrMcdMohRCtPIAfYVXTP8sYHtdhcqurPg0c\/pub\">Vozes Ind\u00edgenas na Hist\u00f3ria &#8211; Um Estudo Comparativo de Narrativas Did\u00e1ticas<\/a>. Autora: Julie Thamiris Garcia Marques; Orientador: Paulo Eduardo Dias de Mello<\/p>\n","protected":false},"excerpt":{"rendered":"<p>A Representa\u00e7\u00e3o dos Caboclos nos Livros Did\u00e1ticos de Hist\u00f3ria do Paran\u00e1 entre 1900 e 1930.\u00a0 Autor: F\u00e1bio Eduardo Santana da Silva; Orientador: Paulo Eduardo Dias de Mello Pessoas com defici\u00eancia no ensino de Hist\u00f3ria: o que trazem livros did\u00e1ticos e curr\u00edculos?\u00a0 Autor: Nicolas Costiuk do Canto Saks; Orientador: Paulo Eduardo Dias de Mello Teorias decoloniais&nbsp;&hellip;<\/p>\n","protected":false},"author":582,"featured_media":0,"parent":0,"menu_order":0,"comment_status":"closed","ping_status":"closed","template":"","meta":[],"_links":{"self":[{"href":"https:\/\/www2.uepg.br\/lefopeh\/wp-json\/wp\/v2\/pages\/146"}],"collection":[{"href":"https:\/\/www2.uepg.br\/lefopeh\/wp-json\/wp\/v2\/pages"}],"about":[{"href":"https:\/\/www2.uepg.br\/lefopeh\/wp-json\/wp\/v2\/types\/page"}],"author":[{"embeddable":true,"href":"https:\/\/www2.uepg.br\/lefopeh\/wp-json\/wp\/v2\/users\/582"}],"replies":[{"embeddable":true,"href":"https:\/\/www2.uepg.br\/lefopeh\/wp-json\/wp\/v2\/comments?post=146"}],"version-history":[{"count":7,"href":"https:\/\/www2.uepg.br\/lefopeh\/wp-json\/wp\/v2\/pages\/146\/revisions"}],"predecessor-version":[{"id":345,"href":"https:\/\/www2.uepg.br\/lefopeh\/wp-json\/wp\/v2\/pages\/146\/revisions\/345"}],"wp:attachment":[{"href":"https:\/\/www2.uepg.br\/lefopeh\/wp-json\/wp\/v2\/media?parent=146"}],"curies":[{"name":"wp","href":"https:\/\/api.w.org\/{rel}","templated":true}]}}