{"id":150,"date":"2022-12-09T10:31:47","date_gmt":"2022-12-09T13:31:47","guid":{"rendered":"https:\/\/www2.uepg.br\/lefopeh\/?page_id=150"},"modified":"2025-07-31T10:51:26","modified_gmt":"2025-07-31T13:51:26","slug":"projeto-regente-feijo","status":"publish","type":"page","link":"https:\/\/www2.uepg.br\/lefopeh\/projeto-regente-feijo\/","title":{"rendered":"Museu Escolar Regente Feij\u00f3"},"content":{"rendered":"<p><strong>O Projeto:<\/strong><\/p>\n<p>Este projeto visa a restaura\u00e7\u00e3o, manuten\u00e7\u00e3o, cataloga\u00e7\u00e3o e exposi\u00e7\u00e3o do acervo hist\u00f3rico do Museu Escolar do Col\u00e9gio Estadual Regente Feij\u00f3, dada a sua import\u00e2ncia na hist\u00f3ria da educa\u00e7\u00e3o, n\u00e3o apenas na cidade, como tamb\u00e9m no estado do Paran\u00e1, e no Brasil como um todo, por possibilitar a an\u00e1lise dos variados modelos educacionais existentes no pa\u00eds ao longo do \u00faltimo s\u00e9culo. O museu, tamb\u00e9m serve como espa\u00e7o de mem\u00f3ria, especialmente para os ex-alunos que ali trilharam sua caminhada escolar, al\u00e9m de ser um projeto de extens\u00e3o, ligando o ensino b\u00e1sico ao superior.<\/p>\n<p>&nbsp;<\/p>\n<p><strong>O Acervo:<\/strong><\/p>\n<p>H\u00e1 mais de <strong>190 itens tridimensionais<\/strong>, entre materiais did\u00e1ticos, paradid\u00e1ticos e materiais de secretaria. Parte destes objetos, veio da Fran\u00e7a na d\u00e9cada de 1940, produzidos por \u00c9mile Deyrolle, importante produtor e comerciante de materiais did\u00e1ticos. A listagem de objetos pode ser acessada, <a href=\"https:\/\/docs.google.com\/spreadsheets\/d\/e\/2PACX-1vSPZzAjEcV6-z_9EY2kqd70HZ2k4VHKxwAGcodSn-t2kIQ6vYY8tz2hLfkVX9DUig\/pubhtml?gid=1624692536&amp;single=true\">clicando aqui<\/a><\/p>\n<p>Al\u00e9m dos objetos, o acervo conta com aproximadamente <strong>200 fotografias<\/strong> de diferentes \u00e9pocas, que revelam o cotidiano dos alunos, al\u00e9m das mudan\u00e7as ocorridas no col\u00e9gio e nos seus arredores.<\/p>\n<p><img loading=\"lazy\" class=\"wp-image-287 aligncenter\" src=\"https:\/\/www2.uepg.br\/lefopeh\/wp-content\/uploads\/sites\/262\/2024\/07\/Sala-de-Aula-3.jpg\" alt=\"\" width=\"855\" height=\"481\" \/><\/p>\n<p><img loading=\"lazy\" class=\"aligncenter wp-image-286\" src=\"https:\/\/www2.uepg.br\/lefopeh\/wp-content\/uploads\/sites\/262\/2024\/07\/IMG-20190917-WA0004.jpg\" alt=\"A Sala de Exposi\u00e7\u00e3o, foi montada para se parecer com uma sala de aula da d\u00e9cada de 40\" width=\"854\" height=\"415\" \/><\/p>\n<h6 style=\"text-align: center\">A Sala de Exposi\u00e7\u00e3o, foi montada para se parecer com uma sala de aula da d\u00e9cada de 40.<\/h6>\n<p><strong>O Museu:<\/strong><\/p>\n<p>Iniciado em 2016, o projeto inicial, envolvia a higieniza\u00e7\u00e3o dos objetos do acervo, que foram fotografados e expostos em uma das salas do col\u00e9gio. Mais a frente, por circunstancias externas, o museu foi desmontado, e realocado para o subsolo do pr\u00e9dio. Em 2022, o acervo passou por um novo projeto de pesquisa, desta vez envolvendo alunos inscritos no PIBIC-JR UEPG daquele ano, com o auxilio de alunos da gradua\u00e7\u00e3o de Licenciatura em Hist\u00f3ria.<\/p>\n<p>Como resultado, em 2023, todo o acervo foi catalogado e descrito atrav\u00e9s das fotografias j\u00e1 realizadas. Parte do acervo documental do col\u00e9gio, foi publicado na pagina do Instagram:\u00a0<a href=\"https:\/\/www.instagram.com\/museu_regente?utm_source=ig_web_button_share_sheet&amp;igsh=ZDNlZDc0MzIxNw==\">Museu Regente Feij\u00f3<\/a>.<\/p>\n<p>Em seguida, novamente unificando esfor\u00e7os entre alunos do Col\u00e9gio e da gradua\u00e7\u00e3o, o museu passou por um extenso processo de reorganiza\u00e7\u00e3o, montagem e estrutura\u00e7\u00e3o durante 2024 e 2025, sendo finalmente inaugurado no dia 06\/08\/2025 e atualmente est\u00e1 aberto para visita\u00e7\u00e3o via agendamento atrav\u00e9s do link:\u00a0<a href=\"https:\/\/forms.gle\/D3Ng1yBXSDmqTNVU8\">Formul\u00e1rio para Agendamento<\/a><\/p>\n<p>&nbsp;<\/p>\n<p>Respons\u00e1veis pelo projeto:<\/p>\n<p>Prof. Paulo Eduardo Dias de Mello<\/p>\n<p>Prof\u00aa. Angela Ribeiro Ferreira<\/p>\n","protected":false},"excerpt":{"rendered":"<p>O Projeto: Este projeto visa a restaura\u00e7\u00e3o, manuten\u00e7\u00e3o, cataloga\u00e7\u00e3o e exposi\u00e7\u00e3o do acervo hist\u00f3rico do Museu Escolar do Col\u00e9gio Estadual Regente Feij\u00f3, dada a sua import\u00e2ncia na hist\u00f3ria da educa\u00e7\u00e3o, n\u00e3o apenas na cidade, como tamb\u00e9m no estado do Paran\u00e1, e no Brasil como um todo, por possibilitar a an\u00e1lise dos variados modelos educacionais existentes&nbsp;&hellip;<\/p>\n","protected":false},"author":582,"featured_media":291,"parent":0,"menu_order":0,"comment_status":"closed","ping_status":"closed","template":"","meta":[],"_links":{"self":[{"href":"https:\/\/www2.uepg.br\/lefopeh\/wp-json\/wp\/v2\/pages\/150"}],"collection":[{"href":"https:\/\/www2.uepg.br\/lefopeh\/wp-json\/wp\/v2\/pages"}],"about":[{"href":"https:\/\/www2.uepg.br\/lefopeh\/wp-json\/wp\/v2\/types\/page"}],"author":[{"embeddable":true,"href":"https:\/\/www2.uepg.br\/lefopeh\/wp-json\/wp\/v2\/users\/582"}],"replies":[{"embeddable":true,"href":"https:\/\/www2.uepg.br\/lefopeh\/wp-json\/wp\/v2\/comments?post=150"}],"version-history":[{"count":7,"href":"https:\/\/www2.uepg.br\/lefopeh\/wp-json\/wp\/v2\/pages\/150\/revisions"}],"predecessor-version":[{"id":389,"href":"https:\/\/www2.uepg.br\/lefopeh\/wp-json\/wp\/v2\/pages\/150\/revisions\/389"}],"wp:featuredmedia":[{"embeddable":true,"href":"https:\/\/www2.uepg.br\/lefopeh\/wp-json\/wp\/v2\/media\/291"}],"wp:attachment":[{"href":"https:\/\/www2.uepg.br\/lefopeh\/wp-json\/wp\/v2\/media?parent=150"}],"curies":[{"name":"wp","href":"https:\/\/api.w.org\/{rel}","templated":true}]}}