{"id":151,"date":"2022-12-09T10:31:47","date_gmt":"2022-12-09T13:31:47","guid":{"rendered":"https:\/\/www2.uepg.br\/lefopeh\/?page_id=151"},"modified":"2025-10-03T19:04:32","modified_gmt":"2025-10-03T22:04:32","slug":"pesquisadores","status":"publish","type":"page","link":"https:\/\/www2.uepg.br\/lefopeh\/pesquisadores\/","title":{"rendered":"Pesquisadores"},"content":{"rendered":"<h3 style=\"font-weight: bold;text-align: left\">Docentes da UEPG<\/h3>\n<p>Angela Ribeiro Ferreira &#8211; coordena\u00e7\u00e3o<\/p>\n<p>Paulo Eduardo Dias de Mello &#8211; coordena\u00e7\u00e3o<\/p>\n<p>Antonio Paulo Benatte<\/p>\n<p>Christiane Marques Szesz<\/p>\n<p>Edson Armando Silva<\/p>\n<p>Nilvan Laurindo Sousa &#8211; pesquisadora<\/p>\n<p>&nbsp;<\/p>\n<h3 style=\"font-weight: bold;text-align: left\">Docentes e pesquisadores externos<\/h3>\n<p>Maur\u00edcio Cardoso &#8211; Universidade de S\u00e3o Paulo (USP)<\/p>\n<p>&nbsp;<\/p>\n<h3 style=\"font-weight: bold;text-align: left\">Acad\u00eamicos<\/h3>\n<p><strong><em>Graduandos<\/em><\/strong><\/p>\n<p>Ana Clara Bolzan Franco &#8211; Subprojeto de inicia\u00e7\u00e3o cient\u00edfica &#8220;Teorias Decoloniais e a Produ\u00e7\u00e3o Did\u00e1tica de Hist\u00f3ria no PNLD 2024&#8221;.<\/p>\n<p>Bianca Luana Tambosi Gomes &#8211; Cataloga\u00e7\u00e3o e digitaliza\u00e7\u00e3o de livros did\u00e1ticos para o GLOTREC e MANES; Projeto Cursinho Popular UEPG; Subprojeto de inicia\u00e7\u00e3o cient\u00edfica &#8220;A Inser\u00e7\u00e3o de Objetos Digitais em Materiais Did\u00e1ticos Impressos no Ensino de Hist\u00f3ria&#8221;<\/p>\n<p>Eduardo Gon\u00e7alves Brisola Teixeira &#8211; Cataloga\u00e7\u00e3o e digitaliza\u00e7\u00e3o de livros did\u00e1ticos para o GLOTREC e MANES; Projeto Museu Regente Feij\u00f3; Subprojeto de Inicia\u00e7\u00e3o Cient\u00edfica &#8220;O Uso de Ferramentas de Intelig\u00eancia Artificial para a An\u00e1lise de Livros Did\u00e1ticos: M\u00e9todos e Problem\u00e1ticas&#8221;<\/p>\n<p>F\u00e1bio Eduardo Santana da Silva &#8211; Manuten\u00e7\u00e3o do site;\u00a0 Cataloga\u00e7\u00e3o e digitaliza\u00e7\u00e3o de livros did\u00e1ticos para o GLOTREC e MANES; Projeto Museu Regente Feij\u00f3; Subprojeto de inicia\u00e7\u00e3o cient\u00edfica &#8220;A Representa\u00e7\u00e3o dos Caboclos em livros did\u00e1ticos de Hist\u00f3ria do Paran\u00e1 entre 1900 e 1930&#8221;.<\/p>\n<p>Jo\u00e3o Victor Maciel de Souza &#8211; Manuten\u00e7\u00e3o do site; Cataloga\u00e7\u00e3o e digitaliza\u00e7\u00e3o de livros did\u00e1ticos para o GLOTREC e MANES; Projeto Museu Regente Feij\u00f3; Projeto Cursinho Popular UEPG; Subprojeto de inicia\u00e7\u00e3o cient\u00edfica &#8220;As Identidades Nacionais de Portugal e Espanha nos Livros Did\u00e1ticos do Per\u00edodo Salazarista e Franquista&#8221;<\/p>\n<p>Julie Thamiris Garcia Marques &#8211; Subprojeto de inicia\u00e7\u00e3o cient\u00edfica &#8220;Vozes Ind\u00edgenas na Hist\u00f3ria: Um Estudo Comparativo de Narrativas<\/p>\n<p>Larissa Jandrey Fraitag &#8211; Subprojeto de inicia\u00e7\u00e3o cient\u00edfica &#8220;Ensinar Crian\u00e7as Alem\u00e3s em Solo Brasileiro: Escolas Alem\u00e3s no Oeste de Santa Catarina&#8221;.<\/p>\n<p>Nicolas Costiuk do Canto Saks &#8211; Subprojeto de inicia\u00e7\u00e3o cient\u00edfica &#8220;As Representa\u00e7\u00f5es de Pessoas com Defici\u00eancia nos Livros Did\u00e1ticos&#8221;.<\/p>\n<p>&nbsp;<\/p>\n<p><strong><em>Mestrandos<\/em><\/strong><\/p>\n<p>Fernanda Stockler<\/p>\n<p>Rafael Schier Granado<\/p>\n<p>William Vinicius Vasco<\/p>\n<p>&nbsp;<\/p>\n<p><strong><em>Mestres<\/em><\/strong><\/p>\n<p>Fernanda Loch &#8211; cataloga\u00e7\u00e3o, digitaliza\u00e7\u00e3o e pesquisa de livros did\u00e1ticos<\/p>\n<p>&nbsp;<\/p>\n<p>Para acessar as informa\u00e7\u00f5es dos pesquisadores egressos,\u00a0<a href=\"https:\/\/dgp.cnpq.br\/dgp\/espelhogrupo\/7504259998436906\">clique aqui.<\/a><\/p>\n","protected":false},"excerpt":{"rendered":"<p>Docentes da UEPG Angela Ribeiro Ferreira &#8211; coordena\u00e7\u00e3o Paulo Eduardo Dias de Mello &#8211; coordena\u00e7\u00e3o Antonio Paulo Benatte Christiane Marques Szesz Edson Armando Silva Nilvan Laurindo Sousa &#8211; pesquisadora &nbsp; Docentes e pesquisadores externos Maur\u00edcio Cardoso &#8211; Universidade de S\u00e3o Paulo (USP) &nbsp; Acad\u00eamicos Graduandos Ana Clara Bolzan Franco &#8211; Subprojeto de inicia\u00e7\u00e3o cient\u00edfica &#8220;Teorias&nbsp;&hellip;<\/p>\n","protected":false},"author":582,"featured_media":234,"parent":0,"menu_order":0,"comment_status":"closed","ping_status":"closed","template":"","meta":[],"_links":{"self":[{"href":"https:\/\/www2.uepg.br\/lefopeh\/wp-json\/wp\/v2\/pages\/151"}],"collection":[{"href":"https:\/\/www2.uepg.br\/lefopeh\/wp-json\/wp\/v2\/pages"}],"about":[{"href":"https:\/\/www2.uepg.br\/lefopeh\/wp-json\/wp\/v2\/types\/page"}],"author":[{"embeddable":true,"href":"https:\/\/www2.uepg.br\/lefopeh\/wp-json\/wp\/v2\/users\/582"}],"replies":[{"embeddable":true,"href":"https:\/\/www2.uepg.br\/lefopeh\/wp-json\/wp\/v2\/comments?post=151"}],"version-history":[{"count":27,"href":"https:\/\/www2.uepg.br\/lefopeh\/wp-json\/wp\/v2\/pages\/151\/revisions"}],"predecessor-version":[{"id":392,"href":"https:\/\/www2.uepg.br\/lefopeh\/wp-json\/wp\/v2\/pages\/151\/revisions\/392"}],"wp:featuredmedia":[{"embeddable":true,"href":"https:\/\/www2.uepg.br\/lefopeh\/wp-json\/wp\/v2\/media\/234"}],"wp:attachment":[{"href":"https:\/\/www2.uepg.br\/lefopeh\/wp-json\/wp\/v2\/media?parent=151"}],"curies":[{"name":"wp","href":"https:\/\/api.w.org\/{rel}","templated":true}]}}