{"id":155,"date":"2022-12-09T10:31:47","date_gmt":"2022-12-09T13:31:47","guid":{"rendered":"https:\/\/www2.uepg.br\/lefopeh\/?page_id=155"},"modified":"2023-10-20T21:11:41","modified_gmt":"2023-10-21T00:11:41","slug":"biblioteca-do-livro-didatico","status":"publish","type":"page","link":"https:\/\/www2.uepg.br\/lefopeh\/biblioteca-do-livro-didatico\/","title":{"rendered":"Biblioteca do Livro Did\u00e1tico"},"content":{"rendered":"<p>A Biblioteca do Livro Did\u00e1tico do LEFOPEH \u00e9 um acervo f\u00edsico especializado em livros did\u00e1ticos que contenham a escrita da Hist\u00f3ria para a escola. Num primeiro momento isto pode parecer que o acervo privilegia apenas os livros did\u00e1ticos de Hist\u00f3ria. Ocorre que a escrita da Hist\u00f3ria para as escolas n\u00e3o est\u00e1 reservada aos livros did\u00e1ticos de Hist\u00f3ria. Narrativas hist\u00f3ricas aparecem em diversos livros did\u00e1ticos de diferentes componentes curriculares ao longo do desenvolvimento da hist\u00f3ria da educa\u00e7\u00e3o escolar. Assim, temos a escrita sobre a Hist\u00f3ria em livros de Moral e Civismo, de Estudos Sociais,\u00a0 de Organiza\u00e7\u00e3o Social e Pol\u00edtica Brasileira, de Livros de Leitura (destinados ao dom\u00ednio da leitura nos anos iniciais), e de Geografia. Dessa forma, constitu\u00edmos um acervo diverso, formado por livros did\u00e1ticos desses diferentes componentes curriculares. No acervo temos livros que cobrem o per\u00edodo que se estende desde o s\u00e9culo XIX at\u00e9 nossos dias.<\/p>\n<p>O acervo f\u00edsico foi formado a partir de uma cole\u00e7\u00e3o privada do Prof. Dr. Paulo Mello e da Prof.\u00aa Dr.\u00aa Angela Ribeiro Ferreira, \u00e0 qual se somou o acervo de livros que estavam alocados no Centro de Documenta\u00e7\u00e3o e Pesquisa Hist\u00f3rica (CDPH) do Curso de Hist\u00f3ria da UEPG, e in\u00fameras doa\u00e7\u00f5es de volunt\u00e1rios. Atualmente, o acervo tem sido ampliado com doa\u00e7\u00f5es da Biblioteca Nacional de los Maestros e Maestras do Minist\u00e9rio da Educa\u00e7\u00e3o da Argentina, de livros brasileiros existentes em seu acervo, resultado de um conv\u00eanio feito entre o LEFOPEH e essa institui\u00e7\u00e3o.<\/p>\n<p>O fato do LEFOPEH integrar o Projeto GLOTREC (Global Textbook Research Catalogue), um projeto cooperativo internacional coordenado pelo Instituto Georg Eckert\/Leibniz Institute, permitir\u00e1 em breve a constitui\u00e7\u00e3o de uma Biblioteca Digital de Livros Did\u00e1ticos. O GLOTREC \u00e9 um projeto de longo prazo, que envolve v\u00e1rios pa\u00edses e que est\u00e1 consolidando um cat\u00e1logo de cole\u00e7\u00f5es de livros did\u00e1ticos\u00a0 em um recurso central, padronizado e aberto: o GLOTREC\/CAT. Al\u00e9m disso, o projeto prev\u00ea a digitaliza\u00e7\u00e3o dos livros did\u00e1ticos existentes nos invent\u00e1rios dos parceiros. Ambos os esfor\u00e7os permitir\u00e1 tanto a constitui\u00e7\u00e3o de uma ampla cataloga\u00e7\u00e3o como a disponibiliza\u00e7\u00e3o de vers\u00f5es digitalizadas dos livros e sua disponibiliza\u00e7\u00e3o para atividades de pesquisa e transfer\u00eancia.<\/p>\n<p>&nbsp;<\/p>\n<p>&nbsp;<\/p>\n<p>&nbsp;<\/p>\n","protected":false},"excerpt":{"rendered":"<p>A Biblioteca do Livro Did\u00e1tico do LEFOPEH \u00e9 um acervo f\u00edsico especializado em livros did\u00e1ticos que contenham a escrita da Hist\u00f3ria para a escola. Num primeiro momento isto pode parecer que o acervo privilegia apenas os livros did\u00e1ticos de Hist\u00f3ria. Ocorre que a escrita da Hist\u00f3ria para as escolas n\u00e3o est\u00e1 reservada aos livros did\u00e1ticos&nbsp;&hellip;<\/p>\n","protected":false},"author":582,"featured_media":0,"parent":0,"menu_order":0,"comment_status":"closed","ping_status":"closed","template":"","meta":[],"_links":{"self":[{"href":"https:\/\/www2.uepg.br\/lefopeh\/wp-json\/wp\/v2\/pages\/155"}],"collection":[{"href":"https:\/\/www2.uepg.br\/lefopeh\/wp-json\/wp\/v2\/pages"}],"about":[{"href":"https:\/\/www2.uepg.br\/lefopeh\/wp-json\/wp\/v2\/types\/page"}],"author":[{"embeddable":true,"href":"https:\/\/www2.uepg.br\/lefopeh\/wp-json\/wp\/v2\/users\/582"}],"replies":[{"embeddable":true,"href":"https:\/\/www2.uepg.br\/lefopeh\/wp-json\/wp\/v2\/comments?post=155"}],"version-history":[{"count":3,"href":"https:\/\/www2.uepg.br\/lefopeh\/wp-json\/wp\/v2\/pages\/155\/revisions"}],"predecessor-version":[{"id":264,"href":"https:\/\/www2.uepg.br\/lefopeh\/wp-json\/wp\/v2\/pages\/155\/revisions\/264"}],"wp:attachment":[{"href":"https:\/\/www2.uepg.br\/lefopeh\/wp-json\/wp\/v2\/media?parent=155"}],"curies":[{"name":"wp","href":"https:\/\/api.w.org\/{rel}","templated":true}]}}