{"id":165,"date":"2022-12-09T10:31:48","date_gmt":"2022-12-09T13:31:48","guid":{"rendered":"https:\/\/www2.uepg.br\/lefopeh\/?page_id=165"},"modified":"2024-10-08T15:41:01","modified_gmt":"2024-10-08T18:41:01","slug":"videos","status":"publish","type":"page","link":"https:\/\/www2.uepg.br\/lefopeh\/videos\/","title":{"rendered":"V\u00eddeos"},"content":{"rendered":"<p>Aula ProfHist\u00f3ria UEPG &#8211; Reflex\u00f5es sobre o Ensino de Hist\u00f3ria &#8211; Dr\u00aa Circe Bittencourt<\/p>\n<div class='embed-container'><iframe loading=\"lazy\" title=\"Aula ProfHist\u00f3ria UEPG - Reflex\u00f5es sobre Ensino de Hist\u00f3ria - Prof\u00aa Dr\u00aa Circe Bittencourt - USP\" width=\"1778\" height=\"1000\" src=\"https:\/\/www.youtube.com\/embed\/G9sar1l_SX4?feature=oembed\" frameborder=\"0\" allow=\"accelerometer; autoplay; clipboard-write; encrypted-media; gyroscope; picture-in-picture; web-share\" referrerpolicy=\"strict-origin-when-cross-origin\" allowfullscreen><\/iframe><\/div>\n","protected":false},"excerpt":{"rendered":"<p>Aula ProfHist\u00f3ria UEPG &#8211; Reflex\u00f5es sobre o Ensino de Hist\u00f3ria &#8211; Dr\u00aa Circe Bittencourt<\/p>\n","protected":false},"author":582,"featured_media":0,"parent":0,"menu_order":0,"comment_status":"closed","ping_status":"closed","template":"","meta":[],"_links":{"self":[{"href":"https:\/\/www2.uepg.br\/lefopeh\/wp-json\/wp\/v2\/pages\/165"}],"collection":[{"href":"https:\/\/www2.uepg.br\/lefopeh\/wp-json\/wp\/v2\/pages"}],"about":[{"href":"https:\/\/www2.uepg.br\/lefopeh\/wp-json\/wp\/v2\/types\/page"}],"author":[{"embeddable":true,"href":"https:\/\/www2.uepg.br\/lefopeh\/wp-json\/wp\/v2\/users\/582"}],"replies":[{"embeddable":true,"href":"https:\/\/www2.uepg.br\/lefopeh\/wp-json\/wp\/v2\/comments?post=165"}],"version-history":[{"count":3,"href":"https:\/\/www2.uepg.br\/lefopeh\/wp-json\/wp\/v2\/pages\/165\/revisions"}],"predecessor-version":[{"id":357,"href":"https:\/\/www2.uepg.br\/lefopeh\/wp-json\/wp\/v2\/pages\/165\/revisions\/357"}],"wp:attachment":[{"href":"https:\/\/www2.uepg.br\/lefopeh\/wp-json\/wp\/v2\/media?parent=165"}],"curies":[{"name":"wp","href":"https:\/\/api.w.org\/{rel}","templated":true}]}}