{"id":151,"date":"2020-07-13T15:00:26","date_gmt":"2020-07-13T18:00:26","guid":{"rendered":"http:\/\/www2.uepg.br\/testes\/?page_id=151"},"modified":"2023-03-17T10:31:34","modified_gmt":"2023-03-17T13:31:34","slug":"docentes","status":"publish","type":"page","link":"https:\/\/www2.uepg.br\/licenciatura-artes-visuais\/docentes\/","title":{"rendered":"Docentes"},"content":{"rendered":"<h5><strong><img loading=\"lazy\" class=\" wp-image-1850 alignleft\" src=\"http:\/\/www2.uepg.br\/licenciatura-artes-visuais\/wp-content\/uploads\/sites\/99\/2023\/03\/WhatsApp-Image-2023-03-17-at-10.23.29-225x300.jpeg\" alt=\"\" width=\"203\" height=\"271\" srcset=\"https:\/\/www2.uepg.br\/licenciatura-artes-visuais\/wp-content\/uploads\/sites\/99\/2023\/03\/WhatsApp-Image-2023-03-17-at-10.23.29-225x300.jpeg 225w, https:\/\/www2.uepg.br\/licenciatura-artes-visuais\/wp-content\/uploads\/sites\/99\/2023\/03\/WhatsApp-Image-2023-03-17-at-10.23.29.jpeg 768w\" sizes=\"(max-width: 203px) 100vw, 203px\" \/>ADRIANA RODRIGUES SUAREZ<\/strong><\/h5>\n<p>Doutora em Educa\u00e7\u00e3o pela UEPG, linha de pesquisa: Ensino-aprendizagem (Cinema na Educa\u00e7\u00e3o). Mestrado em Comunica\u00e7\u00e3o e Linguagens (TUIUTI-2013), linha de pesquisa: Artes Pl\u00e1sticas\/Pintura e Cinema. Especialista em Arte-Educa\u00e7\u00e3o (2005) pelo IBEPEX, Gradua\u00e7\u00e3o em Licenciatura em Artes Visuais pela Universidade Estadual de Ponta Grossa (2010) e Gradua\u00e7\u00e3o em Licenciatura em Matem\u00e1tica pela Universidade Estadual de Ponta Grossa (2003). Chefe da Divis\u00e3o de Cultura e Arte\/ PROEX\/UEPG. Vice- Coordenadora do Curso de Licenciatura em Artes Visuais\/UEPG. Coordenadora do Programa PIBID\/ n\u00facleo Artes Visuais (2018-2020). Pesquisadora na \u00e1rea de Pintura, Hist\u00f3ria da Arte e Cinema\/Educa\u00e7\u00e3o. Propriet\u00e1ria e Professora de pintura no ateli\u00ea Adriana Rodrigues Suarez (1998-2018). Escritora do livro de colorir para adultos \u201cSalto Alto\u201d, da Editora Est\u00fadio Texto (2015). Professora da Educa\u00e7\u00e3o B\u00e1sica (Ensino Fundamental I e II; Ensino M\u00e9dio) do Col\u00e9gio Sagrada Fam\u00edlia (1999-2017) e Col\u00e9gio Neo Master (1999-2013) na \u00e1rea de Artes. Coordenadora da Disciplina de Artes na Educa\u00e7\u00e3o B\u00e1sica (1999-2017). Coordenadora do Festival FECUND\u2019ARTE (Festival Escolar de Artes) (1999-2017) e Professora Efetiva da Universidade Estadual de Ponta Grossa do Curso de Licenciatura em Artes Visuais, disciplinas de pr\u00e1ticas e produ\u00e7\u00f5es art\u00edsticas\/ Hist\u00f3ria da Arte (2011- atual). Tem experi\u00eancia na \u00e1rea de Po\u00e9tica, Pintura, Desenho, Hist\u00f3ria da Arte e Cinema, com \u00eanfase em Artes.<\/p>\n<p><strong>&gt; Cargo:<\/strong> Professora do Ensino Superior\/Carreira<\/p>\n<p><strong>&gt; Titula\u00e7\u00e3o:<\/strong> Doutorado<\/p>\n<p><strong>&gt; Carga Hor\u00e1ria:<\/strong> Dedica\u00e7\u00e3o Exclusiva\/ 40 horas<\/p>\n<p><strong>&gt; Lattes:<\/strong> <a href=\"http:\/\/lattes.cnpq.br\/1631237177917423\">http:\/\/lattes.cnpq.br\/1631237177917423<\/a><\/p>\n<p><strong>&gt; E-mail<\/strong>: <a href=\"mailto:arsuarez@uepg.br\">arsuarez@uepg.br\u00a0<\/a><\/p>\n<p>________________________________________________________________________________<\/p>\n<p><strong>ANA LUIZA RUSCHEL NUNES<\/strong><img loading=\"lazy\" class=\" wp-image-793 alignleft\" src=\"http:\/\/www2.uepg.br\/licenciatura-artes-visuais\/wp-content\/uploads\/sites\/99\/2020\/09\/01-214x300.jpg\" alt=\"\" width=\"169\" height=\"237\" srcset=\"https:\/\/www2.uepg.br\/licenciatura-artes-visuais\/wp-content\/uploads\/sites\/99\/2020\/09\/01-214x300.jpg 214w, https:\/\/www2.uepg.br\/licenciatura-artes-visuais\/wp-content\/uploads\/sites\/99\/2020\/09\/01-732x1024.jpg 732w, https:\/\/www2.uepg.br\/licenciatura-artes-visuais\/wp-content\/uploads\/sites\/99\/2020\/09\/01-768x1075.jpg 768w, https:\/\/www2.uepg.br\/licenciatura-artes-visuais\/wp-content\/uploads\/sites\/99\/2020\/09\/01-1098x1536.jpg 1098w, https:\/\/www2.uepg.br\/licenciatura-artes-visuais\/wp-content\/uploads\/sites\/99\/2020\/09\/01-1232x1724.jpg 1232w, https:\/\/www2.uepg.br\/licenciatura-artes-visuais\/wp-content\/uploads\/sites\/99\/2020\/09\/01-772x1080.jpg 772w, https:\/\/www2.uepg.br\/licenciatura-artes-visuais\/wp-content\/uploads\/sites\/99\/2020\/09\/01.jpg 1247w\" sizes=\"(max-width: 169px) 100vw, 169px\" \/><\/p>\n<p>P\u00f3s-Doutorado pelo Programa de P\u00f3s-Gradua\u00e7\u00e3o em Artes Visuais &#8211; Centro de Arte\/PPGAV\/UDESC\/SC(2016-2017). Doutora em Educa\u00e7\u00e3o pela UNICAMP\/SP (1997) Mestrado em Educa\u00e7\u00e3o, pela UFSM\/RS (1990), Especialista em Metodologia de ensino de Arte (1985), pelo CE\/UFSM, Gradua\u00e7\u00e3o em Educa\u00e7\u00e3o Art\u00edstica &#8211; Lic. Custa (1976) e Gradua\u00e7\u00e3o em Artes Pl\u00e1sticas \u2013 Licenciatura Plena, pelo Centro de Artes da Universidade Federal de Santa Maria\/RS (1980). Professora e pesquisadora no Programa de P\u00f3s-Gradua\u00e7\u00e3o em Educa\u00e7\u00e3o; no Curso de Desenho e Pl\u00e1stica e Curso de Artes Visuais (at\u00e9 2004). Gest\u00e3o na dire\u00e7\u00e3o do Centro de Educa\u00e7\u00e3o\/UFSM (1998-2005), Cursos de Licenciatura em Educa\u00e7\u00e3o Infantil e Curso de Licenciatura em Anos Iniciais, e Curso de Licenciatura em Educa\u00e7\u00e3o Especial- Defici\u00eancia Mental e Curso de Licenciatura em Audiocomunica\u00e7\u00e3o. Gest\u00e3o do Departamento de Metodologia de Ensino e em Laborat\u00f3rios. Aposentada do CE\/UFSM, em 2004. <strong>Atualmente<\/strong> estou vinculada no Departamento de Artes-SECIHLA\/UEPG, desde 2007 e atuo como professora e pesquisadora do Programa de P\u00f3s-Gradua\u00e7\u00e3o em Educa\u00e7\u00e3o (2010-atual), e no Curso de Gradua\u00e7\u00e3o em Artes Visuais-Licenciatura (2007-atual) e membro do Colegiado do Curso em Artes Visuais. Chefe do Departamento de Artes (2009-2011). Coordenadora do Programa PIBID\/ \u00e1rea Artes Visuais (2009-2015). Coordenadora do NTE do Curso de Artes Visuais (at\u00e9 2015), Professora e pesquisadora efetiva da UEPG, membro do Conselho Editorial da Revista Conex\u00e3o\/UEPG (2008-atual). Vice presidente da FAEB (2012-2014) e Presidente da Federa\u00e7\u00e3o dos Arte-Educadores do Brasil (2014-2016). Representante da FAEB no Consejo Latino Americano de Educaci\u00f3n por el Arte-CLEA e membro do Conselho da Diretoria da FAEB. Membro associado (1997- atual) e do Comit\u00ea de Educa\u00e7\u00e3o em Artes Visuais da Associa\u00e7\u00e3o Nacional de Pesquisadores em Artes Pl\u00e1sticas-ANPAP (1997-atual).<\/p>\n<p><strong>&gt; Cargo:<\/strong> Professora do Ensino Superior\/ Carreira<\/p>\n<p><strong>&gt; Titula\u00e7\u00e3o:<\/strong> Doutorado\/P\u00f3s-Doutorado<\/p>\n<p><strong>&gt; Carga Hor\u00e1ria:<\/strong> Dedica\u00e7\u00e3o Exclusiva\/40 horas<\/p>\n<p><strong>\u00a0&gt; Lattes:<\/strong>\u00a0 CV: <a href=\"http:\/\/lattes.cnpq.br\/2446074749753703\">http:\/\/lattes.cnpq.br\/244607474975370<\/a><\/p>\n<p><strong>&gt; Orcid:<\/strong> <a href=\"https:\/\/orcid.org\/0000-0001-7338-1615\">https:\/\/orcid.org\/0000-0001-7338-1615<\/a><\/p>\n<p><strong>&gt; E-mail:<\/strong>\u00a0<a href=\"mailto:analuizaruschel@gmail.com\u00a0\">analuizaruschel@gmail.com\u00a0<\/a><\/p>\n<p>________________________________________________________________________________<\/p>\n<h5><img loading=\"lazy\" class=\" wp-image-577 alignleft\" src=\"http:\/\/www2.uepg.br\/licenciatura-artes-visuais\/wp-content\/uploads\/sites\/99\/2020\/07\/josie-para-site-242x300.jpg\" alt=\"\" width=\"169\" height=\"210\" srcset=\"https:\/\/www2.uepg.br\/licenciatura-artes-visuais\/wp-content\/uploads\/sites\/99\/2020\/07\/josie-para-site-242x300.jpg 242w, https:\/\/www2.uepg.br\/licenciatura-artes-visuais\/wp-content\/uploads\/sites\/99\/2020\/07\/josie-para-site-825x1024.jpg 825w, https:\/\/www2.uepg.br\/licenciatura-artes-visuais\/wp-content\/uploads\/sites\/99\/2020\/07\/josie-para-site-768x953.jpg 768w, https:\/\/www2.uepg.br\/licenciatura-artes-visuais\/wp-content\/uploads\/sites\/99\/2020\/07\/josie-para-site-870x1080.jpg 870w, https:\/\/www2.uepg.br\/licenciatura-artes-visuais\/wp-content\/uploads\/sites\/99\/2020\/07\/josie-para-site.jpg 953w\" sizes=\"(max-width: 169px) 100vw, 169px\" \/><strong>JOSIE AGATHA PARRILHA DA SILVA<\/strong><\/h5>\n<p>Docente do Departamento de Artes, atuando em disciplinas pedag\u00f3gicas; docente do corpo permanente dos Programas <em>stricto sensu<\/em> de P\u00f3s-Gradua\u00e7\u00e3o: Ensino em Ci\u00eancias e a Educa\u00e7\u00e3o Matem\u00e1tica (PPGECEM &#8211; UEPG) e Educa\u00e7\u00e3o para a Ci\u00eancia e a Matem\u00e1tica (PCM &#8211; UEM).\u00a0 Atua na tr\u00edade universit\u00e1ria: Ensino Pesquisa e Extens\u00e3o, com projetos ligados as Artes Visuais com enfoque interdisciplinar (\u00eanfase na rela\u00e7\u00e3o entre a Arte e a Ci\u00eancia). L\u00edder do grupo de pesquisa INTERART &#8211; Intera\u00e7\u00e3o entre Arte, Ci\u00eancia e Educa\u00e7\u00e3o: di\u00e1logos e interfaces nas Artes Visuais (CNPq).<\/p>\n<p>&nbsp;<\/p>\n<p>&nbsp;<\/p>\n<p><strong>&gt; Cargo:<\/strong> Professora do Ensino Superior\/Carreira<\/p>\n<p><strong>&gt; Titula\u00e7\u00e3o:<\/strong> Doutorado<\/p>\n<p><strong>&gt; Carga Hor\u00e1ria:<\/strong> Dedica\u00e7\u00e3o Exclusiva\/ 40 horas<\/p>\n<p><strong>&gt; Lattes:<\/strong> <a href=\"https:\/\/wwws.cnpq.br\/cvlattesweb\/PKG_MENU.menu?f_cod=8BC558879336E6F978054D9165FA720B\">http:\/\/lattes.cnpq.br\/7528954595127003<\/a><\/p>\n<p><strong>&gt; E- mail:<\/strong><a href=\"mailto:japsilva@uepg.br\"> japsilva@uepg.br<\/a><\/p>\n<p>________________________________________________________________________________<\/p>\n<p><img loading=\"lazy\" class=\" wp-image-829 alignleft\" src=\"http:\/\/www2.uepg.br\/licenciatura-artes-visuais\/wp-content\/uploads\/sites\/99\/2020\/09\/2020-09-17-224x300.png\" alt=\"\" width=\"184\" height=\"246\" srcset=\"https:\/\/www2.uepg.br\/licenciatura-artes-visuais\/wp-content\/uploads\/sites\/99\/2020\/09\/2020-09-17-224x300.png 224w, https:\/\/www2.uepg.br\/licenciatura-artes-visuais\/wp-content\/uploads\/sites\/99\/2020\/09\/2020-09-17.png 240w\" sizes=\"(max-width: 184px) 100vw, 184px\" \/> <strong>NELSON SILVA JUNIOR<\/strong><\/p>\n<p>Doutor em Ensino de Ci\u00eancia e Tecnologia pela Universidade Tecnol\u00f3gica Federal do Paran\u00e1, Mestre em Ci\u00eancias Sociais Aplicadas pela Universidade Estadual de Ponta Grossa (2008). Graduado em Engenharia Civil pela Universidade Estadual de Ponta Grossa (1987) e em Licenciatura em Artes Visuais pela Universidade Estadual de Ponta Grossa (2006). Professor da Universidade Estadual de Ponta Grossa, lotado no departamento de Artes. Tem experi\u00eancia na \u00e1rea de Artes, com \u00eanfase em Artes, atuando principalmente nos seguintes temas: Arte, Cinema, Fotografia, Cer\u00e2mica, Ensino, Arte e Ci\u00eancia, Educa\u00e7\u00e3o, produ\u00e7\u00f5es art\u00edsticas. Foi chefe do Departamento de Artes entre 2011 e 2015 e foi coordenador dos cursos de Licenciatura em Artes Visuais e Licenciatura em M\u00fasica da Universidade Estadual de Ponta Grossa. Tamb\u00e9m foi coordenador da Galeria de Artes PROEX da Universidade Estadual de Ponta Grossa de 2008 a 2009. Atualmente \u00e9 coordenador do curso de Licenciatura em Artes Visuais da Universidade Estadual de Ponta Grossa (2018-2020) e membro do Conselho de Cultura da Funda\u00e7\u00e3o Municipal de Cultura da Cidade de Ponta Grossa, representando a Universidade Estadual de Ponta Grossa.<\/p>\n<p><strong>&gt; Cargo:<\/strong> Professor do Ensino Superior\/Carreira<\/p>\n<p><strong>&gt; Titula\u00e7\u00e3o:<\/strong> Doutorado<\/p>\n<p><strong>&gt; Carga Hor\u00e1ria:<\/strong> Dedica\u00e7\u00e3o Exclusiva\/ 40 horas<\/p>\n<p><strong>&gt; Lattes: <\/strong><a href=\"http:\/\/lattes.cnpq.br\/5408032963230708\">http:\/\/lattes.cnpq.br\/5408032963230708<\/a><\/p>\n<p><strong>&gt; E- mail:<\/strong> <a href=\"mailto:macmendes@uepg.br\">nsj@uepg.br<\/a><\/p>\n<p>________________________________________________________________________________<\/p>\n<h5><strong><img loading=\"lazy\" class=\" wp-image-588 alignleft\" src=\"http:\/\/www2.uepg.br\/licenciatura-artes-visuais\/wp-content\/uploads\/sites\/99\/2020\/07\/patriciacamera_retrato-300x300.jpg\" alt=\"\" width=\"190\" height=\"190\" srcset=\"https:\/\/www2.uepg.br\/licenciatura-artes-visuais\/wp-content\/uploads\/sites\/99\/2020\/07\/patriciacamera_retrato-300x300.jpg 300w, https:\/\/www2.uepg.br\/licenciatura-artes-visuais\/wp-content\/uploads\/sites\/99\/2020\/07\/patriciacamera_retrato-150x150.jpg 150w, https:\/\/www2.uepg.br\/licenciatura-artes-visuais\/wp-content\/uploads\/sites\/99\/2020\/07\/patriciacamera_retrato.jpg 720w\" sizes=\"(max-width: 190px) 100vw, 190px\" \/><\/strong><\/h5>\n<h5><strong>\u00a0PATRICIA CAMERA VARELLA<\/strong><\/h5>\n<p><span style=\"font-weight: 400\">Professora no Programa de P\u00f3s-Gradua\u00e7\u00e3o stricto sensu em Hist\u00f3ria na \u00e1rea Hist\u00f3ria, Cultura e Identidades. Professora Adjunta no Departamento de Artes. Diretora da Se\u00e7\u00e3o Educativa do Museu Campos Gerais. Doutora em Hist\u00f3ria pela Pontif\u00edcia Universidade Cat\u00f3lica do Rio Grande do Sul com p\u00f3s-doutorado no Museu Paulista da USP. Mestre em Tecnologia e Sociedade pela Universidade Tecnol\u00f3gica Federal do Paran\u00e1. Possui gradua\u00e7\u00e3o em Gravura pela EMBAP\/ UNESPAR. Em 1996 iniciou seus estudos em fotografia na New England School of Photography (EUA). Atua nos seguintes temas: imagem, acervo fotogr\u00e1fico, hist\u00f3ria e epistemologia da fotografia, hist\u00f3ria visual, identidade cultural, dimens\u00f5es s\u00f3cio culturais da tecnologia, Sal\u00e3o Paranaense e Bienal de Artes Visuais do Mercosul. Participa de exposi\u00e7\u00f5es individuais e coletivas. Em 2019 recebeu o Pr\u00eamio Jo\u00e3o Pilarski de Artes Visuais com o Projeto de Extens\u00e3o Organiza\u00e7\u00e3o, diagn\u00f3stico e pesquisa do Fundo Foto Bianchi.\u00a0<\/span><\/p>\n<p><strong>&gt; <\/strong><span style=\"font-weight: 400\"><strong>Cargo<\/strong>: Professor do Ensino Superior\/ Carreira<\/span><span style=\"font-weight: 400\"><br \/>\n<\/span><\/p>\n<p><strong>&gt; <\/strong><span style=\"font-weight: 400\"><strong>Titula\u00e7\u00e3o:<\/strong> Doutorado\u00a0<\/span><span style=\"font-weight: 400\"><br \/>\n<\/span><\/p>\n<p><strong>&gt; <\/strong><span style=\"font-weight: 400\"><strong>Carga Hor\u00e1ria:<\/strong> Dedica\u00e7\u00e3o Exclusiva\/ 40 horas<\/span><span style=\"font-weight: 400\"><br \/>\n<\/span><\/p>\n<p><strong>&gt; <\/strong><span style=\"font-weight: 400\"><strong>Lattes:<\/strong> <a href=\"http:\/\/lattes.cnpq.br\/642635198470201\">http:\/\/lattes.cnpq.br\/642635198470201<\/a><\/span><span style=\"font-weight: 400\"><br \/>\n<\/span><\/p>\n<p><strong>&gt; E- mail: <\/strong><a href=\"mailto:patriciacamera@uepg.br\"><span style=\"font-weight: 400\">patriciacamera@uepg.br<\/span><\/a><\/p>\n<p>________________________________________________________________________________<\/p>\n<h5><img loading=\"lazy\" class=\" wp-image-579 alignleft\" src=\"http:\/\/www2.uepg.br\/licenciatura-artes-visuais\/wp-content\/uploads\/sites\/99\/2020\/07\/Sandra-300x300.jpg\" alt=\"\" width=\"195\" height=\"195\" srcset=\"https:\/\/www2.uepg.br\/licenciatura-artes-visuais\/wp-content\/uploads\/sites\/99\/2020\/07\/Sandra-300x300.jpg 300w, https:\/\/www2.uepg.br\/licenciatura-artes-visuais\/wp-content\/uploads\/sites\/99\/2020\/07\/Sandra-150x150.jpg 150w, https:\/\/www2.uepg.br\/licenciatura-artes-visuais\/wp-content\/uploads\/sites\/99\/2020\/07\/Sandra.jpg 640w\" sizes=\"(max-width: 195px) 100vw, 195px\" \/><strong>SANDRA BORSOI<\/strong><\/h5>\n<p>Doutora em Educa\u00e7\u00e3o pela Universidade Estadual de Ponta Grossa (2016), Especializa\u00e7\u00e3o: Criatividade Arte e Novas Tecnologias \u2013 UNOCHAPECO (2009), Mestrado em Educa\u00e7\u00e3o pela Universidade Federal de Santa Maria (2004), e gradua\u00e7\u00e3o em Educa\u00e7\u00e3o Art\u00edstica Habilita\u00e7\u00e3o em Artes Pl\u00e1sticas pela Universidade do Oeste de Santa Catarina (2001). Diretora de Assuntos Culturais DAC\/PROEX\/UEPG. Representante no Conselho de Cultura de Ponta Grossa. Experi\u00eancia na \u00e1rea de Artes, atuando principalmente nos seguintes temas: Artes Visuais, curr\u00edculo em artes visuais, forma\u00e7\u00e3o de professores, produ\u00e7\u00f5es art\u00edsticas e gest\u00e3o Cultural.<\/p>\n<p>&nbsp;<\/p>\n<p><strong>&gt; Cargo:<\/strong> Professora do Ensino Superior\/Carreira\/ Diretora de Assuntos Culturais da UEPG<\/p>\n<p><strong>&gt; Titula\u00e7\u00e3o:<\/strong> Doutorado<\/p>\n<p><strong>&gt; Carga Hor\u00e1ria:<\/strong> Dedica\u00e7\u00e3o Exclusiva\/ 40 horas<\/p>\n<p><strong>&gt; Lattes:<\/strong> \u00a0<a href=\"https:\/\/wwws.cnpq.br\/cvlattesweb\/PKG_MENU.menu?f_cod=2879B5F6151274091BEC146DA2FEFAB8\">http:\/\/lattes.cnpq.br\/2886727718163150<\/a><\/p>\n<p><strong>&gt; E- mail:<\/strong> <a href=\"mailto:sborsoi@uepg.br\">sborsoi@uepg.br<\/a><\/p>\n<table class=\" aligncenter\" style=\"height: 5px\" width=\"5\">\n<tbody>\n<tr>\n<td><\/td>\n<td><\/td>\n<td><\/td>\n<\/tr>\n<tr>\n<td><\/td>\n<td><\/td>\n<td><\/td>\n<\/tr>\n<tr>\n<td><\/td>\n<td><\/td>\n<td><\/td>\n<\/tr>\n<tr>\n<td style=\"text-align: left\"><\/td>\n<td style=\"text-align: left\"><\/td>\n<td><a href=\"http:\/\/lattes.cnpq.br\/\"><span style=\"font-weight: 400\">link<\/span><\/a><\/td>\n<\/tr>\n<\/tbody>\n<\/table>\n","protected":false},"excerpt":{"rendered":"<p>ADRIANA RODRIGUES SUAREZ Doutora em Educa\u00e7\u00e3o pela UEPG, linha de pesquisa: Ensino-aprendizagem (Cinema na Educa\u00e7\u00e3o). Mestrado em Comunica\u00e7\u00e3o e Linguagens (TUIUTI-2013), linha de pesquisa: Artes Pl\u00e1sticas\/Pintura e Cinema. Especialista em Arte-Educa\u00e7\u00e3o (2005) pelo IBEPEX, Gradua\u00e7\u00e3o em Licenciatura em Artes Visuais pela Universidade Estadual de Ponta Grossa (2010) e Gradua\u00e7\u00e3o em Licenciatura em Matem\u00e1tica pela Universidade&nbsp;&hellip;<\/p>\n","protected":false},"author":24,"featured_media":0,"parent":0,"menu_order":0,"comment_status":"closed","ping_status":"closed","template":"","meta":[],"_links":{"self":[{"href":"https:\/\/www2.uepg.br\/licenciatura-artes-visuais\/wp-json\/wp\/v2\/pages\/151"}],"collection":[{"href":"https:\/\/www2.uepg.br\/licenciatura-artes-visuais\/wp-json\/wp\/v2\/pages"}],"about":[{"href":"https:\/\/www2.uepg.br\/licenciatura-artes-visuais\/wp-json\/wp\/v2\/types\/page"}],"author":[{"embeddable":true,"href":"https:\/\/www2.uepg.br\/licenciatura-artes-visuais\/wp-json\/wp\/v2\/users\/24"}],"replies":[{"embeddable":true,"href":"https:\/\/www2.uepg.br\/licenciatura-artes-visuais\/wp-json\/wp\/v2\/comments?post=151"}],"version-history":[{"count":54,"href":"https:\/\/www2.uepg.br\/licenciatura-artes-visuais\/wp-json\/wp\/v2\/pages\/151\/revisions"}],"predecessor-version":[{"id":1851,"href":"https:\/\/www2.uepg.br\/licenciatura-artes-visuais\/wp-json\/wp\/v2\/pages\/151\/revisions\/1851"}],"wp:attachment":[{"href":"https:\/\/www2.uepg.br\/licenciatura-artes-visuais\/wp-json\/wp\/v2\/media?parent=151"}],"curies":[{"name":"wp","href":"https:\/\/api.w.org\/{rel}","templated":true}]}}