{"id":310,"date":"2020-03-06T08:23:50","date_gmt":"2020-03-06T11:23:50","guid":{"rendered":"http:\/\/www2.uepg.br\/testes\/?page_id=310"},"modified":"2023-03-17T10:21:35","modified_gmt":"2023-03-17T13:21:35","slug":"contato","status":"publish","type":"page","link":"https:\/\/www2.uepg.br\/licenciatura-artes-visuais\/contato\/","title":{"rendered":"Contato"},"content":{"rendered":"<p><strong>DEPARTAMENTO DE ARTES<\/strong><\/p>\n<p>Contato &#8211; (42) 3220- 3787<strong>\u00a0<\/strong><strong><img loading=\"lazy\" class=\"wp-image-789 alignleft\" src=\"http:\/\/www2.uepg.br\/licenciatura-artes-visuais\/wp-content\/uploads\/sites\/99\/2020\/09\/Logo-Deartes--247x300.jpg\" alt=\"\" width=\"139\" height=\"169\" srcset=\"https:\/\/www2.uepg.br\/licenciatura-artes-visuais\/wp-content\/uploads\/sites\/99\/2020\/09\/Logo-Deartes--247x300.jpg 247w, https:\/\/www2.uepg.br\/licenciatura-artes-visuais\/wp-content\/uploads\/sites\/99\/2020\/09\/Logo-Deartes--844x1024.jpg 844w, https:\/\/www2.uepg.br\/licenciatura-artes-visuais\/wp-content\/uploads\/sites\/99\/2020\/09\/Logo-Deartes--768x932.jpg 768w, https:\/\/www2.uepg.br\/licenciatura-artes-visuais\/wp-content\/uploads\/sites\/99\/2020\/09\/Logo-Deartes--1232x1495.jpg 1232w, https:\/\/www2.uepg.br\/licenciatura-artes-visuais\/wp-content\/uploads\/sites\/99\/2020\/09\/Logo-Deartes--890x1080.jpg 890w, https:\/\/www2.uepg.br\/licenciatura-artes-visuais\/wp-content\/uploads\/sites\/99\/2020\/09\/Logo-Deartes-.jpg 1241w\" sizes=\"(max-width: 139px) 100vw, 139px\" \/><\/strong><\/p>\n<p>E-mail- <a href=\"mailto:deartes@uepg.br\">deartes@uepg.br\u00a0<\/a><\/p>\n<p>Chefia- Prof Dr Egon Eduardo Sebben<\/p>\n<p>Bloco de Hist\u00f3ria e Artes- Central de Salas- Campus Uvaranas<\/p>\n<p>Ponta Grossa- Paran\u00e1.<\/p>\n<p>&nbsp;<\/p>\n<p>&nbsp;<\/p>\n<p>&nbsp;<\/p>\n<p><strong>COLEGIADO DE ARTES VISUAIS <\/strong><\/p>\n<p>Contato &#8211; (42) 3220- 3788<strong><img loading=\"lazy\" class=\"wp-image-790 alignleft\" src=\"http:\/\/www2.uepg.br\/licenciatura-artes-visuais\/wp-content\/uploads\/sites\/99\/2020\/09\/logoAVisuais.png\" alt=\"\" width=\"132\" height=\"182\" \/><\/strong><\/p>\n<p>E-mail- colegiadoartes@uepg.br<\/p>\n<p>Coordena\u00e7\u00e3o- Profa Dra Adriana Rodrigues Suarez<\/p>\n<p>Bloco de Hist\u00f3ria e Artes- Central de Salas- Campus Uvaranas<\/p>\n<p>Ponta Grossa- Paran\u00e1.<\/p>\n","protected":false},"excerpt":{"rendered":"<p>DEPARTAMENTO DE ARTES Contato &#8211; (42) 3220- 3787\u00a0 E-mail- deartes@uepg.br\u00a0 Chefia- Prof Dr Egon Eduardo Sebben Bloco de Hist\u00f3ria e Artes- Central de Salas- Campus Uvaranas Ponta Grossa- Paran\u00e1. &nbsp; &nbsp; &nbsp; COLEGIADO DE ARTES VISUAIS Contato &#8211; (42) 3220- 3788 E-mail- colegiadoartes@uepg.br Coordena\u00e7\u00e3o- Profa Dra Adriana Rodrigues Suarez Bloco de Hist\u00f3ria e Artes- Central&nbsp;&hellip;<\/p>\n","protected":false},"author":24,"featured_media":0,"parent":0,"menu_order":0,"comment_status":"closed","ping_status":"closed","template":"","meta":[],"_links":{"self":[{"href":"https:\/\/www2.uepg.br\/licenciatura-artes-visuais\/wp-json\/wp\/v2\/pages\/310"}],"collection":[{"href":"https:\/\/www2.uepg.br\/licenciatura-artes-visuais\/wp-json\/wp\/v2\/pages"}],"about":[{"href":"https:\/\/www2.uepg.br\/licenciatura-artes-visuais\/wp-json\/wp\/v2\/types\/page"}],"author":[{"embeddable":true,"href":"https:\/\/www2.uepg.br\/licenciatura-artes-visuais\/wp-json\/wp\/v2\/users\/24"}],"replies":[{"embeddable":true,"href":"https:\/\/www2.uepg.br\/licenciatura-artes-visuais\/wp-json\/wp\/v2\/comments?post=310"}],"version-history":[{"count":12,"href":"https:\/\/www2.uepg.br\/licenciatura-artes-visuais\/wp-json\/wp\/v2\/pages\/310\/revisions"}],"predecessor-version":[{"id":1849,"href":"https:\/\/www2.uepg.br\/licenciatura-artes-visuais\/wp-json\/wp\/v2\/pages\/310\/revisions\/1849"}],"wp:attachment":[{"href":"https:\/\/www2.uepg.br\/licenciatura-artes-visuais\/wp-json\/wp\/v2\/media?parent=310"}],"curies":[{"name":"wp","href":"https:\/\/api.w.org\/{rel}","templated":true}]}}