{"id":355,"date":"2020-06-19T19:30:19","date_gmt":"2020-06-19T22:30:19","guid":{"rendered":"http:\/\/www2.uepg.br\/licenciatura-artes-visuais\/?page_id=355"},"modified":"2020-09-02T19:16:41","modified_gmt":"2020-09-02T22:16:41","slug":"nde","status":"publish","type":"page","link":"https:\/\/www2.uepg.br\/licenciatura-artes-visuais\/nde\/","title":{"rendered":"NDE"},"content":{"rendered":"<p>O <strong>N\u00facleo Docente Estruturante<\/strong> (NDE) do Curso Licenciatura em Artes Visuais tem se dedicado a refletir sobre possibilidades de melhorias para o ambiente de aprendizagens e adequar o curr\u00edculo \u00e0s exig\u00eancias legais.<\/p>\n<p>O dinamismo da Educa\u00e7\u00e3o Superior apresenta constantes desafios que necessitam de debates e preparo para mudan\u00e7as consistentes. Dentre as diversas demandas ressaltamos a evas\u00e3o, a adequa\u00e7\u00e3o \u00e0s Diretrizes Curriculares Nacionais para a forma\u00e7\u00e3o inicial de professores para a Educa\u00e7\u00e3o B\u00e1sica, a curriculariza\u00e7\u00e3o da extens\u00e3o e a semestralidade do curso.<\/p>\n<div>Para atender as necessidades do curso estamos nos reunindo periodicamente para analisar documentos, contextos sociais e propor altera\u00e7\u00f5es. A partir de maio as reuni\u00f5es se intensificaram devido a necessidade de reformula\u00e7\u00e3o do curso.<\/div>\n<p>As reuni\u00f5es do NDE est\u00e3o sendo agendadas de acordo com as demandas do curso. Todos os professores do Curso de Licenciatura em Artes Visuais est\u00e3o convidados a participar.<\/p>\n<p><strong>Reuni\u00f5es: <\/strong><\/p>\n<p><strong>21\/05\/2020<\/strong> &#8211; 9h30, videoconfer\u00eancia.<\/p>\n<p><strong>10\/06\/2020<\/strong> &#8211; 9h30, videoconfer\u00eancia.<\/p>\n<p><strong>24\/06\/2020<\/strong> &#8211; 9h30, videoconfer\u00eancia.<\/p>\n<p>&nbsp;<\/p>\n<div dir=\"ltr\"><strong>N\u00facleo Docente Estruturante formado pelos professores:\u00a0<\/strong><\/div>\n<div dir=\"ltr\"><\/div>\n<div dir=\"ltr\"><\/div>\n<div dir=\"ltr\">&gt; Renato Torres &#8211; <a href=\"mailto:torresrenato@yahoo.com.br\" target=\"_blank\" rel=\"noopener noreferrer\">torresrenato@yahoo.com.br<\/a><\/div>\n<div dir=\"ltr\">&gt; Maria Cristina Mendes &#8211; <a href=\"mailto:mariacristinamendes1@gmail.com\" target=\"_blank\" rel=\"noopener noreferrer\">mariacristinamendes1@gmail.com<\/a><\/div>\n<div dir=\"ltr\">&gt; Josie Agatha Parrilha Silva &#8211; <a href=\"mailto:josieaps@hotmail.com\" target=\"_blank\" rel=\"noopener noreferrer\">josieaps@hotmail.com<\/a><\/div>\n<div dir=\"ltr\">&gt; Diego A. Divardim &#8211; <a href=\"mailto:diegodivardim@gmail.com\" target=\"_blank\" rel=\"noopener noreferrer\">diegodivardim@gmail.com<\/a><\/div>\n<div dir=\"ltr\">&gt; Carla E. Nascimento &#8211; <a href=\"mailto:carlaemilia.nascimento1@gmail.com\" target=\"_blank\" rel=\"noopener noreferrer\">carlaemilia.nascimento1@gmail.com<\/a><\/div>\n","protected":false},"excerpt":{"rendered":"<p>O N\u00facleo Docente Estruturante (NDE) do Curso Licenciatura em Artes Visuais tem se dedicado a refletir sobre possibilidades de melhorias para o ambiente de aprendizagens e adequar o curr\u00edculo \u00e0s exig\u00eancias legais. O dinamismo da Educa\u00e7\u00e3o Superior apresenta constantes desafios que necessitam de debates e preparo para mudan\u00e7as consistentes. Dentre as diversas demandas ressaltamos a&nbsp;&hellip;<\/p>\n","protected":false},"author":24,"featured_media":0,"parent":0,"menu_order":0,"comment_status":"closed","ping_status":"closed","template":"","meta":[],"_links":{"self":[{"href":"https:\/\/www2.uepg.br\/licenciatura-artes-visuais\/wp-json\/wp\/v2\/pages\/355"}],"collection":[{"href":"https:\/\/www2.uepg.br\/licenciatura-artes-visuais\/wp-json\/wp\/v2\/pages"}],"about":[{"href":"https:\/\/www2.uepg.br\/licenciatura-artes-visuais\/wp-json\/wp\/v2\/types\/page"}],"author":[{"embeddable":true,"href":"https:\/\/www2.uepg.br\/licenciatura-artes-visuais\/wp-json\/wp\/v2\/users\/24"}],"replies":[{"embeddable":true,"href":"https:\/\/www2.uepg.br\/licenciatura-artes-visuais\/wp-json\/wp\/v2\/comments?post=355"}],"version-history":[{"count":11,"href":"https:\/\/www2.uepg.br\/licenciatura-artes-visuais\/wp-json\/wp\/v2\/pages\/355\/revisions"}],"predecessor-version":[{"id":756,"href":"https:\/\/www2.uepg.br\/licenciatura-artes-visuais\/wp-json\/wp\/v2\/pages\/355\/revisions\/756"}],"wp:attachment":[{"href":"https:\/\/www2.uepg.br\/licenciatura-artes-visuais\/wp-json\/wp\/v2\/media?parent=355"}],"curies":[{"name":"wp","href":"https:\/\/api.w.org\/{rel}","templated":true}]}}