{"id":151,"date":"2020-02-04T21:17:26","date_gmt":"2020-02-05T00:17:26","guid":{"rendered":"http:\/\/www2.uepg.br\/testes\/?page_id=151"},"modified":"2022-05-19T11:42:37","modified_gmt":"2022-05-19T14:42:37","slug":"docentes","status":"publish","type":"page","link":"https:\/\/www2.uepg.br\/licenciatura-matematica\/docentes\/","title":{"rendered":"Docentes"},"content":{"rendered":"<p style=\"text-align: center\">\n<table id=\"tablepress-9\" class=\"tablepress tablepress-id-9\">\n<thead>\n<tr class=\"row-1 odd\">\n\t<th class=\"column-1\">Docente<\/th><th class=\"column-2\">Disciplina<\/th><th class=\"column-3\">E-mail<\/th>\n<\/tr>\n<\/thead>\n<tbody class=\"row-hover\">\n<tr class=\"row-2 even\">\n\t<td class=\"column-1\">Elisangela dos Santos Meza<\/td><td class=\"column-2\">Matem\u00e1tica Elementar e Fun\u00e7\u00f5es Reais<\/td><td class=\"column-3\">emeza@uepg.br<\/td>\n<\/tr>\n<tr class=\"row-3 odd\">\n\t<td class=\"column-1\">Marcos Teixeira Alves<\/td><td class=\"column-2\">Introdu\u00e7\u00e3o \u00e0 L\u00f3gica Matem\u00e1tica e Introdu\u00e7\u00e3o \u00e0 Pr\u00e1tica Extensionista<\/td><td class=\"column-3\">mtalves@uepg.br<\/td>\n<\/tr>\n<tr class=\"row-4 even\">\n\t<td class=\"column-1\">Scheila Valechenski Biehl<\/td><td class=\"column-2\">Geometria Plana e Geometria Espacial<\/td><td class=\"column-3\">svbiehl@uepg.br<\/td>\n<\/tr>\n<tr class=\"row-5 odd\">\n\t<td class=\"column-1\">Luciane Grossi<\/td><td class=\"column-2\">Fundamentos da A\u00e7\u00e3o Docente em Matem\u00e1tica<\/td><td class=\"column-3\">lgrossi.uepg@gmail.com<\/td>\n<\/tr>\n<tr class=\"row-6 even\">\n\t<td class=\"column-1\">Jaine dos Santos Floriano<\/td><td class=\"column-2\">Fundamentos da Educa\u00e7\u00e3o e Pol\u00edtica Educacional<\/td><td class=\"column-3\"><\/td>\n<\/tr>\n<tr class=\"row-7 odd\">\n\t<td class=\"column-1\">Wanderley Aparecido Cerniauskas<\/td><td class=\"column-2\">\u00c1lgebra<\/td><td class=\"column-3\">wanderley@uepg.br <\/td>\n<\/tr>\n<tr class=\"row-8 even\">\n\t<td class=\"column-1\">Leonardo Pires<\/td><td class=\"column-2\">\u00c1lgebra Linear e An\u00e1lise Real<\/td><td class=\"column-3\">lpires@uepg.br<\/td>\n<\/tr>\n<tr class=\"row-9 odd\">\n\t<td class=\"column-1\">Alexandra Fanha<\/td><td class=\"column-2\">C\u00e1lculo Diferencial e Integral II<\/td><td class=\"column-3\">alexandrefanha@gmail.com<\/td>\n<\/tr>\n<tr class=\"row-10 even\">\n\t<td class=\"column-1\">Airton Kist<\/td><td class=\"column-2\">Estat\u00edstica e Probabilidade<\/td><td class=\"column-3\">kist@uepg.br<\/td>\n<\/tr>\n<tr class=\"row-11 odd\">\n\t<td class=\"column-1\">Marceli Behm Goulart<\/td><td class=\"column-2\">Instrumenta\u00e7\u00e3o para o Ensino de Matem\u00e1tica II e Est\u00e1gio Curricular Supervisionado em Matem\u00e1tica I<\/td><td class=\"column-3\">marcelibg@gmail.com<\/td>\n<\/tr>\n<tr class=\"row-12 even\">\n\t<td class=\"column-1\">Gabriela Chem de Souza do Ros\u00e1rio<\/td><td class=\"column-2\">Fundamentos da Educa\u00e7\u00e3o<\/td><td class=\"column-3\"><\/td>\n<\/tr>\n<tr class=\"row-13 odd\">\n\t<td class=\"column-1\">Marlon Jose Gavlik Mendes<\/td><td class=\"column-2\">Psicologia da Educa\u00e7\u00e3o<\/td><td class=\"column-3\"><\/td>\n<\/tr>\n<tr class=\"row-14 even\">\n\t<td class=\"column-1\">Jos\u00e9 Trobia<\/td><td class=\"column-2\">S\u00e9ries e Equa\u00e7\u00f5es Diferenciais<\/td><td class=\"column-3\">jtrobia@uepg.br<\/td>\n<\/tr>\n<tr class=\"row-15 odd\">\n\t<td class=\"column-1\">Afonso Chimanski<\/td><td class=\"column-2\">F\u00edsica Geral<\/td><td class=\"column-3\"><\/td>\n<\/tr>\n<tr class=\"row-16 even\">\n\t<td class=\"column-1\">Jo\u00e3o Luiz Domingues Ribas<\/td><td class=\"column-2\">Instrumenta\u00e7\u00e3o para o Ensino de Matem\u00e1tica III, IV e Est\u00e1gio Curricular Supervisionado em Matem\u00e1tica II<\/td><td class=\"column-3\">jldribas@uepg.br <\/td>\n<\/tr>\n<tr class=\"row-17 odd\">\n\t<td class=\"column-1\">Keila Santos dos Anjos<\/td><td class=\"column-2\">Did\u00e1tica<\/td><td class=\"column-3\"><\/td>\n<\/tr>\n<tr class=\"row-18 even\">\n\t<td class=\"column-1\">Jessica Rodrigues de Oliveira<\/td><td class=\"column-2\">Hist\u00f3ria da Matem\u00e1tica<\/td><td class=\"column-3\"><\/td>\n<\/tr>\n<tr class=\"row-19 odd\">\n\t<td class=\"column-1\">Margarete Aparecida dos Santos<\/td><td class=\"column-2\">C\u00e1lculo Num\u00e9rico<\/td><td class=\"column-3\">margaas@uepg.br<\/td>\n<\/tr>\n<tr class=\"row-20 even\">\n\t<td class=\"column-1\">Marciano Pereira<\/td><td class=\"column-2\">Fun\u00e7\u00f5es de Vari\u00e1veis Complexas<\/td><td class=\"column-3\">marcianope@gmail.com<\/td>\n<\/tr>\n<tr class=\"row-21 odd\">\n\t<td class=\"column-1\">Priscila Kabbaz Alves da Costa<\/td><td class=\"column-2\">Laborat\u00f3rio de Ensino de Matem\u00e1tica<\/td><td class=\"column-3\">priscilakabbaz@gmail.com<\/td>\n<\/tr>\n<tr class=\"row-22 even\">\n\t<td class=\"column-1\">Ana Lucia Pereira<\/td><td class=\"column-2\">Pesquisa em Educa\u00e7\u00e3o Matem\u00e1tica<\/td><td class=\"column-3\">ana.lucia.pereira.173@gmail.com<\/td>\n<\/tr>\n<tr class=\"row-23 odd\">\n\t<td class=\"column-1\">Gustavo Granado Magalh\u00e3es<\/td><td class=\"column-2\">Matem\u00e1tica Financeira<\/td><td class=\"column-3\"><\/td>\n<\/tr>\n<\/tbody>\n<\/table>\n<!-- #tablepress-9 from cache --><\/p>\n","protected":false},"excerpt":{"rendered":"","protected":false},"author":24,"featured_media":0,"parent":0,"menu_order":0,"comment_status":"closed","ping_status":"closed","template":"","meta":[],"_links":{"self":[{"href":"https:\/\/www2.uepg.br\/licenciatura-matematica\/wp-json\/wp\/v2\/pages\/151"}],"collection":[{"href":"https:\/\/www2.uepg.br\/licenciatura-matematica\/wp-json\/wp\/v2\/pages"}],"about":[{"href":"https:\/\/www2.uepg.br\/licenciatura-matematica\/wp-json\/wp\/v2\/types\/page"}],"author":[{"embeddable":true,"href":"https:\/\/www2.uepg.br\/licenciatura-matematica\/wp-json\/wp\/v2\/users\/24"}],"replies":[{"embeddable":true,"href":"https:\/\/www2.uepg.br\/licenciatura-matematica\/wp-json\/wp\/v2\/comments?post=151"}],"version-history":[{"count":8,"href":"https:\/\/www2.uepg.br\/licenciatura-matematica\/wp-json\/wp\/v2\/pages\/151\/revisions"}],"predecessor-version":[{"id":558,"href":"https:\/\/www2.uepg.br\/licenciatura-matematica\/wp-json\/wp\/v2\/pages\/151\/revisions\/558"}],"wp:attachment":[{"href":"https:\/\/www2.uepg.br\/licenciatura-matematica\/wp-json\/wp\/v2\/media?parent=151"}],"curies":[{"name":"wp","href":"https:\/\/api.w.org\/{rel}","templated":true}]}}