{"id":159,"date":"2020-02-04T21:19:10","date_gmt":"2020-02-05T00:19:10","guid":{"rendered":"http:\/\/www2.uepg.br\/testes\/?page_id=159"},"modified":"2022-11-13T10:15:57","modified_gmt":"2022-11-13T13:15:57","slug":"pos-graduacao","status":"publish","type":"page","link":"https:\/\/www2.uepg.br\/licenciatura-matematica\/pos-graduacao\/","title":{"rendered":"P\u00f3s-Gradua\u00e7\u00e3o"},"content":{"rendered":"<div id=\"pl-159\"  class=\"panel-layout\" ><div id=\"pg-159-0\"  class=\"panel-grid panel-no-style\" ><div id=\"pgc-159-0-0\"  class=\"panel-grid-cell\" ><div id=\"panel-159-0-0-0\" class=\"so-panel widget widget_sow-tabs panel-first-child panel-last-child\" data-index=\"0\" ><div\n\t\t\t\n\t\t\tclass=\"so-widget-sow-tabs so-widget-sow-tabs-default-007108252d81-159\"\n\t\t\t\n\t\t><div class=\"sow-tabs\">\n\t<div class=\"sow-tabs-tab-container\" role=\"tablist\">\n\t\t\t<div class=\"sow-tabs-tab sow-tabs-tab-selected\"\n\t\t\t role=\"tab\" data-anchor=\"p%c3%b3s-gradua%c3%a7%c3%a3o\"\n\t\t\t aria-selected=\"true\" tabindex=\"0\">\n\t\t\t<div class=\"sow-tabs-title sow-tabs-title-icon-left\">\n\t\t\t\t\t\t\t\tP\u00f3s-Gradua\u00e7\u00e3o\t\t\t\t\t\t\t<\/div>\n\t\t<\/div>\n\t\t<\/div>\n\t\n\t<div class=\"sow-tabs-panel-container\">\n\t\t\t<div class=\"sow-tabs-panel\">\n\t\t\t<div class=\"sow-tabs-panel-content\" role=\"tabpanel\" tabindex=\"0\">\n\t\t\t\t<p>O\u00a0<strong>Mestrado Profissional em Matem\u00e1tica em Rede Nacional \u2013 PROFMAT<\/strong> \u00e9 um programa de mestrado semipresencial na \u00e1rea de Matem\u00e1tica com oferta nacional. Visa atender prioritariamente professores de Matem\u00e1tica em exerc\u00edcio na Educa\u00e7\u00e3o B\u00e1sica, especialmente de escolas p\u00fablicas, que busquem aprimoramento em sua forma\u00e7\u00e3o profissional, com \u00eanfase no dom\u00ednio aprofundado de conte\u00fado matem\u00e1tico relevante para sua doc\u00eancia. Para saber mais, conhe\u00e7a a homepage do <a href=\"https:\/\/www2.uepg.br\/profmat\/\" target=\"_blank\" rel=\"noopener\">PROFMAT-UEPG<\/a>.<\/p>\n<p>Com o <strong>Mestrado em Ensino de Ci\u00eancias e Educa\u00e7\u00e3o Matem\u00e1tica<\/strong> da UEPG pretende-se possibilitar aos mestrandos uma s\u00f3lida compreens\u00e3o do processo de ensino e aprendizagem, pelas vias do ensino e da pesquisa, que possibilitem a forma\u00e7\u00e3o de docentes-pesquisadores. A inten\u00e7\u00e3o \u00e9 que tais profissionais sejam capazes de trabalhar de forma coerente com as estruturas de pensamentos exigidas pela ci\u00eancia e pela tecnologia, sabendo relacion\u00e1-las com suas inser\u00e7\u00f5es na realidade educacional e social, ao mesmo tempo em que saibam dar tratamento adequado \u00e0 interdepend\u00eancia de conte\u00fados e disciplinas para a forma\u00e7\u00e3o de vis\u00e3o das interconex\u00f5es das Ci\u00eancias e da Matem\u00e1tica com todas as esferas do macro social. Para conhecer melhor o prorgama, visite a p\u00e1gina do <a href=\"https:\/\/www2.uepg.br\/ppgecem\/\" target=\"_blank\" rel=\"noopener\">PPGECEM.<\/a><\/p>\n\t\t\t<\/div>\n\t\t<\/div>\n\t\t<\/div>\n<\/div>\n<\/div><\/div><\/div><\/div><\/div>","protected":false},"excerpt":{"rendered":"<p>P\u00f3s-Gradua\u00e7\u00e3o O\u00a0Mestrado Profissional em Matem\u00e1tica em Rede Nacional \u2013 PROFMAT \u00e9 um programa de mestrado semipresencial na \u00e1rea de Matem\u00e1tica com oferta nacional. Visa atender prioritariamente professores de Matem\u00e1tica em exerc\u00edcio na Educa\u00e7\u00e3o B\u00e1sica, especialmente de escolas p\u00fablicas, que busquem aprimoramento em sua forma\u00e7\u00e3o profissional, com \u00eanfase no dom\u00ednio aprofundado de conte\u00fado matem\u00e1tico relevante para&nbsp;&hellip;<\/p>\n","protected":false},"author":24,"featured_media":0,"parent":0,"menu_order":0,"comment_status":"closed","ping_status":"closed","template":"","meta":[],"_links":{"self":[{"href":"https:\/\/www2.uepg.br\/licenciatura-matematica\/wp-json\/wp\/v2\/pages\/159"}],"collection":[{"href":"https:\/\/www2.uepg.br\/licenciatura-matematica\/wp-json\/wp\/v2\/pages"}],"about":[{"href":"https:\/\/www2.uepg.br\/licenciatura-matematica\/wp-json\/wp\/v2\/types\/page"}],"author":[{"embeddable":true,"href":"https:\/\/www2.uepg.br\/licenciatura-matematica\/wp-json\/wp\/v2\/users\/24"}],"replies":[{"embeddable":true,"href":"https:\/\/www2.uepg.br\/licenciatura-matematica\/wp-json\/wp\/v2\/comments?post=159"}],"version-history":[{"count":5,"href":"https:\/\/www2.uepg.br\/licenciatura-matematica\/wp-json\/wp\/v2\/pages\/159\/revisions"}],"predecessor-version":[{"id":790,"href":"https:\/\/www2.uepg.br\/licenciatura-matematica\/wp-json\/wp\/v2\/pages\/159\/revisions\/790"}],"wp:attachment":[{"href":"https:\/\/www2.uepg.br\/licenciatura-matematica\/wp-json\/wp\/v2\/media?parent=159"}],"curies":[{"name":"wp","href":"https:\/\/api.w.org\/{rel}","templated":true}]}}