{"id":278,"date":"2020-03-05T15:38:10","date_gmt":"2020-03-05T18:38:10","guid":{"rendered":"http:\/\/www2.uepg.br\/testes\/?page_id=278"},"modified":"2022-11-13T10:06:40","modified_gmt":"2022-11-13T13:06:40","slug":"estrutura","status":"publish","type":"page","link":"https:\/\/www2.uepg.br\/licenciatura-matematica\/estrutura\/","title":{"rendered":"Estrutura"},"content":{"rendered":"<p>O curso de Licenciatura em Matem\u00e1tica utiliza a <strong>Central de Salas<\/strong> para suas aulas no per\u00edodo noturno. As salas s\u00e3o equipadas com 30 a 60 carteiras, contendo ainda quadro de giz, cortinas, projetor multim\u00eddia e ar condicionado:<\/p>\n\n\t\t<style type=\"text\/css\">\n\t\t\t#gallery-1 {\n\t\t\t\tmargin: auto;\n\t\t\t}\n\t\t\t#gallery-1 .gallery-item {\n\t\t\t\tfloat: left;\n\t\t\t\tmargin-top: 10px;\n\t\t\t\ttext-align: center;\n\t\t\t\twidth: 33%;\n\t\t\t}\n\t\t\t#gallery-1 img {\n\t\t\t\tborder: 2px solid #cfcfcf;\n\t\t\t}\n\t\t\t#gallery-1 .gallery-caption {\n\t\t\t\tmargin-left: 0;\n\t\t\t}\n\t\t\t\/* see gallery_shortcode() in wp-includes\/media.php *\/\n\t\t<\/style>\n\t\t<div id='gallery-1' class='gallery galleryid-278 gallery-columns-3 gallery-size-thumbnail'><dl class='gallery-item'>\n\t\t\t<dt class='gallery-icon landscape'>\n\t\t\t\t<a href='https:\/\/www2.uepg.br\/licenciatura-matematica\/cs0-2\/'><img width=\"150\" height=\"150\" src=\"https:\/\/www2.uepg.br\/licenciatura-matematica\/wp-content\/uploads\/sites\/75\/2022\/06\/CS0-1-150x150.jpg\" class=\"attachment-thumbnail size-thumbnail\" alt=\"\" loading=\"lazy\" \/><\/a>\n\t\t\t<\/dt><\/dl><dl class='gallery-item'>\n\t\t\t<dt class='gallery-icon landscape'>\n\t\t\t\t<a href='https:\/\/www2.uepg.br\/licenciatura-matematica\/cs2-2\/'><img width=\"150\" height=\"150\" src=\"https:\/\/www2.uepg.br\/licenciatura-matematica\/wp-content\/uploads\/sites\/75\/2022\/06\/CS2-1-150x150.jpg\" class=\"attachment-thumbnail size-thumbnail\" alt=\"\" loading=\"lazy\" \/><\/a>\n\t\t\t<\/dt><\/dl><dl class='gallery-item'>\n\t\t\t<dt class='gallery-icon portrait'>\n\t\t\t\t<a href='https:\/\/www2.uepg.br\/licenciatura-matematica\/cs1-2\/'><img width=\"150\" height=\"150\" src=\"https:\/\/www2.uepg.br\/licenciatura-matematica\/wp-content\/uploads\/sites\/75\/2022\/06\/CS1-1-150x150.jpg\" class=\"attachment-thumbnail size-thumbnail\" alt=\"\" loading=\"lazy\" \/><\/a>\n\t\t\t<\/dt><\/dl><br style=\"clear: both\" \/>\n\t\t<\/div>\n\n<p>Para as aulas pr\u00e1ticas, o curso tem a disposi\u00e7\u00e3o o <strong>LEM<\/strong> &#8211; <em>Laborat\u00f3rio de Ensino de Matem\u00e1tica<\/em>. Este espa\u00e7o amplo cont\u00e9m diversos materiais did\u00e1ticos, uma lousa digital, um quadro de giz, projetor multim\u00eddia, computadores, um televisor e uma biblioteca com livros das \u00e1reas de Matem\u00e1tica e Ensino de Matem\u00e1tica, mesas e carteiras:<\/p>\n\n\t\t<style type=\"text\/css\">\n\t\t\t#gallery-2 {\n\t\t\t\tmargin: auto;\n\t\t\t}\n\t\t\t#gallery-2 .gallery-item {\n\t\t\t\tfloat: left;\n\t\t\t\tmargin-top: 10px;\n\t\t\t\ttext-align: center;\n\t\t\t\twidth: 25%;\n\t\t\t}\n\t\t\t#gallery-2 img {\n\t\t\t\tborder: 2px solid #cfcfcf;\n\t\t\t}\n\t\t\t#gallery-2 .gallery-caption {\n\t\t\t\tmargin-left: 0;\n\t\t\t}\n\t\t\t\/* see gallery_shortcode() in wp-includes\/media.php *\/\n\t\t<\/style>\n\t\t<div id='gallery-2' class='gallery galleryid-278 gallery-columns-4 gallery-size-thumbnail'><dl class='gallery-item'>\n\t\t\t<dt class='gallery-icon portrait'>\n\t\t\t\t<a href='https:\/\/www2.uepg.br\/licenciatura-matematica\/estrutura\/lem4\/'><img width=\"150\" height=\"150\" src=\"https:\/\/www2.uepg.br\/licenciatura-matematica\/wp-content\/uploads\/sites\/75\/2022\/06\/LEM4-150x150.jpg\" class=\"attachment-thumbnail size-thumbnail\" alt=\"\" loading=\"lazy\" \/><\/a>\n\t\t\t<\/dt><\/dl><dl class='gallery-item'>\n\t\t\t<dt class='gallery-icon portrait'>\n\t\t\t\t<a href='https:\/\/www2.uepg.br\/licenciatura-matematica\/estrutura\/lem2\/'><img width=\"150\" height=\"150\" src=\"https:\/\/www2.uepg.br\/licenciatura-matematica\/wp-content\/uploads\/sites\/75\/2022\/06\/LEM2-150x150.jpg\" class=\"attachment-thumbnail size-thumbnail\" alt=\"\" loading=\"lazy\" \/><\/a>\n\t\t\t<\/dt><\/dl><dl class='gallery-item'>\n\t\t\t<dt class='gallery-icon portrait'>\n\t\t\t\t<a href='https:\/\/www2.uepg.br\/licenciatura-matematica\/estrutura\/lem1\/'><img width=\"150\" height=\"150\" src=\"https:\/\/www2.uepg.br\/licenciatura-matematica\/wp-content\/uploads\/sites\/75\/2022\/06\/LEM1-150x150.jpg\" class=\"attachment-thumbnail size-thumbnail\" alt=\"\" loading=\"lazy\" \/><\/a>\n\t\t\t<\/dt><\/dl><dl class='gallery-item'>\n\t\t\t<dt class='gallery-icon portrait'>\n\t\t\t\t<a href='https:\/\/www2.uepg.br\/licenciatura-matematica\/estrutura\/lem6\/'><img width=\"150\" height=\"150\" src=\"https:\/\/www2.uepg.br\/licenciatura-matematica\/wp-content\/uploads\/sites\/75\/2022\/06\/LEM6-150x150.jpg\" class=\"attachment-thumbnail size-thumbnail\" alt=\"\" loading=\"lazy\" \/><\/a>\n\t\t\t<\/dt><\/dl><br style=\"clear: both\" \/>\n\t\t<\/div>\n\n<p>O curso ainda conta um <strong>Laborat\u00f3rio de Inform\u00e1tica<\/strong> contendo 20 computadores equipados com softwares comumente utilizados na \u00e1rea, como Mathematica, Matlab, entre outros. O espa\u00e7o ainda possui projetor multim\u00eddia, uma lousa digital e um quadro branco:<\/p>\n\n\t\t<style type=\"text\/css\">\n\t\t\t#gallery-3 {\n\t\t\t\tmargin: auto;\n\t\t\t}\n\t\t\t#gallery-3 .gallery-item {\n\t\t\t\tfloat: left;\n\t\t\t\tmargin-top: 10px;\n\t\t\t\ttext-align: center;\n\t\t\t\twidth: 50%;\n\t\t\t}\n\t\t\t#gallery-3 img {\n\t\t\t\tborder: 2px solid #cfcfcf;\n\t\t\t}\n\t\t\t#gallery-3 .gallery-caption {\n\t\t\t\tmargin-left: 0;\n\t\t\t}\n\t\t\t\/* see gallery_shortcode() in wp-includes\/media.php *\/\n\t\t<\/style>\n\t\t<div id='gallery-3' class='gallery galleryid-278 gallery-columns-2 gallery-size-thumbnail'><dl class='gallery-item'>\n\t\t\t<dt class='gallery-icon landscape'>\n\t\t\t\t<a href='https:\/\/www2.uepg.br\/licenciatura-matematica\/estrutura\/li1\/'><img width=\"150\" height=\"150\" src=\"https:\/\/www2.uepg.br\/licenciatura-matematica\/wp-content\/uploads\/sites\/75\/2022\/06\/LI1-150x150.jpg\" class=\"attachment-thumbnail size-thumbnail\" alt=\"\" loading=\"lazy\" \/><\/a>\n\t\t\t<\/dt><\/dl><dl class='gallery-item'>\n\t\t\t<dt class='gallery-icon portrait'>\n\t\t\t\t<a href='https:\/\/www2.uepg.br\/licenciatura-matematica\/estrutura\/li0\/'><img width=\"150\" height=\"150\" src=\"https:\/\/www2.uepg.br\/licenciatura-matematica\/wp-content\/uploads\/sites\/75\/2022\/06\/LI0-150x150.jpg\" class=\"attachment-thumbnail size-thumbnail\" alt=\"\" loading=\"lazy\" \/><\/a>\n\t\t\t<\/dt><\/dl><br style=\"clear: both\" \/>\n\t\t<\/div>\n\n<p>A <strong>coordena\u00e7\u00e3o do curso<\/strong> conta com uma sala equipada com computador, arm\u00e1rios, mesa e carteiras para atendimento aos acad\u00eamicos e professores. Situa-se no Bloco L, junto ao Departamento de Matem\u00e1tica e Estat\u00edstica.<\/p>\n","protected":false},"excerpt":{"rendered":"<p>O curso de Licenciatura em Matem\u00e1tica utiliza a Central de Salas para suas aulas no per\u00edodo noturno. As salas s\u00e3o equipadas com 30 a 60 carteiras, contendo ainda quadro de giz, cortinas, projetor multim\u00eddia e ar condicionado: Para as aulas pr\u00e1ticas, o curso tem a disposi\u00e7\u00e3o o LEM &#8211; Laborat\u00f3rio de Ensino de Matem\u00e1tica. Este&nbsp;&hellip;<\/p>\n","protected":false},"author":24,"featured_media":0,"parent":0,"menu_order":0,"comment_status":"closed","ping_status":"closed","template":"","meta":[],"_links":{"self":[{"href":"https:\/\/www2.uepg.br\/licenciatura-matematica\/wp-json\/wp\/v2\/pages\/278"}],"collection":[{"href":"https:\/\/www2.uepg.br\/licenciatura-matematica\/wp-json\/wp\/v2\/pages"}],"about":[{"href":"https:\/\/www2.uepg.br\/licenciatura-matematica\/wp-json\/wp\/v2\/types\/page"}],"author":[{"embeddable":true,"href":"https:\/\/www2.uepg.br\/licenciatura-matematica\/wp-json\/wp\/v2\/users\/24"}],"replies":[{"embeddable":true,"href":"https:\/\/www2.uepg.br\/licenciatura-matematica\/wp-json\/wp\/v2\/comments?post=278"}],"version-history":[{"count":8,"href":"https:\/\/www2.uepg.br\/licenciatura-matematica\/wp-json\/wp\/v2\/pages\/278\/revisions"}],"predecessor-version":[{"id":788,"href":"https:\/\/www2.uepg.br\/licenciatura-matematica\/wp-json\/wp\/v2\/pages\/278\/revisions\/788"}],"wp:attachment":[{"href":"https:\/\/www2.uepg.br\/licenciatura-matematica\/wp-json\/wp\/v2\/media?parent=278"}],"curies":[{"name":"wp","href":"https:\/\/api.w.org\/{rel}","templated":true}]}}