{"id":281,"date":"2020-03-05T15:39:15","date_gmt":"2020-03-05T18:39:15","guid":{"rendered":"http:\/\/www2.uepg.br\/testes\/?page_id=281"},"modified":"2022-11-13T10:08:47","modified_gmt":"2022-11-13T13:08:47","slug":"campos-de-atuacao","status":"publish","type":"page","link":"https:\/\/www2.uepg.br\/licenciatura-matematica\/campos-de-atuacao\/","title":{"rendered":"Campos de Atua\u00e7\u00e3o"},"content":{"rendered":"<p>O profissional egresso do curso de Licenciatura em Matem\u00e1tica poder\u00e1 exercer atividades de doc\u00eancia e de pesquisa nas s\u00e9ries finais do Ensino Fundamental (6\u00ba ao 9\u00ba ano) e no Ensino M\u00e9dio, tanto no setor p\u00fablico quanto no setor privado. Al\u00e9m disso, o egresso deve ser capacitado para atuar em diferentes segmentos educacionais como o ensino a dist\u00e2ncia, atividades em laborat\u00f3rios de ensino e de pesquisa e eventualmente em Institui\u00e7\u00f5es de Ensino Superior, sendo recomendado que prossiga seus estudos em cursos de p\u00f3s-gradua\u00e7\u00e3o.<\/p>\n<p>A forma\u00e7\u00e3o do licenciado em Matem\u00e1tica se apoiar\u00e1 na forma\u00e7\u00e3o espec\u00edfica, na educa\u00e7\u00e3o matem\u00e1tica e na forma\u00e7\u00e3o pedag\u00f3gica, visando \u00e0 inova\u00e7\u00e3o da pr\u00e1tica docente, \u00e0 capacita\u00e7\u00e3o para elaborar estrat\u00e9gias e interven\u00e7\u00f5es de ensino, assim como avaliar e utilizar novas tecnologias de ensino.<\/p>\n<p>As estrat\u00e9gias empregadas no curso de Licenciatura em Matem\u00e1tica para articula\u00e7\u00e3o com o campo profissional est\u00e3o fortemente baseadas no papel das disciplinas pedag\u00f3gicas no processo formativo, na presen\u00e7a da did\u00e1tica espec\u00edfica do conte\u00fado matem\u00e1tico, na participa\u00e7\u00e3o em projetos de inicia\u00e7\u00e3o \u00e0 doc\u00eancia (PIBID) e resid\u00eancia pedag\u00f3gica (PRP), na trajet\u00f3ria extensionista proposta atrav\u00e9s de seus componentes curriculares e na sua articula\u00e7\u00e3o da teoria e da pr\u00e1tica ao longo do curso e dos est\u00e1gios supervisionados.<\/p>\n","protected":false},"excerpt":{"rendered":"<p>O profissional egresso do curso de Licenciatura em Matem\u00e1tica poder\u00e1 exercer atividades de doc\u00eancia e de pesquisa nas s\u00e9ries finais do Ensino Fundamental (6\u00ba ao 9\u00ba ano) e no Ensino M\u00e9dio, tanto no setor p\u00fablico quanto no setor privado. Al\u00e9m disso, o egresso deve ser capacitado para atuar em diferentes segmentos educacionais como o ensino&nbsp;&hellip;<\/p>\n","protected":false},"author":24,"featured_media":0,"parent":0,"menu_order":0,"comment_status":"closed","ping_status":"closed","template":"","meta":[],"_links":{"self":[{"href":"https:\/\/www2.uepg.br\/licenciatura-matematica\/wp-json\/wp\/v2\/pages\/281"}],"collection":[{"href":"https:\/\/www2.uepg.br\/licenciatura-matematica\/wp-json\/wp\/v2\/pages"}],"about":[{"href":"https:\/\/www2.uepg.br\/licenciatura-matematica\/wp-json\/wp\/v2\/types\/page"}],"author":[{"embeddable":true,"href":"https:\/\/www2.uepg.br\/licenciatura-matematica\/wp-json\/wp\/v2\/users\/24"}],"replies":[{"embeddable":true,"href":"https:\/\/www2.uepg.br\/licenciatura-matematica\/wp-json\/wp\/v2\/comments?post=281"}],"version-history":[{"count":6,"href":"https:\/\/www2.uepg.br\/licenciatura-matematica\/wp-json\/wp\/v2\/pages\/281\/revisions"}],"predecessor-version":[{"id":789,"href":"https:\/\/www2.uepg.br\/licenciatura-matematica\/wp-json\/wp\/v2\/pages\/281\/revisions\/789"}],"wp:attachment":[{"href":"https:\/\/www2.uepg.br\/licenciatura-matematica\/wp-json\/wp\/v2\/media?parent=281"}],"curies":[{"name":"wp","href":"https:\/\/api.w.org\/{rel}","templated":true}]}}