{"id":287,"date":"2020-03-05T16:03:55","date_gmt":"2020-03-05T19:03:55","guid":{"rendered":"http:\/\/www2.uepg.br\/testes\/?page_id=287"},"modified":"2024-02-07T11:19:51","modified_gmt":"2024-02-07T14:19:51","slug":"grade-curricular","status":"publish","type":"page","link":"https:\/\/www2.uepg.br\/licenciatura-matematica\/grade-curricular\/","title":{"rendered":"Grade curricular"},"content":{"rendered":"<div id=\"pl-287\"  class=\"panel-layout\" ><div id=\"pg-287-0\"  class=\"panel-grid panel-no-style\" ><div id=\"pgc-287-0-0\"  class=\"panel-grid-cell\" ><div id=\"panel-287-0-0-0\" class=\"so-panel widget widget_sow-accordion panel-first-child panel-last-child\" data-index=\"0\" ><div\n\t\t\t\n\t\t\tclass=\"so-widget-sow-accordion so-widget-sow-accordion-default-1a979414b08c-287\"\n\t\t\t\n\t\t><div>\n\t<div class=\"sow-accordion\">\n\t\t\t<div class=\"sow-accordion-panel\"\n\t\t\t data-anchor=\"fluxograma-curr%c3%adculo-8-vigente-a-partir-de-2023\">\n\t\t\t\t<div class=\"sow-accordion-panel-header-container\" role=\"heading\" aria-level=\"2\">\n\t\t\t\t\t<div class=\"sow-accordion-panel-header\" tabindex=\"0\" role=\"button\" id=\"accordion-label-fluxograma-curr%c3%adculo-8-vigente-a-partir-de-2023\" aria-controls=\"accordion-content-fluxograma-curr%c3%adculo-8-vigente-a-partir-de-2023\" aria-expanded=\"false\">\n\t\t\t\t\t\t<div class=\"sow-accordion-title sow-accordion-title-icon-left\">\n\t\t\t\t\t\t\t\t\t\t\t\t\t\tFluxograma - Curr\u00edculo 8 (vigente a partir de 2023)\t\t\t\t\t\t\t\t\t\t\t\t\t<\/div>\n\t\t\t\t\t\t<div class=\"sow-accordion-open-close-button\">\n\t\t\t\t\t\t\t<div class=\"sow-accordion-open-button\">\n\t\t\t\t\t\t\t\t<span class=\"sow-icon-ionicons\" data-sow-icon=\"&#xf218;\"\n\t\t \n\t\taria-hidden=\"true\"><\/span>\t\t\t\t\t\t\t<\/div>\n\t\t\t\t\t\t\t<div class=\"sow-accordion-close-button\">\n\t\t\t\t\t\t\t\t<span class=\"sow-icon-ionicons\" data-sow-icon=\"&#xf209;\"\n\t\t \n\t\taria-hidden=\"true\"><\/span>\t\t\t\t\t\t\t<\/div>\n\t\t\t\t\t\t<\/div>\n\t\t\t\t\t<\/div>\n\t\t\t\t<\/div>\n\n\t\t\t<div\n\t\t\t\tclass=\"sow-accordion-panel-content\"\n\t\t\t\trole=\"region\"\n\t\t\t\taria-labelledby=\"accordion-label-fluxograma-curr%c3%adculo-8-vigente-a-partir-de-2023\"\n\t\t\t\tid=\"accordion-content-fluxograma-curr%c3%adculo-8-vigente-a-partir-de-2023\"\n\t\t\t\tstyle=\"display: none;\"\t\t\t>\n\t\t\t\t<div class=\"sow-accordion-panel-border\" tabindex=\"0\">\n\t\t\t\t\t<p><a href=\"http:\/\/www2.uepg.br\/licenciatura-matematica\/wp-content\/uploads\/sites\/75\/2023\/02\/Fluxograma-Curriculo8-Lic-Matematica.pdf\" target=\"_blank\" rel=\"noopener\">Clique aqui<\/a> e visualize a organiza\u00e7\u00e3o curricular das disciplinas do Curr\u00edculo 8 (vigente a partir de 2023).<\/p>\n\t\t\t\t<\/div>\n\t\t\t<\/div>\n\t\t<\/div>\n\t\t\t<div class=\"sow-accordion-panel\"\n\t\t\t data-anchor=\"1%c2%aa-s%c3%a9rie-curr%c3%adculo-8-a-partir-de-2023\">\n\t\t\t\t<div class=\"sow-accordion-panel-header-container\" role=\"heading\" aria-level=\"2\">\n\t\t\t\t\t<div class=\"sow-accordion-panel-header\" tabindex=\"0\" role=\"button\" id=\"accordion-label-1%c2%aa-s%c3%a9rie-curr%c3%adculo-8-a-partir-de-2023\" aria-controls=\"accordion-content-1%c2%aa-s%c3%a9rie-curr%c3%adculo-8-a-partir-de-2023\" aria-expanded=\"false\">\n\t\t\t\t\t\t<div class=\"sow-accordion-title sow-accordion-title-icon-left\">\n\t\t\t\t\t\t\t\t\t\t\t\t\t\t1\u00aa S\u00e9rie - Curr\u00edculo 8 (a partir de 2023)\t\t\t\t\t\t\t\t\t\t\t\t\t<\/div>\n\t\t\t\t\t\t<div class=\"sow-accordion-open-close-button\">\n\t\t\t\t\t\t\t<div class=\"sow-accordion-open-button\">\n\t\t\t\t\t\t\t\t<span class=\"sow-icon-ionicons\" data-sow-icon=\"&#xf218;\"\n\t\t \n\t\taria-hidden=\"true\"><\/span>\t\t\t\t\t\t\t<\/div>\n\t\t\t\t\t\t\t<div class=\"sow-accordion-close-button\">\n\t\t\t\t\t\t\t\t<span class=\"sow-icon-ionicons\" data-sow-icon=\"&#xf209;\"\n\t\t \n\t\taria-hidden=\"true\"><\/span>\t\t\t\t\t\t\t<\/div>\n\t\t\t\t\t\t<\/div>\n\t\t\t\t\t<\/div>\n\t\t\t\t<\/div>\n\n\t\t\t<div\n\t\t\t\tclass=\"sow-accordion-panel-content\"\n\t\t\t\trole=\"region\"\n\t\t\t\taria-labelledby=\"accordion-label-1%c2%aa-s%c3%a9rie-curr%c3%adculo-8-a-partir-de-2023\"\n\t\t\t\tid=\"accordion-content-1%c2%aa-s%c3%a9rie-curr%c3%adculo-8-a-partir-de-2023\"\n\t\t\t\tstyle=\"display: none;\"\t\t\t>\n\t\t\t\t<div class=\"sow-accordion-panel-border\" tabindex=\"0\">\n\t\t\t\t\t<p>\n<table id=\"tablepress-5\" class=\"tablepress tablepress-id-5\">\n<thead>\n<tr class=\"row-1 odd\">\n\t<th class=\"column-1\">C\u00f3digo<\/th><th class=\"column-2\">Disciplina<\/th><th class=\"column-3\">Carga Hor\u00e1ria\/Semestre<\/th>\n<\/tr>\n<\/thead>\n<tbody class=\"row-hover\">\n<tr class=\"row-2 even\">\n\t<td class=\"column-1\">101736<\/td><td class=\"column-2\">Geometria Plana<\/td><td class=\"column-3\">68\/1\u00ba<\/td>\n<\/tr>\n<tr class=\"row-3 odd\">\n\t<td class=\"column-1\">101737<\/td><td class=\"column-2\">Introdu\u00e7\u00e3o \u00e0 L\u00f3gica Matem\u00e1tica<\/td><td class=\"column-3\">68\/1\u00ba<\/td>\n<\/tr>\n<tr class=\"row-4 even\">\n\t<td class=\"column-1\">101738<\/td><td class=\"column-2\">Matem\u00e1tica Elementar<\/td><td class=\"column-3\">68\/1\u00ba<\/td>\n<\/tr>\n<tr class=\"row-5 odd\">\n\t<td class=\"column-1\">101739<\/td><td class=\"column-2\">Fundamentos da A\u00e7\u00e3o Docente em Matem\u00e1tica<\/td><td class=\"column-3\">68\/1\u00ba<\/td>\n<\/tr>\n<tr class=\"row-6 even\">\n\t<td class=\"column-1\">501650<\/td><td class=\"column-2\">Fundamentos da Educa\u00e7\u00e3o<\/td><td class=\"column-3\">68\/1\u00ba<\/td>\n<\/tr>\n<tr class=\"row-7 odd\">\n\t<td class=\"column-1\">101740<\/td><td class=\"column-2\">Geometria Espacial<\/td><td class=\"column-3\">68\/2\u00ba<\/td>\n<\/tr>\n<tr class=\"row-8 even\">\n\t<td class=\"column-1\">101741<\/td><td class=\"column-2\">An\u00e1lise Combinat\u00f3ria e Probabilidade<\/td><td class=\"column-3\">68\/2\u00ba<\/td>\n<\/tr>\n<tr class=\"row-9 odd\">\n\t<td class=\"column-1\">101742<\/td><td class=\"column-2\">Fun\u00e7\u00f5es Reais<\/td><td class=\"column-3\">68\/2\u00ba<\/td>\n<\/tr>\n<tr class=\"row-10 even\">\n\t<td class=\"column-1\">101743<\/td><td class=\"column-2\">Doc\u00eancia em Matem\u00e1tica I<\/td><td class=\"column-3\">68\/2\u00ba<\/td>\n<\/tr>\n<tr class=\"row-11 odd\">\n\t<td class=\"column-1\">101744<\/td><td class=\"column-2\">Introdu\u00e7\u00e3o \u00e0 Pr\u00e1tica Extensionista<\/td><td class=\"column-3\">68\/2\u00ba<\/td>\n<\/tr>\n<tr class=\"row-12 even\">\n\t<td class=\"column-1\">501651<\/td><td class=\"column-2\">Pol\u00edtica Educacional<\/td><td class=\"column-3\">68\/2\u00ba<\/td>\n<\/tr>\n<\/tbody>\n<\/table>\n<!-- #tablepress-5 from cache --><\/p>\n\t\t\t\t<\/div>\n\t\t\t<\/div>\n\t\t<\/div>\n\t\t\t<div class=\"sow-accordion-panel\"\n\t\t\t data-anchor=\"2%c2%aa-s%c3%a9rie-curr%c3%adculo-8\">\n\t\t\t\t<div class=\"sow-accordion-panel-header-container\" role=\"heading\" aria-level=\"2\">\n\t\t\t\t\t<div class=\"sow-accordion-panel-header\" tabindex=\"0\" role=\"button\" id=\"accordion-label-2%c2%aa-s%c3%a9rie-curr%c3%adculo-8\" aria-controls=\"accordion-content-2%c2%aa-s%c3%a9rie-curr%c3%adculo-8\" aria-expanded=\"false\">\n\t\t\t\t\t\t<div class=\"sow-accordion-title sow-accordion-title-icon-left\">\n\t\t\t\t\t\t\t\t\t\t\t\t\t\t2\u00aa S\u00e9rie - Curr\u00edculo 8\t\t\t\t\t\t\t\t\t\t\t\t\t<\/div>\n\t\t\t\t\t\t<div class=\"sow-accordion-open-close-button\">\n\t\t\t\t\t\t\t<div class=\"sow-accordion-open-button\">\n\t\t\t\t\t\t\t\t<span class=\"sow-icon-ionicons\" data-sow-icon=\"&#xf218;\"\n\t\t \n\t\taria-hidden=\"true\"><\/span>\t\t\t\t\t\t\t<\/div>\n\t\t\t\t\t\t\t<div class=\"sow-accordion-close-button\">\n\t\t\t\t\t\t\t\t<span class=\"sow-icon-ionicons\" data-sow-icon=\"&#xf209;\"\n\t\t \n\t\taria-hidden=\"true\"><\/span>\t\t\t\t\t\t\t<\/div>\n\t\t\t\t\t\t<\/div>\n\t\t\t\t\t<\/div>\n\t\t\t\t<\/div>\n\n\t\t\t<div\n\t\t\t\tclass=\"sow-accordion-panel-content\"\n\t\t\t\trole=\"region\"\n\t\t\t\taria-labelledby=\"accordion-label-2%c2%aa-s%c3%a9rie-curr%c3%adculo-8\"\n\t\t\t\tid=\"accordion-content-2%c2%aa-s%c3%a9rie-curr%c3%adculo-8\"\n\t\t\t\tstyle=\"display: none;\"\t\t\t>\n\t\t\t\t<div class=\"sow-accordion-panel-border\" tabindex=\"0\">\n\t\t\t\t\t<p>\n<table id=\"tablepress-6\" class=\"tablepress tablepress-id-6\">\n<thead>\n<tr class=\"row-1 odd\">\n\t<th class=\"column-1\">C\u00f3digo<\/th><th class=\"column-2\">Disciplina<\/th><th class=\"column-3\">Carga Hor\u00e1ria\/Semestre<\/th>\n<\/tr>\n<\/thead>\n<tbody class=\"row-hover\">\n<tr class=\"row-2 even\">\n\t<td class=\"column-1\">101761<\/td><td class=\"column-2\">Geometria Anal\u00edtica<\/td><td class=\"column-3\">68\/1\u00ba<\/td>\n<\/tr>\n<tr class=\"row-3 odd\">\n\t<td class=\"column-1\">101762<\/td><td class=\"column-2\">Teoria dos N\u00fameros<\/td><td class=\"column-3\">68\/1\u00ba<\/td>\n<\/tr>\n<tr class=\"row-4 even\">\n\t<td class=\"column-1\"> 101763<\/td><td class=\"column-2\">C\u00e1lculo Diferencial e Integral I<\/td><td class=\"column-3\">68\/1\u00ba<\/td>\n<\/tr>\n<tr class=\"row-5 odd\">\n\t<td class=\"column-1\"> 101799<\/td><td class=\"column-2\">Doc\u00eancia em Matem\u00e1tica II<\/td><td class=\"column-3\">68\/1\u00ba<\/td>\n<\/tr>\n<tr class=\"row-6 even\">\n\t<td class=\"column-1\">101800<\/td><td class=\"column-2\">Pr\u00e1tica Extensionista I<\/td><td class=\"column-3\">68\/1\u00ba<\/td>\n<\/tr>\n<tr class=\"row-7 odd\">\n\t<td class=\"column-1\"> 501670<\/td><td class=\"column-2\">Psicologia da Educa\u00e7\u00e3o<\/td><td class=\"column-3\">68\/1\u00ba<\/td>\n<\/tr>\n<tr class=\"row-8 even\">\n\t<td class=\"column-1\"> 101766<\/td><td class=\"column-2\">\u00c1lgebra Linear I<\/td><td class=\"column-3\">68\/2\u00ba<\/td>\n<\/tr>\n<tr class=\"row-9 odd\">\n\t<td class=\"column-1\"> 101765<\/td><td class=\"column-2\">Estat\u00edstica<\/td><td class=\"column-3\">68\/2\u00ba<\/td>\n<\/tr>\n<tr class=\"row-10 even\">\n\t<td class=\"column-1\"> 101764<\/td><td class=\"column-2\">C\u00e1lculo Diferencial e Integral II<\/td><td class=\"column-3\">68\/2\u00ba<\/td>\n<\/tr>\n<tr class=\"row-11 odd\">\n\t<td class=\"column-1\"> 101767<\/td><td class=\"column-2\">Tecnologias no Ensino de Matem\u00e1tica I<\/td><td class=\"column-3\">68\/2\u00ba<\/td>\n<\/tr>\n<tr class=\"row-12 even\">\n\t<td class=\"column-1\"> 509698<\/td><td class=\"column-2\">Did\u00e1tica<\/td><td class=\"column-3\">68\/2\u00ba<\/td>\n<\/tr>\n<\/tbody>\n<\/table>\n<!-- #tablepress-6 from cache --><\/p>\n\t\t\t\t<\/div>\n\t\t\t<\/div>\n\t\t<\/div>\n\t\t\t<div class=\"sow-accordion-panel\"\n\t\t\t data-anchor=\"3%c2%aa-s%c3%a9rie-curr%c3%adculo-7\">\n\t\t\t\t<div class=\"sow-accordion-panel-header-container\" role=\"heading\" aria-level=\"2\">\n\t\t\t\t\t<div class=\"sow-accordion-panel-header\" tabindex=\"0\" role=\"button\" id=\"accordion-label-3%c2%aa-s%c3%a9rie-curr%c3%adculo-7\" aria-controls=\"accordion-content-3%c2%aa-s%c3%a9rie-curr%c3%adculo-7\" aria-expanded=\"false\">\n\t\t\t\t\t\t<div class=\"sow-accordion-title sow-accordion-title-icon-left\">\n\t\t\t\t\t\t\t\t\t\t\t\t\t\t3\u00aa S\u00e9rie - Curr\u00edculo 7\t\t\t\t\t\t\t\t\t\t\t\t\t<\/div>\n\t\t\t\t\t\t<div class=\"sow-accordion-open-close-button\">\n\t\t\t\t\t\t\t<div class=\"sow-accordion-open-button\">\n\t\t\t\t\t\t\t\t<span class=\"sow-icon-ionicons\" data-sow-icon=\"&#xf218;\"\n\t\t \n\t\taria-hidden=\"true\"><\/span>\t\t\t\t\t\t\t<\/div>\n\t\t\t\t\t\t\t<div class=\"sow-accordion-close-button\">\n\t\t\t\t\t\t\t\t<span class=\"sow-icon-ionicons\" data-sow-icon=\"&#xf209;\"\n\t\t \n\t\taria-hidden=\"true\"><\/span>\t\t\t\t\t\t\t<\/div>\n\t\t\t\t\t\t<\/div>\n\t\t\t\t\t<\/div>\n\t\t\t\t<\/div>\n\n\t\t\t<div\n\t\t\t\tclass=\"sow-accordion-panel-content\"\n\t\t\t\trole=\"region\"\n\t\t\t\taria-labelledby=\"accordion-label-3%c2%aa-s%c3%a9rie-curr%c3%adculo-7\"\n\t\t\t\tid=\"accordion-content-3%c2%aa-s%c3%a9rie-curr%c3%adculo-7\"\n\t\t\t\tstyle=\"display: none;\"\t\t\t>\n\t\t\t\t<div class=\"sow-accordion-panel-border\" tabindex=\"0\">\n\t\t\t\t\t<p>\n<table id=\"tablepress-7\" class=\"tablepress tablepress-id-7\">\n<thead>\n<tr class=\"row-1 odd\">\n\t<th class=\"column-1\">C\u00f3digo<\/th><th class=\"column-2\">Disciplina<\/th><th class=\"column-3\">Carga Hor\u00e1ria<\/th>\n<\/tr>\n<\/thead>\n<tbody class=\"row-hover\">\n<tr class=\"row-2 even\">\n\t<td class=\"column-1\">101169<\/td><td class=\"column-2\">Instrumenta\u00e7\u00e3o para o Ensino de Matem\u00e1tica III<\/td><td class=\"column-3\">102<\/td>\n<\/tr>\n<tr class=\"row-3 odd\">\n\t<td class=\"column-1\">503197<\/td><td class=\"column-2\">Est\u00e1gio Curricular Supervisionado em Matem\u00e1tica I<\/td><td class=\"column-3\">204<\/td>\n<\/tr>\n<tr class=\"row-4 even\">\n\t<td class=\"column-1\">509054<\/td><td class=\"column-2\">Did\u00e1tica<\/td><td class=\"column-3\">68<\/td>\n<\/tr>\n<tr class=\"row-5 odd\">\n\t<td class=\"column-1\">101165<\/td><td class=\"column-2\">Geometria Espacial<\/td><td class=\"column-3\">68<\/td>\n<\/tr>\n<tr class=\"row-6 even\">\n\t<td class=\"column-1\">101174<\/td><td class=\"column-2\">S\u00e9ries e Equa\u00e7\u00f5es Diferenciais<\/td><td class=\"column-3\">136<\/td>\n<\/tr>\n<tr class=\"row-7 odd\">\n\t<td class=\"column-1\">102165<\/td><td class=\"column-2\">F\u00edsica Geral<\/td><td class=\"column-3\">136<\/td>\n<\/tr>\n<tr class=\"row-8 even\">\n\t<td class=\"column-1\">505117<\/td><td class=\"column-2\">L\u00edngua Brasileira de Sinais - LIBRAS<\/td><td class=\"column-3\">51<\/td>\n<\/tr>\n<tr class=\"row-9 odd\">\n\t<td class=\"column-1\">101638<\/td><td class=\"column-2\">Matem\u00e1tica e Inclus\u00e3o<\/td><td class=\"column-3\">68 (EaD)<\/td>\n<\/tr>\n<tr class=\"row-10 even\">\n\t<td class=\"column-1\">101639<\/td><td class=\"column-2\">Resolu\u00e7\u00e3o de Problemas<\/td><td class=\"column-3\">34 (EaD)<\/td>\n<\/tr>\n<\/tbody>\n<\/table>\n<!-- #tablepress-7 from cache --><\/p>\n\t\t\t\t<\/div>\n\t\t\t<\/div>\n\t\t<\/div>\n\t\t\t<div class=\"sow-accordion-panel\"\n\t\t\t data-anchor=\"4%c2%aa-s%c3%a9rie-curr%c3%adculo-7\">\n\t\t\t\t<div class=\"sow-accordion-panel-header-container\" role=\"heading\" aria-level=\"2\">\n\t\t\t\t\t<div class=\"sow-accordion-panel-header\" tabindex=\"0\" role=\"button\" id=\"accordion-label-4%c2%aa-s%c3%a9rie-curr%c3%adculo-7\" aria-controls=\"accordion-content-4%c2%aa-s%c3%a9rie-curr%c3%adculo-7\" aria-expanded=\"false\">\n\t\t\t\t\t\t<div class=\"sow-accordion-title sow-accordion-title-icon-left\">\n\t\t\t\t\t\t\t\t\t\t\t\t\t\t4\u00aa S\u00e9rie - Curr\u00edculo 7\t\t\t\t\t\t\t\t\t\t\t\t\t<\/div>\n\t\t\t\t\t\t<div class=\"sow-accordion-open-close-button\">\n\t\t\t\t\t\t\t<div class=\"sow-accordion-open-button\">\n\t\t\t\t\t\t\t\t<span class=\"sow-icon-ionicons\" data-sow-icon=\"&#xf218;\"\n\t\t \n\t\taria-hidden=\"true\"><\/span>\t\t\t\t\t\t\t<\/div>\n\t\t\t\t\t\t\t<div class=\"sow-accordion-close-button\">\n\t\t\t\t\t\t\t\t<span class=\"sow-icon-ionicons\" data-sow-icon=\"&#xf209;\"\n\t\t \n\t\taria-hidden=\"true\"><\/span>\t\t\t\t\t\t\t<\/div>\n\t\t\t\t\t\t<\/div>\n\t\t\t\t\t<\/div>\n\t\t\t\t<\/div>\n\n\t\t\t<div\n\t\t\t\tclass=\"sow-accordion-panel-content\"\n\t\t\t\trole=\"region\"\n\t\t\t\taria-labelledby=\"accordion-label-4%c2%aa-s%c3%a9rie-curr%c3%adculo-7\"\n\t\t\t\tid=\"accordion-content-4%c2%aa-s%c3%a9rie-curr%c3%adculo-7\"\n\t\t\t\tstyle=\"display: none;\"\t\t\t>\n\t\t\t\t<div class=\"sow-accordion-panel-border\" tabindex=\"0\">\n\t\t\t\t\t<p>\n<table id=\"tablepress-8\" class=\"tablepress tablepress-id-8\">\n<thead>\n<tr class=\"row-1 odd\">\n\t<th class=\"column-1\">C\u00f3digo<\/th><th class=\"column-2\">Disciplina<\/th><th class=\"column-3\">Carga Hor\u00e1ria<\/th>\n<\/tr>\n<\/thead>\n<tbody class=\"row-hover\">\n<tr class=\"row-2 even\">\n\t<td class=\"column-1\">101170<\/td><td class=\"column-2\">Instrumenta\u00e7\u00e3o para o Ensino de Matem\u00e1tica IV<\/td><td class=\"column-3\">68<\/td>\n<\/tr>\n<tr class=\"row-3 odd\">\n\t<td class=\"column-1\">503198<\/td><td class=\"column-2\">Est\u00e1gio Curricular Supervisionado em Matem\u00e1tica II<\/td><td class=\"column-3\">204<\/td>\n<\/tr>\n<tr class=\"row-4 even\">\n\t<td class=\"column-1\">101171<\/td><td class=\"column-2\">Laborat\u00f3rio de Ensino de Matem\u00e1tica<\/td><td class=\"column-3\">68<\/td>\n<\/tr>\n<tr class=\"row-5 odd\">\n\t<td class=\"column-1\">101162<\/td><td class=\"column-2\">An\u00e1lise Real<\/td><td class=\"column-3\">102<\/td>\n<\/tr>\n<tr class=\"row-6 even\">\n\t<td class=\"column-1\">101172<\/td><td class=\"column-2\">C\u00e1lculo Num\u00e9rico<\/td><td class=\"column-3\">136<\/td>\n<\/tr>\n<tr class=\"row-7 odd\">\n\t<td class=\"column-1\">101089<\/td><td class=\"column-2\">Hist\u00f3ria da Matem\u00e1tica<\/td><td class=\"column-3\">68<\/td>\n<\/tr>\n<tr class=\"row-8 even\">\n\t<td class=\"column-1\">101<\/td><td class=\"column-2\">Diversifica\u00e7\u00e3o ou Aprofundamento I<\/td><td class=\"column-3\">68<\/td>\n<\/tr>\n<tr class=\"row-9 odd\">\n\t<td class=\"column-1\">101<\/td><td class=\"column-2\">Diversifica\u00e7\u00e3o ou Aprofundamento II<\/td><td class=\"column-3\">68<\/td>\n<\/tr>\n<\/tbody>\n<\/table>\n<!-- #tablepress-8 from cache --><\/p>\n<p>A lista de <em>disciplinas de diversifica\u00e7\u00e3o ou aprofundamento<\/em> pode ser consultada no <a href=\"http:\/\/www2.uepg.br\/licenciatura-matematica\/wp-content\/uploads\/sites\/75\/2022\/05\/Matriz-Curricular_Lic_Mat.pdf\" target=\"_blank\" rel=\"noopener\">Ement\u00e1rio do curso<\/a>.<\/p>\n\t\t\t\t<\/div>\n\t\t\t<\/div>\n\t\t<\/div>\n\t\t<\/div>\n<\/div>\n<\/div><\/div><\/div><\/div><\/div>","protected":false},"excerpt":{"rendered":"<p>Fluxograma &#8211; Curr\u00edculo 8 (vigente a partir de 2023) Clique aqui e visualize a organiza\u00e7\u00e3o curricular das disciplinas do Curr\u00edculo 8 (vigente a partir de 2023). 1\u00aa S\u00e9rie &#8211; Curr\u00edculo 8 (a partir de 2023) C\u00f3digoDisciplinaCarga Hor\u00e1ria\/Semestre 101736Geometria Plana68\/1\u00ba 101737Introdu\u00e7\u00e3o \u00e0 L\u00f3gica Matem\u00e1tica68\/1\u00ba 101738Matem\u00e1tica Elementar68\/1\u00ba 101739Fundamentos da A\u00e7\u00e3o Docente em Matem\u00e1tica68\/1\u00ba 501650Fundamentos da Educa\u00e7\u00e3o68\/1\u00ba 101740Geometria&nbsp;&hellip;<\/p>\n","protected":false},"author":24,"featured_media":0,"parent":0,"menu_order":0,"comment_status":"closed","ping_status":"closed","template":"","meta":[],"_links":{"self":[{"href":"https:\/\/www2.uepg.br\/licenciatura-matematica\/wp-json\/wp\/v2\/pages\/287"}],"collection":[{"href":"https:\/\/www2.uepg.br\/licenciatura-matematica\/wp-json\/wp\/v2\/pages"}],"about":[{"href":"https:\/\/www2.uepg.br\/licenciatura-matematica\/wp-json\/wp\/v2\/types\/page"}],"author":[{"embeddable":true,"href":"https:\/\/www2.uepg.br\/licenciatura-matematica\/wp-json\/wp\/v2\/users\/24"}],"replies":[{"embeddable":true,"href":"https:\/\/www2.uepg.br\/licenciatura-matematica\/wp-json\/wp\/v2\/comments?post=287"}],"version-history":[{"count":9,"href":"https:\/\/www2.uepg.br\/licenciatura-matematica\/wp-json\/wp\/v2\/pages\/287\/revisions"}],"predecessor-version":[{"id":1066,"href":"https:\/\/www2.uepg.br\/licenciatura-matematica\/wp-json\/wp\/v2\/pages\/287\/revisions\/1066"}],"wp:attachment":[{"href":"https:\/\/www2.uepg.br\/licenciatura-matematica\/wp-json\/wp\/v2\/media?parent=287"}],"curies":[{"name":"wp","href":"https:\/\/api.w.org\/{rel}","templated":true}]}}