{"id":290,"date":"2020-03-05T16:09:01","date_gmt":"2020-03-05T19:09:01","guid":{"rendered":"http:\/\/www2.uepg.br\/testes\/?page_id=290"},"modified":"2024-02-06T17:58:28","modified_gmt":"2024-02-06T20:58:28","slug":"horarios-das-aulas","status":"publish","type":"page","link":"https:\/\/www2.uepg.br\/licenciatura-matematica\/horarios-das-aulas\/","title":{"rendered":"Hor\u00e1rios das Aulas"},"content":{"rendered":"<p><a href=\"http:\/\/www2.uepg.br\/licenciatura-matematica\/wp-content\/uploads\/sites\/75\/2024\/02\/Horarios-Lic-Matematica-2024.pdf\" target=\"_blank\" rel=\"noopener\">Clique aqui<\/a> e visualize os hor\u00e1rios das disciplinas por s\u00e9rie (<em>Calend\u00e1rio Letivo de 2024<\/em>)<\/p>\n","protected":false},"excerpt":{"rendered":"<p>Clique aqui e visualize os hor\u00e1rios das disciplinas por s\u00e9rie (Calend\u00e1rio Letivo de 2024)<\/p>\n","protected":false},"author":24,"featured_media":0,"parent":0,"menu_order":0,"comment_status":"closed","ping_status":"closed","template":"","meta":[],"_links":{"self":[{"href":"https:\/\/www2.uepg.br\/licenciatura-matematica\/wp-json\/wp\/v2\/pages\/290"}],"collection":[{"href":"https:\/\/www2.uepg.br\/licenciatura-matematica\/wp-json\/wp\/v2\/pages"}],"about":[{"href":"https:\/\/www2.uepg.br\/licenciatura-matematica\/wp-json\/wp\/v2\/types\/page"}],"author":[{"embeddable":true,"href":"https:\/\/www2.uepg.br\/licenciatura-matematica\/wp-json\/wp\/v2\/users\/24"}],"replies":[{"embeddable":true,"href":"https:\/\/www2.uepg.br\/licenciatura-matematica\/wp-json\/wp\/v2\/comments?post=290"}],"version-history":[{"count":13,"href":"https:\/\/www2.uepg.br\/licenciatura-matematica\/wp-json\/wp\/v2\/pages\/290\/revisions"}],"predecessor-version":[{"id":1064,"href":"https:\/\/www2.uepg.br\/licenciatura-matematica\/wp-json\/wp\/v2\/pages\/290\/revisions\/1064"}],"wp:attachment":[{"href":"https:\/\/www2.uepg.br\/licenciatura-matematica\/wp-json\/wp\/v2\/media?parent=290"}],"curies":[{"name":"wp","href":"https:\/\/api.w.org\/{rel}","templated":true}]}}