{"id":297,"date":"2020-03-05T16:21:16","date_gmt":"2020-03-05T19:21:16","guid":{"rendered":"http:\/\/www2.uepg.br\/testes\/?page_id=297"},"modified":"2023-04-03T09:23:59","modified_gmt":"2023-04-03T12:23:59","slug":"atividades-complementares","status":"publish","type":"page","link":"https:\/\/www2.uepg.br\/licenciatura-matematica\/atividades-complementares\/","title":{"rendered":"Atividades Complementares"},"content":{"rendered":"<p>Para a conclus\u00e3o do curso de Licenciatura em Matem\u00e1tica, os acad\u00eamicos dever\u00e3o apresentar comprovantes, de no m\u00ednimo 200 horas, em atividades, conforme rela\u00e7\u00e3o de t\u00f3picos descritos no <a href=\"http:\/\/www2.uepg.br\/licenciatura-matematica\/wp-content\/uploads\/sites\/75\/2022\/05\/Regulamento_AC_Lic_Mat.pdf\" target=\"_blank\" rel=\"noopener\">Regulamento.<\/a><\/p>\n<p>Dentre as atividades necess\u00e1rias, obrigatoriamente os acad\u00eamicos do curso de Licenciatura em Matem\u00e1tica, dever\u00e3o apresentar comprovantes de participa\u00e7\u00e3o em atividades (projetos de ensino, extens\u00e3o ou outros) promovidas e de responsabilidade do Colegiado de Curso de Matem\u00e1tica versando sobre os temas: \u201c<strong>A Educa\u00e7\u00e3o das Rela\u00e7\u00f5es \u00c9tnico-Raciais, bem como o Ensino de Hist\u00f3ria e Cultura Afro-Brasileira e Africana<\/strong>\u201d (conforme o recomendado pela resolu\u00e7\u00e3o n\u00ba 1 de 17 de junho de 2004 do CNE\/MEC), \u201c<strong>Preven\u00e7\u00e3o e combate ao uso de drogas<\/strong>\u201d (conforme Pareceres CEPE no 29 e 79 de 2004) e \u201c<strong>Meio Ambiente<\/strong>\u201d.<\/p>\n<p>Para a solicita\u00e7\u00e3o de valida\u00e7\u00e3o de horas complementares, siga os passos:<\/p>\n<ol>\n<li>Preencha o Quadro de Atividades Complementares dispon\u00edvel <a href=\"https:\/\/docs.google.com\/document\/d\/1iGmrlhnIUcHD9A6jIxFvLtEumIIj894D\/edit?usp=sharing&amp;ouid=117484052515547186334&amp;rtpof=true&amp;sd=true\" target=\"_blank\" rel=\"noopener\">aqui<\/a>.<\/li>\n<li>Junte todos os comprovantes, juntamente com o quadro preenchido e envie via SEI atrav\u00e9s do link: <a href=\"https:\/\/sisei.apps.uepg.br\/protocolo-digital\/geral\" target=\"_blank\" rel=\"noopener\">sisei.apps.uepg.br\/protocolo-digital\/geral<\/a><\/li>\n<li>No campo: Sua solicita\u00e7\u00e3o, indique que voc\u00ea solicita a valida\u00e7\u00e3o de atividades complementares e que esta seja enviada para o Colegiado do Curso de Licenciatura em Matem\u00e1tica (Collicmat).<\/li>\n<li>Ap\u00f3s an\u00e1lise do Colegiado, voc\u00ea ser\u00e1 notificado quanto \u00e0 valida\u00e7\u00e3o e \u00e0 quantidade de horas.<\/li>\n<\/ol>\n<p>&nbsp;<\/p>\n","protected":false},"excerpt":{"rendered":"<p>Para a conclus\u00e3o do curso de Licenciatura em Matem\u00e1tica, os acad\u00eamicos dever\u00e3o apresentar comprovantes, de no m\u00ednimo 200 horas, em atividades, conforme rela\u00e7\u00e3o de t\u00f3picos descritos no Regulamento. Dentre as atividades necess\u00e1rias, obrigatoriamente os acad\u00eamicos do curso de Licenciatura em Matem\u00e1tica, dever\u00e3o apresentar comprovantes de participa\u00e7\u00e3o em atividades (projetos de ensino, extens\u00e3o ou outros) promovidas&nbsp;&hellip;<\/p>\n","protected":false},"author":24,"featured_media":0,"parent":0,"menu_order":0,"comment_status":"closed","ping_status":"closed","template":"","meta":[],"_links":{"self":[{"href":"https:\/\/www2.uepg.br\/licenciatura-matematica\/wp-json\/wp\/v2\/pages\/297"}],"collection":[{"href":"https:\/\/www2.uepg.br\/licenciatura-matematica\/wp-json\/wp\/v2\/pages"}],"about":[{"href":"https:\/\/www2.uepg.br\/licenciatura-matematica\/wp-json\/wp\/v2\/types\/page"}],"author":[{"embeddable":true,"href":"https:\/\/www2.uepg.br\/licenciatura-matematica\/wp-json\/wp\/v2\/users\/24"}],"replies":[{"embeddable":true,"href":"https:\/\/www2.uepg.br\/licenciatura-matematica\/wp-json\/wp\/v2\/comments?post=297"}],"version-history":[{"count":9,"href":"https:\/\/www2.uepg.br\/licenciatura-matematica\/wp-json\/wp\/v2\/pages\/297\/revisions"}],"predecessor-version":[{"id":902,"href":"https:\/\/www2.uepg.br\/licenciatura-matematica\/wp-json\/wp\/v2\/pages\/297\/revisions\/902"}],"wp:attachment":[{"href":"https:\/\/www2.uepg.br\/licenciatura-matematica\/wp-json\/wp\/v2\/media?parent=297"}],"curies":[{"name":"wp","href":"https:\/\/api.w.org\/{rel}","templated":true}]}}