{"id":351,"date":"2020-05-12T16:28:26","date_gmt":"2020-05-12T19:28:26","guid":{"rendered":"http:\/\/www2.uepg.br\/licenciatura-matematica\/?page_id=351"},"modified":"2022-11-09T11:44:02","modified_gmt":"2022-11-09T14:44:02","slug":"colegiado","status":"publish","type":"page","link":"https:\/\/www2.uepg.br\/licenciatura-matematica\/colegiado\/","title":{"rendered":"Colegiado"},"content":{"rendered":"<div id=\"pl-351\"  class=\"panel-layout\" ><div id=\"pg-351-0\"  class=\"panel-grid panel-no-style\" ><div id=\"pgc-351-0-0\"  class=\"panel-grid-cell\" ><div id=\"panel-351-0-0-0\" class=\"so-panel widget widget_sow-accordion panel-first-child panel-last-child\" data-index=\"0\" ><div\n\t\t\t\n\t\t\tclass=\"so-widget-sow-accordion so-widget-sow-accordion-default-c1467679865a-351\"\n\t\t\t\n\t\t><div>\n\t<div class=\"sow-accordion\">\n\t\t\t<div class=\"sow-accordion-panel\"\n\t\t\t data-anchor=\"atribui%c3%a7%c3%b5es-do-colegiado\">\n\t\t\t\t<div class=\"sow-accordion-panel-header-container\" role=\"heading\" aria-level=\"2\">\n\t\t\t\t\t<div class=\"sow-accordion-panel-header\" tabindex=\"0\" role=\"button\" id=\"accordion-label-atribui%c3%a7%c3%b5es-do-colegiado\" aria-controls=\"accordion-content-atribui%c3%a7%c3%b5es-do-colegiado\" aria-expanded=\"false\">\n\t\t\t\t\t\t<div class=\"sow-accordion-title sow-accordion-title-icon-left\">\n\t\t\t\t\t\t\t\t\t\t\t\t\t\tAtribui\u00e7\u00f5es do Colegiado\t\t\t\t\t\t\t\t\t\t\t\t\t<\/div>\n\t\t\t\t\t\t<div class=\"sow-accordion-open-close-button\">\n\t\t\t\t\t\t\t<div class=\"sow-accordion-open-button\">\n\t\t\t\t\t\t\t\t<span class=\"sow-icon-ionicons\" data-sow-icon=\"&#xf218;\"\n\t\t \n\t\taria-hidden=\"true\"><\/span>\t\t\t\t\t\t\t<\/div>\n\t\t\t\t\t\t\t<div class=\"sow-accordion-close-button\">\n\t\t\t\t\t\t\t\t<span class=\"sow-icon-ionicons\" data-sow-icon=\"&#xf209;\"\n\t\t \n\t\taria-hidden=\"true\"><\/span>\t\t\t\t\t\t\t<\/div>\n\t\t\t\t\t\t<\/div>\n\t\t\t\t\t<\/div>\n\t\t\t\t<\/div>\n\n\t\t\t<div\n\t\t\t\tclass=\"sow-accordion-panel-content\"\n\t\t\t\trole=\"region\"\n\t\t\t\taria-labelledby=\"accordion-label-atribui%c3%a7%c3%b5es-do-colegiado\"\n\t\t\t\tid=\"accordion-content-atribui%c3%a7%c3%b5es-do-colegiado\"\n\t\t\t\tstyle=\"display: none;\"\t\t\t>\n\t\t\t\t<div class=\"sow-accordion-panel-border\" tabindex=\"0\">\n\t\t\t\t\t<p><strong>De acordo com o artigo 93 do Regimento Geral da UEPG, s\u00e3o a<\/strong><strong>tribui\u00e7\u00f5es do Colegiado de Curso:<\/strong><\/p>\n<p>I - propor ao Conselho de Ensino, Pesquisa e Extens\u00e3o a organiza\u00e7\u00e3o ou reorganiza\u00e7\u00e3o do curr\u00edculo do curso respectivo;<\/p>\n<p>II \u2013 oferecer ao Conselho de Ensino, Pesquisa e Extens\u00e3o subs\u00eddios:<br \/>\na) para a avalia\u00e7\u00e3o do ensino e promo\u00e7\u00e3o de alunos;<br \/>\nb) sobre a forma de ingresso de candidatos ao curso;<br \/>\nc) para a organiza\u00e7\u00e3o do Calend\u00e1rio Escolar;<\/p>\n<p>III \u2013 avaliar a execu\u00e7\u00e3o did\u00e1tico-pedag\u00f3gica do curso e sugerir medidas que considerar necess\u00e1rias ao Departamento, ao Colegiado Setorial e ao Conselho de Ensino, Pesquisa e Extens\u00e3o;<\/p>\n<p>IV \u2013 emitir parecer sobre quest\u00f5es did\u00e1ticas e relativas \u00e0 freq\u00fc\u00eancia, transfer\u00eancia, adapta\u00e7\u00f5es de alunos, avalia\u00e7\u00f5es, exames e trabalhos escolares;<\/p>\n<p>V \u2013 estabelecer normas para os est\u00e1gios curriculares e para os Trabalhos de Conclus\u00e3o de Curso \u2013 TCC;<\/p>\n<p>VI \u2013 avaliar periodicamente os programas das disciplinas e deliberar as modifica\u00e7\u00f5es propostas pelos professores;<\/p>\n<p>VII \u2013 requisitar aos departamentos a oferta de disciplinas, explicitando as vagas necess\u00e1rias e os hor\u00e1rios convenientes;<\/p>\n<p>VIII \u2013 solicitar ao(s) Departamento(s) a indica\u00e7\u00e3o de professores, de acordo com o perfil proposto no projeto pedag\u00f3gico;<\/p>\n<p>IX \u2013 recusar, mediante an\u00e1lise fundamentada, a indica\u00e7\u00e3o de professores feita pelos Departamentos;<\/p>\n<p>X \u2013 solicitar aos Departamentos a substitui\u00e7\u00e3o de professores que n\u00e3o estejam atendendo \u00e0s necessidades do curso mediante an\u00e1lise fundamentada;<\/p>\n<p>XI \u2013 estabelecer calend\u00e1rio das suas reuni\u00f5es ordin\u00e1rias;<\/p>\n<p>XII \u2013 analisar os pedidos de justificativas das faltas, \u00e0s reuni\u00f5es do Colegiado, feitos pelos seus membros;<\/p>\n<p>XIII \u2013 responsabilizar-se pelo cumprimento integral do projeto pedag\u00f3gico do curso;<\/p>\n<p>XIV \u2013 analisar qualquer retifica\u00e7\u00e3o de nota ou freq\u00fc\u00eancia de acad\u00eamico, ocorrida extemporaneamente.<\/p>\n\t\t\t\t<\/div>\n\t\t\t<\/div>\n\t\t<\/div>\n\t\t\t<div class=\"sow-accordion-panel\"\n\t\t\t data-anchor=\"membros\">\n\t\t\t\t<div class=\"sow-accordion-panel-header-container\" role=\"heading\" aria-level=\"2\">\n\t\t\t\t\t<div class=\"sow-accordion-panel-header\" tabindex=\"0\" role=\"button\" id=\"accordion-label-membros\" aria-controls=\"accordion-content-membros\" aria-expanded=\"false\">\n\t\t\t\t\t\t<div class=\"sow-accordion-title sow-accordion-title-icon-left\">\n\t\t\t\t\t\t\t\t\t\t\t\t\t\tMembros\t\t\t\t\t\t\t\t\t\t\t\t\t<\/div>\n\t\t\t\t\t\t<div class=\"sow-accordion-open-close-button\">\n\t\t\t\t\t\t\t<div class=\"sow-accordion-open-button\">\n\t\t\t\t\t\t\t\t<span class=\"sow-icon-ionicons\" data-sow-icon=\"&#xf218;\"\n\t\t \n\t\taria-hidden=\"true\"><\/span>\t\t\t\t\t\t\t<\/div>\n\t\t\t\t\t\t\t<div class=\"sow-accordion-close-button\">\n\t\t\t\t\t\t\t\t<span class=\"sow-icon-ionicons\" data-sow-icon=\"&#xf209;\"\n\t\t \n\t\taria-hidden=\"true\"><\/span>\t\t\t\t\t\t\t<\/div>\n\t\t\t\t\t\t<\/div>\n\t\t\t\t\t<\/div>\n\t\t\t\t<\/div>\n\n\t\t\t<div\n\t\t\t\tclass=\"sow-accordion-panel-content\"\n\t\t\t\trole=\"region\"\n\t\t\t\taria-labelledby=\"accordion-label-membros\"\n\t\t\t\tid=\"accordion-content-membros\"\n\t\t\t\tstyle=\"display: none;\"\t\t\t>\n\t\t\t\t<div class=\"sow-accordion-panel-border\" tabindex=\"0\">\n\t\t\t\t\t<p>\n<table id=\"tablepress-10\" class=\"tablepress tablepress-id-10\">\n<thead>\n<tr class=\"row-1 odd\">\n\t<th class=\"column-1\">Docente<\/th><th class=\"column-2\">Fun\u00e7\u00e3o<\/th><th class=\"column-3\">Ato Oficial<\/th>\n<\/tr>\n<\/thead>\n<tbody class=\"row-hover\">\n<tr class=\"row-2 even\">\n\t<td class=\"column-1\">Marcos Teixeira Alves<\/td><td class=\"column-2\">Coordenador do curso presencial<\/td><td class=\"column-3\">Portaria da Reitoria n.\u00ba 384 de 01\/06\/2022<\/td>\n<\/tr>\n<tr class=\"row-3 odd\">\n\t<td class=\"column-1\">Adrian Messias Luz<\/td><td class=\"column-2\">Representante discente (2\u00ba suplente)<\/td><td class=\"column-3\"><\/td>\n<\/tr>\n<tr class=\"row-4 even\">\n\t<td class=\"column-1\">Jos\u00e9 Trobia<\/td><td class=\"column-2\">Vice-coordenador do curso presencial<\/td><td class=\"column-3\">Portaria da Reitoria n.\u00ba 384 de 01\/06\/2022<\/td>\n<\/tr>\n<tr class=\"row-5 odd\">\n\t<td class=\"column-1\">Ana Lucia Pereira<\/td><td class=\"column-2\">Coordenadora do curso na modalidade EaD<\/td><td class=\"column-3\">Portaria Reitoria n.\u00ba 33 de 06\/02\/2023<\/td>\n<\/tr>\n<tr class=\"row-6 even\">\n\t<td class=\"column-1\">Jo\u00e3o Luiz Domingues Ribas<\/td><td class=\"column-2\">Coordenador de Est\u00e1gios e representante do DEMAT<\/td><td class=\"column-3\">Portaria SEXATAS n.\u00ba 14 de 16\/03\/2022<\/td>\n<\/tr>\n<tr class=\"row-7 odd\">\n\t<td class=\"column-1\">Kau\u00e3 Hilgenberg<\/td><td class=\"column-2\">Represente discente<\/td><td class=\"column-3\"><\/td>\n<\/tr>\n<tr class=\"row-8 even\">\n\t<td class=\"column-1\">Luiz Henrique Bahls<\/td><td class=\"column-2\">Represente discente (1\u00ba suplente)<\/td><td class=\"column-3\"><\/td>\n<\/tr>\n<tr class=\"row-9 odd\">\n\t<td class=\"column-1\">Marciano Pereira <\/td><td class=\"column-2\">Representante do DEMAT<\/td><td class=\"column-3\">Portaria SEXATAS n.\u00b0 30 de 25\/07\/2022<\/td>\n<\/tr>\n<tr class=\"row-10 even\">\n\t<td class=\"column-1\">Scheila Valechenski Biehl<\/td><td class=\"column-2\">Representante do DEMAT<\/td><td class=\"column-3\">Portaria SEXATAS n.\u00ba 41 de 22\/06\/2023<\/td>\n<\/tr>\n<tr class=\"row-11 odd\">\n\t<td class=\"column-1\">Silmara de Oliveira Gomes Papi<\/td><td class=\"column-2\">Representante do DEED<\/td><td class=\"column-3\">Portaria SECIHLA n.\u00ba 34 de 20\/06\/2023<\/td>\n<\/tr>\n<\/tbody>\n<\/table>\n<\/p>\n\t\t\t\t<\/div>\n\t\t\t<\/div>\n\t\t<\/div>\n\t\t<\/div>\n<\/div>\n<\/div><\/div><\/div><\/div><\/div>","protected":false},"excerpt":{"rendered":"<p>Atribui\u00e7\u00f5es do Colegiado De acordo com o artigo 93 do Regimento Geral da UEPG, s\u00e3o atribui\u00e7\u00f5es do Colegiado de Curso: I &#8211; propor ao Conselho de Ensino, Pesquisa e Extens\u00e3o a organiza\u00e7\u00e3o ou reorganiza\u00e7\u00e3o do curr\u00edculo do curso respectivo; II \u2013 oferecer ao Conselho de Ensino, Pesquisa e Extens\u00e3o subs\u00eddios: a) para a avalia\u00e7\u00e3o do&nbsp;&hellip;<\/p>\n","protected":false},"author":24,"featured_media":0,"parent":0,"menu_order":0,"comment_status":"closed","ping_status":"closed","template":"","meta":[],"_links":{"self":[{"href":"https:\/\/www2.uepg.br\/licenciatura-matematica\/wp-json\/wp\/v2\/pages\/351"}],"collection":[{"href":"https:\/\/www2.uepg.br\/licenciatura-matematica\/wp-json\/wp\/v2\/pages"}],"about":[{"href":"https:\/\/www2.uepg.br\/licenciatura-matematica\/wp-json\/wp\/v2\/types\/page"}],"author":[{"embeddable":true,"href":"https:\/\/www2.uepg.br\/licenciatura-matematica\/wp-json\/wp\/v2\/users\/24"}],"replies":[{"embeddable":true,"href":"https:\/\/www2.uepg.br\/licenciatura-matematica\/wp-json\/wp\/v2\/comments?post=351"}],"version-history":[{"count":10,"href":"https:\/\/www2.uepg.br\/licenciatura-matematica\/wp-json\/wp\/v2\/pages\/351\/revisions"}],"predecessor-version":[{"id":757,"href":"https:\/\/www2.uepg.br\/licenciatura-matematica\/wp-json\/wp\/v2\/pages\/351\/revisions\/757"}],"wp:attachment":[{"href":"https:\/\/www2.uepg.br\/licenciatura-matematica\/wp-json\/wp\/v2\/media?parent=351"}],"curies":[{"name":"wp","href":"https:\/\/api.w.org\/{rel}","templated":true}]}}