{"id":353,"date":"2020-05-12T16:29:18","date_gmt":"2020-05-12T19:29:18","guid":{"rendered":"http:\/\/www2.uepg.br\/licenciatura-matematica\/?page_id=353"},"modified":"2022-05-18T18:59:32","modified_gmt":"2022-05-18T21:59:32","slug":"departamento","status":"publish","type":"page","link":"https:\/\/www2.uepg.br\/licenciatura-matematica\/departamento\/","title":{"rendered":"DEMAT"},"content":{"rendered":"<header class=\"entry-header\">\n<p class=\"entry-title\">O Departamento de Matem\u00e1tica e Estat\u00edstica (DEMAT) foi criado pela Resolu\u00e7\u00e3o CA 117, de 21\/08\/87, atrav\u00e9s do desmembramento do ent\u00e3o Departamento de Matem\u00e1tica e F\u00edsica. O corpo docente atualmente \u00e9 constitu\u00eddo por 28 professores efetivos. Os objetivos b\u00e1sicos do DEMAT\u00a0 relacionam-se com a investiga\u00e7\u00e3o e dissemina\u00e7\u00e3o de conhecimentos cient\u00edficos nas \u00e1reas da Matem\u00e1tica Pura e Aplicada, Educa\u00e7\u00e3o Matem\u00e1tica e \u00e1reas afins, buscando a integra\u00e7\u00e3o das atividades de Ensino, Pesquisa e Extens\u00e3o.<\/p>\n<p>As atividades de Ensino do DEMAT consistem principalmente no oferecimento de disciplinas para 19 cursos de gradua\u00e7\u00e3o, dentre os quais os cursos de Bacharelado em Matem\u00e1tica Aplicada e Licenciatura em Matem\u00e1tica, que demandam o maior n\u00famero de disciplinas do departamento, e para 2 cursos de p\u00f3s gradua\u00e7\u00e3o: PROFMAT \u2013 Mestrado Profissional em Matem\u00e1tica em Rede Nacional e o PPGECEM \u2013 Programa de P\u00f3s-Gradua\u00e7\u00e3o em Ensino de Ci\u00eancias e Educa\u00e7\u00e3o Matem\u00e1tica.<\/p>\n<p>Atualmente, a chefia \u00e9 exercida pela profa Deyse M\u00e1rcia Pacheco Gebert. Para mais detalhes, consulte a p\u00e1gina do DEMAT: <a href=\"https:\/\/www2.uepg.br\/demat\/\" target=\"_blank\" rel=\"noopener\">www2.uepg.br\/demat\/<\/a><\/p>\n<\/header>\n","protected":false},"excerpt":{"rendered":"<p>O Departamento de Matem\u00e1tica e Estat\u00edstica (DEMAT) foi criado pela Resolu\u00e7\u00e3o CA 117, de 21\/08\/87, atrav\u00e9s do desmembramento do ent\u00e3o Departamento de Matem\u00e1tica e F\u00edsica. O corpo docente atualmente \u00e9 constitu\u00eddo por 28 professores efetivos. Os objetivos b\u00e1sicos do DEMAT\u00a0 relacionam-se com a investiga\u00e7\u00e3o e dissemina\u00e7\u00e3o de conhecimentos cient\u00edficos nas \u00e1reas da Matem\u00e1tica Pura e&nbsp;&hellip;<\/p>\n","protected":false},"author":24,"featured_media":0,"parent":0,"menu_order":0,"comment_status":"closed","ping_status":"closed","template":"","meta":[],"_links":{"self":[{"href":"https:\/\/www2.uepg.br\/licenciatura-matematica\/wp-json\/wp\/v2\/pages\/353"}],"collection":[{"href":"https:\/\/www2.uepg.br\/licenciatura-matematica\/wp-json\/wp\/v2\/pages"}],"about":[{"href":"https:\/\/www2.uepg.br\/licenciatura-matematica\/wp-json\/wp\/v2\/types\/page"}],"author":[{"embeddable":true,"href":"https:\/\/www2.uepg.br\/licenciatura-matematica\/wp-json\/wp\/v2\/users\/24"}],"replies":[{"embeddable":true,"href":"https:\/\/www2.uepg.br\/licenciatura-matematica\/wp-json\/wp\/v2\/comments?post=353"}],"version-history":[{"count":8,"href":"https:\/\/www2.uepg.br\/licenciatura-matematica\/wp-json\/wp\/v2\/pages\/353\/revisions"}],"predecessor-version":[{"id":517,"href":"https:\/\/www2.uepg.br\/licenciatura-matematica\/wp-json\/wp\/v2\/pages\/353\/revisions\/517"}],"wp:attachment":[{"href":"https:\/\/www2.uepg.br\/licenciatura-matematica\/wp-json\/wp\/v2\/media?parent=353"}],"curies":[{"name":"wp","href":"https:\/\/api.w.org\/{rel}","templated":true}]}}