{"id":590,"date":"2022-05-23T13:01:29","date_gmt":"2022-05-23T16:01:29","guid":{"rendered":"https:\/\/www2.uepg.br\/licenciatura-matematica\/?page_id=590"},"modified":"2023-02-22T10:55:48","modified_gmt":"2023-02-22T13:55:48","slug":"projeto-pedagogico","status":"publish","type":"page","link":"https:\/\/www2.uepg.br\/licenciatura-matematica\/projeto-pedagogico\/","title":{"rendered":"Projeto Pedag\u00f3gico"},"content":{"rendered":"<div id=\"pl-590\"  class=\"panel-layout\" ><div id=\"pg-590-0\"  class=\"panel-grid panel-no-style\" ><div id=\"pgc-590-0-0\"  class=\"panel-grid-cell\" ><div id=\"panel-590-0-0-0\" class=\"so-panel widget widget_sow-accordion panel-first-child panel-last-child\" data-index=\"0\" ><div\n\t\t\t\n\t\t\tclass=\"so-widget-sow-accordion so-widget-sow-accordion-default-c1467679865a-590\"\n\t\t\t\n\t\t><div>\n\t<div class=\"sow-accordion\">\n\t\t\t<div class=\"sow-accordion-panel\"\n\t\t\t data-anchor=\"projeto-pedag%c3%b3gico-do-curso-curr%c3%adculo-8-ppc-vigente-a-partir-de-2023\">\n\t\t\t\t<div class=\"sow-accordion-panel-header-container\" role=\"heading\" aria-level=\"2\">\n\t\t\t\t\t<div class=\"sow-accordion-panel-header\" tabindex=\"0\" role=\"button\" id=\"accordion-label-projeto-pedag%c3%b3gico-do-curso-curr%c3%adculo-8-ppc-vigente-a-partir-de-2023\" aria-controls=\"accordion-content-projeto-pedag%c3%b3gico-do-curso-curr%c3%adculo-8-ppc-vigente-a-partir-de-2023\" aria-expanded=\"false\">\n\t\t\t\t\t\t<div class=\"sow-accordion-title sow-accordion-title-icon-left\">\n\t\t\t\t\t\t\t\t\t\t\t\t\t\tProjeto Pedag\u00f3gico do Curso - Curr\u00edculo 8 (PPC vigente a partir de 2023)\t\t\t\t\t\t\t\t\t\t\t\t\t<\/div>\n\t\t\t\t\t\t<div class=\"sow-accordion-open-close-button\">\n\t\t\t\t\t\t\t<div class=\"sow-accordion-open-button\">\n\t\t\t\t\t\t\t\t<span class=\"sow-icon-ionicons\" data-sow-icon=\"&#xf218;\"\n\t\t \n\t\taria-hidden=\"true\"><\/span>\t\t\t\t\t\t\t<\/div>\n\t\t\t\t\t\t\t<div class=\"sow-accordion-close-button\">\n\t\t\t\t\t\t\t\t<span class=\"sow-icon-ionicons\" data-sow-icon=\"&#xf209;\"\n\t\t \n\t\taria-hidden=\"true\"><\/span>\t\t\t\t\t\t\t<\/div>\n\t\t\t\t\t\t<\/div>\n\t\t\t\t\t<\/div>\n\t\t\t\t<\/div>\n\n\t\t\t<div\n\t\t\t\tclass=\"sow-accordion-panel-content\"\n\t\t\t\trole=\"region\"\n\t\t\t\taria-labelledby=\"accordion-label-projeto-pedag%c3%b3gico-do-curso-curr%c3%adculo-8-ppc-vigente-a-partir-de-2023\"\n\t\t\t\tid=\"accordion-content-projeto-pedag%c3%b3gico-do-curso-curr%c3%adculo-8-ppc-vigente-a-partir-de-2023\"\n\t\t\t\tstyle=\"display: none;\"\t\t\t>\n\t\t\t\t<div class=\"sow-accordion-panel-border\" tabindex=\"0\">\n\t\t\t\t\t<p><a href=\"http:\/\/www2.uepg.br\/licenciatura-matematica\/wp-content\/uploads\/sites\/75\/2023\/02\/Res2023.9_PPC_LIC_MATEMAT.pdf\" target=\"_blank\" rel=\"noopener\">Clique aqui<\/a> e tenha acesso ao PPC vigente do curso de Licenciatura em Matem\u00e1tica.<\/p>\n\t\t\t\t<\/div>\n\t\t\t<\/div>\n\t\t<\/div>\n\t\t\t<div class=\"sow-accordion-panel\"\n\t\t\t data-anchor=\"adequa%c3%a7%c3%a3o-curricular-curr%c3%adculo-7-2020\">\n\t\t\t\t<div class=\"sow-accordion-panel-header-container\" role=\"heading\" aria-level=\"2\">\n\t\t\t\t\t<div class=\"sow-accordion-panel-header\" tabindex=\"0\" role=\"button\" id=\"accordion-label-adequa%c3%a7%c3%a3o-curricular-curr%c3%adculo-7-2020\" aria-controls=\"accordion-content-adequa%c3%a7%c3%a3o-curricular-curr%c3%adculo-7-2020\" aria-expanded=\"false\">\n\t\t\t\t\t\t<div class=\"sow-accordion-title sow-accordion-title-icon-left\">\n\t\t\t\t\t\t\t\t\t\t\t\t\t\tAdequa\u00e7\u00e3o curricular - Curr\u00edculo 7 (2020)\t\t\t\t\t\t\t\t\t\t\t\t\t<\/div>\n\t\t\t\t\t\t<div class=\"sow-accordion-open-close-button\">\n\t\t\t\t\t\t\t<div class=\"sow-accordion-open-button\">\n\t\t\t\t\t\t\t\t<span class=\"sow-icon-ionicons\" data-sow-icon=\"&#xf218;\"\n\t\t \n\t\taria-hidden=\"true\"><\/span>\t\t\t\t\t\t\t<\/div>\n\t\t\t\t\t\t\t<div class=\"sow-accordion-close-button\">\n\t\t\t\t\t\t\t\t<span class=\"sow-icon-ionicons\" data-sow-icon=\"&#xf209;\"\n\t\t \n\t\taria-hidden=\"true\"><\/span>\t\t\t\t\t\t\t<\/div>\n\t\t\t\t\t\t<\/div>\n\t\t\t\t\t<\/div>\n\t\t\t\t<\/div>\n\n\t\t\t<div\n\t\t\t\tclass=\"sow-accordion-panel-content\"\n\t\t\t\trole=\"region\"\n\t\t\t\taria-labelledby=\"accordion-label-adequa%c3%a7%c3%a3o-curricular-curr%c3%adculo-7-2020\"\n\t\t\t\tid=\"accordion-content-adequa%c3%a7%c3%a3o-curricular-curr%c3%adculo-7-2020\"\n\t\t\t\tstyle=\"display: none;\"\t\t\t>\n\t\t\t\t<div class=\"sow-accordion-panel-border\" tabindex=\"0\">\n\t\t\t\t\t<p><a href=\"http:\/\/www2.uepg.br\/licenciatura-matematica\/wp-content\/uploads\/sites\/75\/2022\/06\/Matriz_Curricular_adequado.pdf\" target=\"_blank\" rel=\"noopener\">Clique aqui<\/a> e acesse a adequa\u00e7\u00e3o curricular do curso atendendo as determina\u00e7\u00f5es do Conselho Estadual de Educa\u00e7\u00e3o (CEE) lavradas do parecer CEE\/CES 128\/19, por ocasi\u00e3o da an\u00e1lise do processo de renova\u00e7\u00e3o de reconhecimento do curso.<\/p>\n\t\t\t\t<\/div>\n\t\t\t<\/div>\n\t\t<\/div>\n\t\t<\/div>\n<\/div>\n<\/div><\/div><\/div><\/div><\/div>","protected":false},"excerpt":{"rendered":"<p>Projeto Pedag\u00f3gico do Curso &#8211; Curr\u00edculo 8 (PPC vigente a partir de 2023) Clique aqui e tenha acesso ao PPC vigente do curso de Licenciatura em Matem\u00e1tica. Adequa\u00e7\u00e3o curricular &#8211; Curr\u00edculo 7 (2020) Clique aqui e acesse a adequa\u00e7\u00e3o curricular do curso atendendo as determina\u00e7\u00f5es do Conselho Estadual de Educa\u00e7\u00e3o (CEE) lavradas do parecer CEE\/CES&nbsp;&hellip;<\/p>\n","protected":false},"author":378,"featured_media":0,"parent":0,"menu_order":0,"comment_status":"closed","ping_status":"closed","template":"","meta":[],"_links":{"self":[{"href":"https:\/\/www2.uepg.br\/licenciatura-matematica\/wp-json\/wp\/v2\/pages\/590"}],"collection":[{"href":"https:\/\/www2.uepg.br\/licenciatura-matematica\/wp-json\/wp\/v2\/pages"}],"about":[{"href":"https:\/\/www2.uepg.br\/licenciatura-matematica\/wp-json\/wp\/v2\/types\/page"}],"author":[{"embeddable":true,"href":"https:\/\/www2.uepg.br\/licenciatura-matematica\/wp-json\/wp\/v2\/users\/378"}],"replies":[{"embeddable":true,"href":"https:\/\/www2.uepg.br\/licenciatura-matematica\/wp-json\/wp\/v2\/comments?post=590"}],"version-history":[{"count":2,"href":"https:\/\/www2.uepg.br\/licenciatura-matematica\/wp-json\/wp\/v2\/pages\/590\/revisions"}],"predecessor-version":[{"id":633,"href":"https:\/\/www2.uepg.br\/licenciatura-matematica\/wp-json\/wp\/v2\/pages\/590\/revisions\/633"}],"wp:attachment":[{"href":"https:\/\/www2.uepg.br\/licenciatura-matematica\/wp-json\/wp\/v2\/media?parent=590"}],"curies":[{"name":"wp","href":"https:\/\/api.w.org\/{rel}","templated":true}]}}