{"id":599,"date":"2022-05-23T13:45:12","date_gmt":"2022-05-23T16:45:12","guid":{"rendered":"https:\/\/www2.uepg.br\/licenciatura-matematica\/?page_id=599"},"modified":"2022-11-16T11:05:35","modified_gmt":"2022-11-16T14:05:35","slug":"ingressar-no-curso","status":"publish","type":"page","link":"https:\/\/www2.uepg.br\/licenciatura-matematica\/ingressar-no-curso\/","title":{"rendered":"Ingressar no Curso"},"content":{"rendered":"<p>O curso presencial de Licenciatura em Matem\u00e1tica da UEPG oferta anualmente 60 vagas. Para ingressar no curso, h\u00e1 os seguintes mecanismos:<\/p>\n<ul>\n<li><strong>PSS &#8211; Processo Seletivo Seriado:<\/strong>\u00a0 a modalidade de sele\u00e7\u00e3o seriada avalia o aluno ao longo da forma\u00e7\u00e3o nas 3 (tr\u00eas) s\u00e9ries do Ensino M\u00e9dio e os <strong>Vestibulares da UEPG (Outono e Primavera)<\/strong>: processo seletivo convencional. Para mais informa\u00e7\u00f5es sobre essas duas modalidades, consulte a p\u00e1gina da <em>CPS \u2013 Coordenadoria de Processos de Sele\u00e7\u00e3o <\/em>da UEPG, <a href=\"https:\/\/cps.uepg.br\/inicio\/\" target=\"_blank\" rel=\"noopener\">clicando aqui.<\/a><\/li>\n<li><strong>Transfer\u00eancia Externa:<\/strong> \u00a0A UEPG possibilita tamb\u00e9m a Transfer\u00eancia Externa de acad\u00eamicos(as) de outras institui\u00e7\u00f5es de Ensino Superior, para preenchimento de vagas existentes no mesmo curso de gradua\u00e7\u00e3o do(a) candidato(a). Essas vagas s\u00e3o estabelecidas em Manual espec\u00edfico, o qual cont\u00e9m crit\u00e9rios e normas pertinentes. Para mais informa\u00e7\u00f5es, <a href=\"https:\/\/www2.uepg.br\/prograd\/transferencia-externa-presencial\/\" target=\"_blank\" rel=\"noopener\">clique aqui.<\/a><\/li>\n<li><strong>Vagas Remanescentes:<\/strong> Para os(as) candidatos(as) classificados(as) no Concurso Vestibular especificado no Manual e Portadores de Diploma de Curso Superior de Gradua\u00e7\u00e3o. Para mais informa\u00e7\u00f5es, <a href=\"https:\/\/www2.uepg.br\/prograd\/vagas-remanescentes-presencial\/\" target=\"_blank\" rel=\"noopener\">clique aqui.<\/a><\/li>\n<\/ul>\n","protected":false},"excerpt":{"rendered":"<p>O curso presencial de Licenciatura em Matem\u00e1tica da UEPG oferta anualmente 60 vagas. Para ingressar no curso, h\u00e1 os seguintes mecanismos: PSS &#8211; Processo Seletivo Seriado:\u00a0 a modalidade de sele\u00e7\u00e3o seriada avalia o aluno ao longo da forma\u00e7\u00e3o nas 3 (tr\u00eas) s\u00e9ries do Ensino M\u00e9dio e os Vestibulares da UEPG (Outono e Primavera): processo seletivo&nbsp;&hellip;<\/p>\n","protected":false},"author":378,"featured_media":0,"parent":0,"menu_order":0,"comment_status":"closed","ping_status":"closed","template":"","meta":[],"_links":{"self":[{"href":"https:\/\/www2.uepg.br\/licenciatura-matematica\/wp-json\/wp\/v2\/pages\/599"}],"collection":[{"href":"https:\/\/www2.uepg.br\/licenciatura-matematica\/wp-json\/wp\/v2\/pages"}],"about":[{"href":"https:\/\/www2.uepg.br\/licenciatura-matematica\/wp-json\/wp\/v2\/types\/page"}],"author":[{"embeddable":true,"href":"https:\/\/www2.uepg.br\/licenciatura-matematica\/wp-json\/wp\/v2\/users\/378"}],"replies":[{"embeddable":true,"href":"https:\/\/www2.uepg.br\/licenciatura-matematica\/wp-json\/wp\/v2\/comments?post=599"}],"version-history":[{"count":6,"href":"https:\/\/www2.uepg.br\/licenciatura-matematica\/wp-json\/wp\/v2\/pages\/599\/revisions"}],"predecessor-version":[{"id":814,"href":"https:\/\/www2.uepg.br\/licenciatura-matematica\/wp-json\/wp\/v2\/pages\/599\/revisions\/814"}],"wp:attachment":[{"href":"https:\/\/www2.uepg.br\/licenciatura-matematica\/wp-json\/wp\/v2\/media?parent=599"}],"curies":[{"name":"wp","href":"https:\/\/api.w.org\/{rel}","templated":true}]}}