{"id":830,"date":"2022-11-16T19:39:41","date_gmt":"2022-11-16T22:39:41","guid":{"rendered":"https:\/\/www2.uepg.br\/licenciatura-matematica\/?page_id=830"},"modified":"2022-11-16T19:39:41","modified_gmt":"2022-11-16T22:39:41","slug":"mobilidade-academica","status":"publish","type":"page","link":"https:\/\/www2.uepg.br\/licenciatura-matematica\/mobilidade-academica\/","title":{"rendered":"Mobilidade Acad\u00eamica"},"content":{"rendered":"<p>A participa\u00e7\u00e3o em interc\u00e2mbio estudantil \u00e9 uma importante oportunidade para abertura dos horizontes de forma\u00e7\u00e3o. A mobilidade acad\u00eamica prev\u00ea a possibilidade de cursar disciplinas fora da UEPG incorporando estes estudos a sua matriz curricular. A participa\u00e7\u00e3o no Programa Ci\u00eancia sem Fronteiras<a href=\"#_ftn1\" name=\"_ftnref1\">[1]<\/a> \u00e9 uma das iniciativas que favorece o processo de internacionaliza\u00e7\u00e3o.<\/p>\n<p>A UEPG conta com o Programa de Mobilidade Estudantil Internacional &#8211; PROMEI que se encontra regulamentado pela Resolu\u00e7\u00e3o CEPE n.\u00ba 54 de 16\/12\/2004. As oportunidades de mobilidade s\u00e3o de responsabilidade do Escrit\u00f3rio para Rela\u00e7\u00f5es Internacionais &#8211; ERI<a href=\"#_ftn2\" name=\"_ftnref2\">[2]<\/a>, o qual lan\u00e7ar\u00e1 editais, nos casos em que couber, que informar\u00e3o os prazos e procedimentos relativos aos programas em desenvolvimento.<\/p>\n<p>Em julho de 2010, a UEPG assinou acordo possibilitando a participa\u00e7\u00e3o de alunos da UEPG no Programa de Licenciaturas Internacionais &#8211; PLI da Coordena\u00e7\u00e3o de Aperfei\u00e7oamento de Pessoa de N\u00edvel Superior &#8211; CAPES em conjunto com o Grupo Coimbra de Universidades Brasileiras &#8211; GCUB, com o prop\u00f3sito de conhecer o cen\u00e1rio educacional, cient\u00edfico e tecnol\u00f3gico das institui\u00e7\u00f5es lusitanas, al\u00e9m de fortalecer as rela\u00e7\u00f5es vigentes e estabelecer conv\u00eanios, sobretudo na \u00e1rea da mobilidade estudantil. Acad\u00eamicos do curso de Licenciatura em Matem\u00e1tica foram contemplados por meio de proposta em edital 008\/2011 do Programa de Licenciaturas Internacionais Capes\/Universidade de Coimbra. Tr\u00eas acad\u00eamicos do curso de Licenciatura em Matem\u00e1tica que participaram do PLI receberam dupla diploma\u00e7\u00e3o, no \u00e2mbito do acordo de coopera\u00e7\u00e3o internacional firmado entre a UEPG e Universidade de Coimbra.<\/p>\n<p>No \u00e2mbito do Programa Ci\u00eancia Sem Fronteiras, um acad\u00eamico do curso participou desta modalidade, conforme crit\u00e9rios de edital 39\/2011 da PROPESP, complementando seus estudos na <em>University of Queensland<\/em>, Austr\u00e1lia. J\u00e1 por meio do Programa de Mobilidade Estudantil Internacional &#8211; PROMEI, uma acad\u00eamica cursou um semestre na Universidad de Buenos Aires, UBA, Argentina no ano de 2019.<\/p>\n<p>Considerando o ano de 2022, o curso de Licenciatura em Matem\u00e1tica participou do Edital ERI\/PROGRAD UEPG 01.2022 para recebimento de at\u00e9 5 (cinco) alunos internacionais de gradua\u00e7\u00e3o para o ano letivo de 2023. Esta a\u00e7\u00e3o tem como objetivo possibilitar a alunos internacionais de gradua\u00e7\u00e3o presencial de Institui\u00e7\u00f5es de Ensino Superior com as quais a UEPG mant\u00e9m acordos de coopera\u00e7\u00e3o a oportunidade de participa\u00e7\u00e3o no Programa de Mobilidade Estudantil Internacional da UEPG.<\/p>\n<p>Importante destacar que a Universidade conta com programas, como o Paran\u00e1 Fala Idiomas e a Escola de L\u00ednguas, Literaturas e Culturas \u2013 ESLIN (antigo CLEC &#8211; UEPG) que permitem a aprendizagem e o aprimoramento de diferentes l\u00ednguas estrangeiras, facilitando o processo de internacionaliza\u00e7\u00e3o.<\/p>\n<p><a href=\"#_ftnref1\" name=\"_ftn1\">[1]<\/a> BRASIL. CNPq. <strong>Ci\u00eancia sem Fronteiras.<\/strong> Dispon\u00edvel em: <a href=\"https:\/\/www.gov.br\/cnpq\/pt-br\/acesso-a-informacao\/acoes-e-programas\/programas\/ciencia-sem-fronteiras\">https:\/\/www.gov.br\/cnpq\/pt-br\/acesso-a-informacao\/acoes-e-programas\/programas\/ciencia-sem-fronteiras<\/a> Acesso em: 11 out. 2022.<\/p>\n<p><a href=\"#_ftnref2\" name=\"_ftn2\">[2]<\/a> ERI. <strong>Escrit\u00f3rio de Rela\u00e7\u00f5es Internacionais<\/strong>. Dispon\u00edvel em: <a href=\"https:\/\/www2.uepg.br\/eri\/\">www2.uepg.br\/eri\/<\/a> Acesso em: 11 out. 2022.<\/p>\n","protected":false},"excerpt":{"rendered":"<p>A participa\u00e7\u00e3o em interc\u00e2mbio estudantil \u00e9 uma importante oportunidade para abertura dos horizontes de forma\u00e7\u00e3o. A mobilidade acad\u00eamica prev\u00ea a possibilidade de cursar disciplinas fora da UEPG incorporando estes estudos a sua matriz curricular. A participa\u00e7\u00e3o no Programa Ci\u00eancia sem Fronteiras[1] \u00e9 uma das iniciativas que favorece o processo de internacionaliza\u00e7\u00e3o. A UEPG conta com&nbsp;&hellip;<\/p>\n","protected":false},"author":448,"featured_media":0,"parent":0,"menu_order":0,"comment_status":"closed","ping_status":"closed","template":"","meta":[],"_links":{"self":[{"href":"https:\/\/www2.uepg.br\/licenciatura-matematica\/wp-json\/wp\/v2\/pages\/830"}],"collection":[{"href":"https:\/\/www2.uepg.br\/licenciatura-matematica\/wp-json\/wp\/v2\/pages"}],"about":[{"href":"https:\/\/www2.uepg.br\/licenciatura-matematica\/wp-json\/wp\/v2\/types\/page"}],"author":[{"embeddable":true,"href":"https:\/\/www2.uepg.br\/licenciatura-matematica\/wp-json\/wp\/v2\/users\/448"}],"replies":[{"embeddable":true,"href":"https:\/\/www2.uepg.br\/licenciatura-matematica\/wp-json\/wp\/v2\/comments?post=830"}],"version-history":[{"count":1,"href":"https:\/\/www2.uepg.br\/licenciatura-matematica\/wp-json\/wp\/v2\/pages\/830\/revisions"}],"predecessor-version":[{"id":831,"href":"https:\/\/www2.uepg.br\/licenciatura-matematica\/wp-json\/wp\/v2\/pages\/830\/revisions\/831"}],"wp:attachment":[{"href":"https:\/\/www2.uepg.br\/licenciatura-matematica\/wp-json\/wp\/v2\/media?parent=830"}],"curies":[{"name":"wp","href":"https:\/\/api.w.org\/{rel}","templated":true}]}}