{"id":144,"date":"2020-02-04T21:05:52","date_gmt":"2020-02-05T00:05:52","guid":{"rendered":"http:\/\/www2.uepg.br\/testes\/?page_id=144"},"modified":"2022-03-08T13:45:42","modified_gmt":"2022-03-08T16:45:42","slug":"pagina-inicial","status":"publish","type":"page","link":"https:\/\/www2.uepg.br\/licenciatura-pedagogia\/","title":{"rendered":"P\u00e1gina Inicial"},"content":{"rendered":"<div id=\"pl-144\"  class=\"panel-layout\" ><div id=\"pg-144-0\"  class=\"panel-grid panel-no-style\" ><div id=\"pgc-144-0-0\"  class=\"panel-grid-cell\" ><div id=\"panel-144-0-0-0\" class=\"so-panel widget widget_sow-editor panel-first-child panel-last-child\" data-index=\"0\" ><div class=\"panel-widget-style panel-widget-style-for-144-0-0-0\" ><div\n\t\t\t\n\t\t\tclass=\"so-widget-sow-editor so-widget-sow-editor-base\"\n\t\t\t\n\t\t><h3 class=\"widget-title\">\u00daltimos Informes<\/h3>\n<div class=\"siteorigin-widget-tinymce textwidget\">\n\t\t\t<div class=\"wppsac-slick-carousel-wrp wppsac-clearfix \">\r\n\t\t\t<div id=\"wppsac-post-carousel-1\" class=\"wppsac-post-slider-init wppsac-post-carousel design-1\">\r\n\t\t\t\t\r\n<div class=\"wppsac-carousel-slides\">\r\n\t\t\t<div class=\"wppsac-post-image-bg\">\r\n\t\t\t<a href=\"https:\/\/www2.uepg.br\/licenciatura-pedagogia\/prograd-e-prae-orientam-calouros-sobre-conclusao-das-matriculas-e-recepcao-no-dia-10\/\">\r\n\t\t\t\t<img class=\"wppsac-post-image-bg\"  src=\"https:\/\/www2.uepg.br\/licenciatura-pedagogia\/wp-content\/uploads\/sites\/108\/2020\/02\/recep\u00e7\u00e3o-scaled-1.jpg\" alt=\"Prograd e Prae orientam calouros sobre conclus\u00e3o das matr\u00edculas e recep\u00e7\u00e3o no dia 10\" \/>\r\n\t\t\t<\/a>\r\n\t\t<\/div>\r\n\t\t<div class=\"wppsac-post-content-position\">\r\n\t\t\t\t\t<div class=\"wppsac-post-categories\"><ul class=\"wppsac-post-categories-list\"><li><a href=\"https:\/\/www2.uepg.br\/licenciatura-pedagogia\/category\/noticias\/\" rel=\"category\"> not\u00edcias <\/a><\/li><\/ul><\/div>\r\n\t\t\t  \t<h2 class=\"wppsac-post-title\">\r\n\t\t\t<a href=\"https:\/\/www2.uepg.br\/licenciatura-pedagogia\/prograd-e-prae-orientam-calouros-sobre-conclusao-das-matriculas-e-recepcao-no-dia-10\/\">Prograd e Prae orientam calouros sobre conclus\u00e3o das matr\u00edculas e recep\u00e7\u00e3o no dia 10<\/a>\r\n\t\t<\/h2>\r\n\t\t\t\t\t<div class=\"wppsac-post-date\">\r\n\t\t\t\t5 de fevereiro de 2020\t\t\t<\/div>\r\n\t\t\t\t\t<\/div>\r\n<\/div>\r\n<div class=\"wppsac-carousel-slides\">\r\n\t\t\t<div class=\"wppsac-post-image-bg\">\r\n\t\t\t<a href=\"https:\/\/www2.uepg.br\/licenciatura-pedagogia\/abrem-amanha-inscricoes-para-especializacao-em-direito-processual-penal-e-pratica-forense-penal\/\">\r\n\t\t\t\t<img class=\"wppsac-post-image-bg\"  src=\"https:\/\/www2.uepg.br\/licenciatura-pedagogia\/wp-content\/uploads\/sites\/108\/2020\/02\/WhatsApp-Image-2020-02-03-at-12.05.21.jpeg\" alt=\"Abrem amanh\u00e3 inscri\u00e7\u00f5es para Especializa\u00e7\u00e3o em Direito Processual Penal e Pr\u00e1tica Forense Penal\" \/>\r\n\t\t\t<\/a>\r\n\t\t<\/div>\r\n\t\t<div class=\"wppsac-post-content-position\">\r\n\t\t\t\t\t<div class=\"wppsac-post-categories\"><ul class=\"wppsac-post-categories-list\"><li><a href=\"https:\/\/www2.uepg.br\/licenciatura-pedagogia\/category\/noticias\/\" rel=\"category\"> not\u00edcias <\/a><\/li><\/ul><\/div>\r\n\t\t\t  \t<h2 class=\"wppsac-post-title\">\r\n\t\t\t<a href=\"https:\/\/www2.uepg.br\/licenciatura-pedagogia\/abrem-amanha-inscricoes-para-especializacao-em-direito-processual-penal-e-pratica-forense-penal\/\">Abrem amanh\u00e3 inscri\u00e7\u00f5es para Especializa\u00e7\u00e3o em Direito Processual Penal e Pr\u00e1tica Forense Penal<\/a>\r\n\t\t<\/h2>\r\n\t\t\t\t\t<div class=\"wppsac-post-date\">\r\n\t\t\t\t5 de fevereiro de 2020\t\t\t<\/div>\r\n\t\t\t\t\t<\/div>\r\n<\/div>\r\n<div class=\"wppsac-carousel-slides\">\r\n\t\t\t<div class=\"wppsac-post-image-bg\">\r\n\t\t\t<a href=\"https:\/\/www2.uepg.br\/licenciatura-pedagogia\/encerra-hoje-o-prazo-de-inscricoes-do-processo-seletivo-para-professor-de-ingles\/\">\r\n\t\t\t\t<img class=\"wppsac-post-image-bg\"  src=\"https:\/\/www2.uepg.br\/licenciatura-pedagogia\/wp-content\/uploads\/sites\/108\/2020\/02\/PR-Fala-Ingl\u00eas.jpg\" alt=\"Encerra hoje o prazo de inscri\u00e7\u00f5es do processo seletivo para professor de ingl\u00eas\" \/>\r\n\t\t\t<\/a>\r\n\t\t<\/div>\r\n\t\t<div class=\"wppsac-post-content-position\">\r\n\t\t\t\t\t<div class=\"wppsac-post-categories\"><ul class=\"wppsac-post-categories-list\"><li><a href=\"https:\/\/www2.uepg.br\/licenciatura-pedagogia\/category\/noticias\/\" rel=\"category\"> not\u00edcias <\/a><\/li><\/ul><\/div>\r\n\t\t\t  \t<h2 class=\"wppsac-post-title\">\r\n\t\t\t<a href=\"https:\/\/www2.uepg.br\/licenciatura-pedagogia\/encerra-hoje-o-prazo-de-inscricoes-do-processo-seletivo-para-professor-de-ingles\/\">Encerra hoje o prazo de inscri\u00e7\u00f5es do processo seletivo para professor de ingl\u00eas<\/a>\r\n\t\t<\/h2>\r\n\t\t\t\t\t<div class=\"wppsac-post-date\">\r\n\t\t\t\t5 de fevereiro de 2020\t\t\t<\/div>\r\n\t\t\t\t\t<\/div>\r\n<\/div>\r\n<div class=\"wppsac-carousel-slides\">\r\n\t\t\t<div class=\"wppsac-post-image-bg\">\r\n\t\t\t<a href=\"https:\/\/www2.uepg.br\/licenciatura-pedagogia\/professores-da-uepg-participam-de-seminario-internacional\/\">\r\n\t\t\t\t<img class=\"wppsac-post-image-bg\"  src=\"https:\/\/www2.uepg.br\/licenciatura-pedagogia\/wp-content\/uploads\/sites\/108\/2020\/02\/noticia1.jpg\" alt=\"Professores da UEPG participam de Semin\u00e1rio Internacional\" \/>\r\n\t\t\t<\/a>\r\n\t\t<\/div>\r\n\t\t<div class=\"wppsac-post-content-position\">\r\n\t\t\t\t\t<div class=\"wppsac-post-categories\"><ul class=\"wppsac-post-categories-list\"><li><a href=\"https:\/\/www2.uepg.br\/licenciatura-pedagogia\/category\/noticias\/\" rel=\"category\"> not\u00edcias <\/a><\/li><\/ul><\/div>\r\n\t\t\t  \t<h2 class=\"wppsac-post-title\">\r\n\t\t\t<a href=\"https:\/\/www2.uepg.br\/licenciatura-pedagogia\/professores-da-uepg-participam-de-seminario-internacional\/\">Professores da UEPG participam de Semin\u00e1rio Internacional<\/a>\r\n\t\t<\/h2>\r\n\t\t\t\t\t<div class=\"wppsac-post-date\">\r\n\t\t\t\t5 de fevereiro de 2020\t\t\t<\/div>\r\n\t\t\t\t\t<\/div>\r\n<\/div>\t\t\t<\/div>\r\n\t\t\t<div class=\"wppsac-carousel-conf wppsac-hide\" data-conf=\"{&quot;slides_to_show&quot;:&quot;4&quot;,&quot;slides_to_scroll&quot;:1,&quot;dots&quot;:&quot;false&quot;,&quot;arrows&quot;:&quot;true&quot;,&quot;autoplay&quot;:&quot;true&quot;,&quot;autoplay_interval&quot;:&quot;19500&quot;,&quot;speed&quot;:500,&quot;rtl&quot;:&quot;false&quot;,&quot;lazyload&quot;:&quot;&quot;}\"><\/div>\r\n\t\t<\/div>\r\n\t\n<\/div>\n<\/div><\/div><\/div><\/div><\/div><div id=\"pg-144-1\"  class=\"panel-grid panel-no-style\" ><div id=\"pgc-144-1-0\"  class=\"panel-grid-cell\" ><div id=\"panel-144-1-0-0\" class=\"so-panel widget widget_sow-button panel-first-child panel-last-child\" data-index=\"1\" ><div class=\"panel-widget-style panel-widget-style-for-144-1-0-0\" ><div\n\t\t\t\n\t\t\tclass=\"so-widget-sow-button so-widget-sow-button-atom-f28947f507e4-213\"\n\t\t\t\n\t\t><div class=\"ow-button-base ow-button-align-center\">\n\t<a href=\"https:\/\/www2.uepg.br\/licenciatura-pedagogia\/informes\/\" class=\"ow-icon-placement-left ow-button-hover\" \t\t>\n\t\t<span>\n\t\t\t\n\t\t\tveja todos os informes\t\t<\/span>\n\t<\/a>\n<\/div>\n<\/div><\/div><\/div><\/div><\/div><div id=\"pg-144-2\"  class=\"panel-grid panel-no-style\" ><div id=\"pgc-144-2-0\"  class=\"panel-grid-cell\" ><div id=\"panel-144-2-0-0\" class=\"so-panel widget widget_sow-editor panel-first-child\" data-index=\"2\" ><div class=\"panel-widget-style panel-widget-style-for-144-2-0-0\" ><div\n\t\t\t\n\t\t\tclass=\"so-widget-sow-editor so-widget-sow-editor-base\"\n\t\t\t\n\t\t><h3 class=\"widget-title\">Acesso r\u00e1pido<\/h3>\n<div class=\"siteorigin-widget-tinymce textwidget\">\n\t<\/div>\n<\/div><\/div><\/div><div id=\"panel-144-2-0-1\" class=\"so-panel widget widget_sow-features panel-last-child\" data-index=\"3\" ><div class=\"panel-widget-style panel-widget-style-for-144-2-0-1\" ><div\n\t\t\t\n\t\t\tclass=\"so-widget-sow-features so-widget-sow-features-default-c84225ff83b4-213\"\n\t\t\t\n\t\t>\n<div class=\"sow-features-list sow-features-responsive\">\n\n\t\t\t\t\t\t<div\n\t\t\t\tclass=\"sow-features-feature sow-icon-container-position-top sow-features-feature-last-row\"\n\t\t\t\tstyle=\"display: flex; flex-direction: column; float: left; width: 33.333%;\"\n\t\t\t>\n\n\t\t\t\t\t\t\t\t\t<a\n\t\t\t\t\t\thref=\"https:\/\/www2.uepg.br\/licenciatura-pedagogia\/eventos\"\n\t\t\t\t\t\t\t\t\t\t\t>\n\t\t\t\t\t\t\t\t<div\n\t\t\t\t\tclass=\"sow-icon-container sow-container-rounded-square\"\n                    style=\"color: #001193; \"\n\t\t\t\t\ttitle=\"Eventos\">\n\t\t\t\t\t<span class=\"sow-icon-fontawesome sow-fas\" data-sow-icon=\"&#xf073;\"\n\t\tstyle=\"font-size: 50px; color: #FFFFFF\" \n\t\taria-hidden=\"true\"><\/span>\t\t\t\t<\/div>\n\t\t\t\t\t\t\t\t\t<\/a>\n\t\t\t\t\n\t\t\t\t<div class=\"textwidget\">\n\t\t\t\t\t\t\t\t\t\t\t<h5>\n\t\t\t\t\t\t\t\t\t\t\t\t\t\t\t<a\n\t\t\t\t\t\t\t\t\thref=\"https:\/\/www2.uepg.br\/licenciatura-pedagogia\/eventos\"\n\t\t\t\t\t\t\t\t\t\t\t\t\t\t\t\t\t>\n\t\t\t\t\t\t\t\n\t\t\t\t\t\t\tEventos\t\t\t\t\t\t\t\t\t\t\t\t\t\t\t<\/a>\n\t\t\t\t\t\t\t\t\t\t\t\t\t<\/h5>\n\t\t\t\t\t\n\t\t\t\t\t\n\t\t\t\t\t\t\t\t\t<\/div>\n\t\t\t\t\t\t\t<\/div>\n\n\t\t\t\t\t<div\n\t\t\t\tclass=\"sow-features-feature sow-icon-container-position-top sow-features-feature-last-row\"\n\t\t\t\tstyle=\"display: flex; flex-direction: column; float: left; width: 33.333%;\"\n\t\t\t>\n\n\t\t\t\t\t\t\t\t\t<a\n\t\t\t\t\t\thref=\"https:\/\/www2.uepg.br\/licenciatura-pedagogia\/pesquisa\"\n\t\t\t\t\t\t\t\t\t\t\t>\n\t\t\t\t\t\t\t\t<div\n\t\t\t\t\tclass=\"sow-icon-container sow-container-rounded-square\"\n                    style=\"color: #dd5d1c; \"\n\t\t\t\t\ttitle=\"Pesquisa\">\n\t\t\t\t\t<span class=\"sow-icon-fontawesome sow-fas\" data-sow-icon=\"&#xf5da;\"\n\t\tstyle=\"font-size: 50px; color: #FFFFFF\" \n\t\taria-hidden=\"true\"><\/span>\t\t\t\t<\/div>\n\t\t\t\t\t\t\t\t\t<\/a>\n\t\t\t\t\n\t\t\t\t<div class=\"textwidget\">\n\t\t\t\t\t\t\t\t\t\t\t<h5>\n\t\t\t\t\t\t\t\t\t\t\t\t\t\t\t<a\n\t\t\t\t\t\t\t\t\thref=\"https:\/\/www2.uepg.br\/licenciatura-pedagogia\/pesquisa\"\n\t\t\t\t\t\t\t\t\t\t\t\t\t\t\t\t\t>\n\t\t\t\t\t\t\t\n\t\t\t\t\t\t\tPesquisa\t\t\t\t\t\t\t\t\t\t\t\t\t\t\t<\/a>\n\t\t\t\t\t\t\t\t\t\t\t\t\t<\/h5>\n\t\t\t\t\t\n\t\t\t\t\t\n\t\t\t\t\t\t\t\t\t<\/div>\n\t\t\t\t\t\t\t<\/div>\n\n\t\t\t\t\t<div\n\t\t\t\tclass=\"sow-features-feature sow-icon-container-position-top sow-features-feature-last-row\"\n\t\t\t\tstyle=\"display: flex; flex-direction: column; float: left; width: 33.333%;\"\n\t\t\t>\n\n\t\t\t\t\t\t\t\t\t<a\n\t\t\t\t\t\thref=\"https:\/\/www2.uepg.br\/licenciatura-pedagogia\/extensao\/\"\n\t\t\t\t\t\t\t\t\t\t\t>\n\t\t\t\t\t\t\t\t<div\n\t\t\t\t\tclass=\"sow-icon-container sow-container-rounded-square\"\n                    style=\"color: #00842e; \"\n\t\t\t\t\ttitle=\"Extens\u00e3o\">\n\t\t\t\t\t<span class=\"sow-icon-fontawesome sow-fas\" data-sow-icon=\"&#xf02d;\"\n\t\tstyle=\"font-size: 50px; color: #FFFFFF\" \n\t\taria-hidden=\"true\"><\/span>\t\t\t\t<\/div>\n\t\t\t\t\t\t\t\t\t<\/a>\n\t\t\t\t\n\t\t\t\t<div class=\"textwidget\">\n\t\t\t\t\t\t\t\t\t\t\t<h5>\n\t\t\t\t\t\t\t\t\t\t\t\t\t\t\t<a\n\t\t\t\t\t\t\t\t\thref=\"https:\/\/www2.uepg.br\/licenciatura-pedagogia\/extensao\/\"\n\t\t\t\t\t\t\t\t\t\t\t\t\t\t\t\t\t>\n\t\t\t\t\t\t\t\n\t\t\t\t\t\t\tExtens\u00e3o\t\t\t\t\t\t\t\t\t\t\t\t\t\t\t<\/a>\n\t\t\t\t\t\t\t\t\t\t\t\t\t<\/h5>\n\t\t\t\t\t\n\t\t\t\t\t\n\t\t\t\t\t\t\t\t\t<\/div>\n\t\t\t\t\t\t\t<\/div>\n\n\t\t\t\n<\/div>\n<\/div><\/div><\/div><\/div><\/div><div id=\"pg-144-3\"  class=\"panel-grid panel-no-style\" ><div id=\"pgc-144-3-0\"  class=\"panel-grid-cell\" ><div id=\"panel-144-3-0-0\" class=\"so-panel widget widget_sow-editor panel-first-child\" data-index=\"4\" ><div id=\"links-importantes\" class=\"panel-widget-style panel-widget-style-for-144-3-0-0\" ><div\n\t\t\t\n\t\t\tclass=\"so-widget-sow-editor so-widget-sow-editor-base\"\n\t\t\t\n\t\t><h3 class=\"widget-title\">Links importantes<\/h3>\n<div class=\"siteorigin-widget-tinymce textwidget\">\n\t<\/div>\n<\/div><\/div><\/div><div id=\"panel-144-3-0-1\" class=\"so-panel widget widget_sow-features panel-last-child\" data-index=\"5\" ><div class=\"panel-widget-style panel-widget-style-for-144-3-0-1\" ><div\n\t\t\t\n\t\t\tclass=\"so-widget-sow-features so-widget-sow-features-default-c84225ff83b4-213\"\n\t\t\t\n\t\t>\n<div class=\"sow-features-list sow-features-responsive\">\n\n\t\t\t\t\t\t<div\n\t\t\t\tclass=\"sow-features-feature sow-icon-container-position-top \"\n\t\t\t\tstyle=\"display: flex; flex-direction: column; float: left; width: 33.333%;\"\n\t\t\t>\n\n\t\t\t\t\t\t\t\t\t<a\n\t\t\t\t\t\thref=\"https:\/\/www.uepg.br\/\"\n\t\t\t\t\t\ttarget=\"_blank\" rel=\"noopener noreferrer\"\t\t\t\t\t>\n\t\t\t\t\t\t\t\t<div\n\t\t\t\t\tclass=\"sow-icon-container sow-container-rounded-square\"\n                    style=\"color: #2f65ed; \"\n\t\t\t\t\ttitle=\"UEPG\">\n\t\t\t\t\t<span class=\"sow-icon-fontawesome sow-fas\" data-sow-icon=\"&#xf66f;\"\n\t\tstyle=\"font-size: 50px; color: #FFFFFF\" \n\t\taria-hidden=\"true\"><\/span>\t\t\t\t<\/div>\n\t\t\t\t\t\t\t\t\t<\/a>\n\t\t\t\t\n\t\t\t\t<div class=\"textwidget\">\n\t\t\t\t\t\t\t\t\t\t\t<h5>\n\t\t\t\t\t\t\t\t\t\t\t\t\t\t\t<a\n\t\t\t\t\t\t\t\t\thref=\"https:\/\/www.uepg.br\/\"\n\t\t\t\t\t\t\t\t\ttarget=\"_blank\" rel=\"noopener noreferrer\"\t\t\t\t\t\t\t\t>\n\t\t\t\t\t\t\t\n\t\t\t\t\t\t\tUEPG\t\t\t\t\t\t\t\t\t\t\t\t\t\t\t<\/a>\n\t\t\t\t\t\t\t\t\t\t\t\t\t<\/h5>\n\t\t\t\t\t\n\t\t\t\t\t\n\t\t\t\t\t\t\t\t\t<\/div>\n\t\t\t\t\t\t\t<\/div>\n\n\t\t\t\t\t<div\n\t\t\t\tclass=\"sow-features-feature sow-icon-container-position-top \"\n\t\t\t\tstyle=\"display: flex; flex-direction: column; float: left; width: 33.333%;\"\n\t\t\t>\n\n\t\t\t\t\t\t\t\t\t<a\n\t\t\t\t\t\thref=\"https:\/\/sistemas.uepg.br\/academicoonline\/login\/auth\"\n\t\t\t\t\t\ttarget=\"_blank\" rel=\"noopener noreferrer\"\t\t\t\t\t>\n\t\t\t\t\t\t\t\t<div\n\t\t\t\t\tclass=\"sow-icon-container sow-container-rounded-square\"\n                    style=\"color: #0c5f68; \"\n\t\t\t\t\ttitle=\"Acad\u00eamico Online\">\n\t\t\t\t\t<span class=\"sow-icon-fontawesome sow-fas\" data-sow-icon=\"&#xf390;\"\n\t\tstyle=\"font-size: 50px; color: #FFFFFF\" \n\t\taria-hidden=\"true\"><\/span>\t\t\t\t<\/div>\n\t\t\t\t\t\t\t\t\t<\/a>\n\t\t\t\t\n\t\t\t\t<div class=\"textwidget\">\n\t\t\t\t\t\t\t\t\t\t\t<h5>\n\t\t\t\t\t\t\t\t\t\t\t\t\t\t\t<a\n\t\t\t\t\t\t\t\t\thref=\"https:\/\/sistemas.uepg.br\/academicoonline\/login\/auth\"\n\t\t\t\t\t\t\t\t\ttarget=\"_blank\" rel=\"noopener noreferrer\"\t\t\t\t\t\t\t\t>\n\t\t\t\t\t\t\t\n\t\t\t\t\t\t\tAcad\u00eamico Online\t\t\t\t\t\t\t\t\t\t\t\t\t\t\t<\/a>\n\t\t\t\t\t\t\t\t\t\t\t\t\t<\/h5>\n\t\t\t\t\t\n\t\t\t\t\t\n\t\t\t\t\t\t\t\t\t<\/div>\n\t\t\t\t\t\t\t<\/div>\n\n\t\t\t\t\t<div\n\t\t\t\tclass=\"sow-features-feature sow-icon-container-position-top \"\n\t\t\t\tstyle=\"display: flex; flex-direction: column; float: left; width: 33.333%;\"\n\t\t\t>\n\n\t\t\t\t\t\t\t\t\t<a\n\t\t\t\t\t\thref=\"https:\/\/www2.uepg.br\/prograd\/calendarios\/\"\n\t\t\t\t\t\ttarget=\"_blank\" rel=\"noopener noreferrer\"\t\t\t\t\t>\n\t\t\t\t\t\t\t\t<div\n\t\t\t\t\tclass=\"sow-icon-container sow-container-rounded-square\"\n                    style=\"color: #e8c012; \"\n\t\t\t\t\ttitle=\"Calend\u00e1rio Universit\u00e1rio\">\n\t\t\t\t\t<span class=\"sow-icon-fontawesome sow-fas\" data-sow-icon=\"&#xf073;\"\n\t\tstyle=\"font-size: 50px; color: #FFFFFF\" \n\t\taria-hidden=\"true\"><\/span>\t\t\t\t<\/div>\n\t\t\t\t\t\t\t\t\t<\/a>\n\t\t\t\t\n\t\t\t\t<div class=\"textwidget\">\n\t\t\t\t\t\t\t\t\t\t\t<h5>\n\t\t\t\t\t\t\t\t\t\t\t\t\t\t\t<a\n\t\t\t\t\t\t\t\t\thref=\"https:\/\/www2.uepg.br\/prograd\/calendarios\/\"\n\t\t\t\t\t\t\t\t\ttarget=\"_blank\" rel=\"noopener noreferrer\"\t\t\t\t\t\t\t\t>\n\t\t\t\t\t\t\t\n\t\t\t\t\t\t\tCalend\u00e1rio Universit\u00e1rio\t\t\t\t\t\t\t\t\t\t\t\t\t\t\t<\/a>\n\t\t\t\t\t\t\t\t\t\t\t\t\t<\/h5>\n\t\t\t\t\t\n\t\t\t\t\t\n\t\t\t\t\t\t\t\t\t<\/div>\n\t\t\t\t\t\t\t<\/div>\n\n\t\t\t\t\t<div\n\t\t\t\tclass=\"sow-features-feature sow-icon-container-position-top sow-features-feature-last-row\"\n\t\t\t\tstyle=\"display: flex; flex-direction: column; float: left; width: 33.333%;\"\n\t\t\t>\n\n\t\t\t\t\t\t\t\t\t<a\n\t\t\t\t\t\thref=\"https:\/\/www2.uepg.br\/prograd\/\"\n\t\t\t\t\t\ttarget=\"_blank\" rel=\"noopener noreferrer\"\t\t\t\t\t>\n\t\t\t\t\t\t\t\t<div\n\t\t\t\t\tclass=\"sow-icon-container sow-container-rounded-square\"\n                    style=\"color: #1b296d; \"\n\t\t\t\t\ttitle=\"Prograd - Pr\u00f3-reitoria de Gradua\u00e7\u00e3o\">\n\t\t\t\t\t<span class=\"sow-icon-fontawesome sow-fas\" data-sow-icon=\"&#xf19d;\"\n\t\tstyle=\"font-size: 50px; color: #FFFFFF\" \n\t\taria-hidden=\"true\"><\/span>\t\t\t\t<\/div>\n\t\t\t\t\t\t\t\t\t<\/a>\n\t\t\t\t\n\t\t\t\t<div class=\"textwidget\">\n\t\t\t\t\t\t\t\t\t\t\t<h5>\n\t\t\t\t\t\t\t\t\t\t\t\t\t\t\t<a\n\t\t\t\t\t\t\t\t\thref=\"https:\/\/www2.uepg.br\/prograd\/\"\n\t\t\t\t\t\t\t\t\ttarget=\"_blank\" rel=\"noopener noreferrer\"\t\t\t\t\t\t\t\t>\n\t\t\t\t\t\t\t\n\t\t\t\t\t\t\tPrograd - Pr\u00f3-reitoria de Gradua\u00e7\u00e3o\t\t\t\t\t\t\t\t\t\t\t\t\t\t\t<\/a>\n\t\t\t\t\t\t\t\t\t\t\t\t\t<\/h5>\n\t\t\t\t\t\n\t\t\t\t\t\n\t\t\t\t\t\t\t\t\t<\/div>\n\t\t\t\t\t\t\t<\/div>\n\n\t\t\t\t\t<div\n\t\t\t\tclass=\"sow-features-feature sow-icon-container-position-top sow-features-feature-last-row\"\n\t\t\t\tstyle=\"display: flex; flex-direction: column; float: left; width: 33.333%;\"\n\t\t\t>\n\n\t\t\t\t\t\t\t\t\t<a\n\t\t\t\t\t\thref=\"https:\/\/www2.uepg.br\/prae\/\"\n\t\t\t\t\t\ttarget=\"_blank\" rel=\"noopener noreferrer\"\t\t\t\t\t>\n\t\t\t\t\t\t\t\t<div\n\t\t\t\t\tclass=\"sow-icon-container sow-container-rounded-square\"\n                    style=\"color: #c60000; \"\n\t\t\t\t\ttitle=\"Prae - Pr\u00f3-reitoria de Assuntos Estudantis\">\n\t\t\t\t\t<span class=\"sow-icon-fontawesome sow-fas\" data-sow-icon=\"&#xf500;\"\n\t\tstyle=\"font-size: 50px; color: #FFFFFF\" \n\t\taria-hidden=\"true\"><\/span>\t\t\t\t<\/div>\n\t\t\t\t\t\t\t\t\t<\/a>\n\t\t\t\t\n\t\t\t\t<div class=\"textwidget\">\n\t\t\t\t\t\t\t\t\t\t\t<h5>\n\t\t\t\t\t\t\t\t\t\t\t\t\t\t\t<a\n\t\t\t\t\t\t\t\t\thref=\"https:\/\/www2.uepg.br\/prae\/\"\n\t\t\t\t\t\t\t\t\ttarget=\"_blank\" rel=\"noopener noreferrer\"\t\t\t\t\t\t\t\t>\n\t\t\t\t\t\t\t\n\t\t\t\t\t\t\tPrae - Pr\u00f3-reitoria de Assuntos Estudantis\t\t\t\t\t\t\t\t\t\t\t\t\t\t\t<\/a>\n\t\t\t\t\t\t\t\t\t\t\t\t\t<\/h5>\n\t\t\t\t\t\n\t\t\t\t\t\n\t\t\t\t\t\t\t\t\t<\/div>\n\t\t\t\t\t\t\t<\/div>\n\n\t\t\t\t\t<div\n\t\t\t\tclass=\"sow-features-feature sow-icon-container-position-top sow-features-feature-last-row\"\n\t\t\t\tstyle=\"display: flex; flex-direction: column; float: left; width: 33.333%;\"\n\t\t\t>\n\n\t\t\t\t\t\t\t\t\t<a\n\t\t\t\t\t\thref=\"https:\/\/sisei.apps.uepg.br\/protocolo-digital\"\n\t\t\t\t\t\ttarget=\"_blank\" rel=\"noopener noreferrer\"\t\t\t\t\t>\n\t\t\t\t\t\t\t\t<div\n\t\t\t\t\tclass=\"sow-icon-container sow-container-rounded-square\"\n                    style=\"color: #ffffff; \"\n\t\t\t\t\ttitle=\"Protocolo Digital\">\n\t\t\t\t\t<div class=\"sow-icon-image\" style=\"background-image: url(https:\/\/www2.uepg.br\/licenciatura-pedagogia\/wp-content\/uploads\/sites\/108\/2020\/03\/sei-large.jpg); font-size: 50px\"><\/div>\t\t\t\t<\/div>\n\t\t\t\t\t\t\t\t\t<\/a>\n\t\t\t\t\n\t\t\t\t<div class=\"textwidget\">\n\t\t\t\t\t\t\t\t\t\t\t<h5>\n\t\t\t\t\t\t\t\t\t\t\t\t\t\t\t<a\n\t\t\t\t\t\t\t\t\thref=\"https:\/\/sisei.apps.uepg.br\/protocolo-digital\"\n\t\t\t\t\t\t\t\t\ttarget=\"_blank\" rel=\"noopener noreferrer\"\t\t\t\t\t\t\t\t>\n\t\t\t\t\t\t\t\n\t\t\t\t\t\t\tProtocolo Digital\t\t\t\t\t\t\t\t\t\t\t\t\t\t\t<\/a>\n\t\t\t\t\t\t\t\t\t\t\t\t\t<\/h5>\n\t\t\t\t\t\n\t\t\t\t\t\n\t\t\t\t\t\t\t\t\t<\/div>\n\t\t\t\t\t\t\t<\/div>\n\n\t\t\t\n<\/div>\n<\/div><\/div><\/div><\/div><\/div><\/div>","protected":false},"excerpt":{"rendered":"<p>\u00daltimos Informes Acesso r\u00e1pido Links importantes<\/p>\n","protected":false},"author":24,"featured_media":0,"parent":0,"menu_order":0,"comment_status":"closed","ping_status":"closed","template":"","meta":[],"_links":{"self":[{"href":"https:\/\/www2.uepg.br\/licenciatura-pedagogia\/wp-json\/wp\/v2\/pages\/144"}],"collection":[{"href":"https:\/\/www2.uepg.br\/licenciatura-pedagogia\/wp-json\/wp\/v2\/pages"}],"about":[{"href":"https:\/\/www2.uepg.br\/licenciatura-pedagogia\/wp-json\/wp\/v2\/types\/page"}],"author":[{"embeddable":true,"href":"https:\/\/www2.uepg.br\/licenciatura-pedagogia\/wp-json\/wp\/v2\/users\/24"}],"replies":[{"embeddable":true,"href":"https:\/\/www2.uepg.br\/licenciatura-pedagogia\/wp-json\/wp\/v2\/comments?post=144"}],"version-history":[{"count":49,"href":"https:\/\/www2.uepg.br\/licenciatura-pedagogia\/wp-json\/wp\/v2\/pages\/144\/revisions"}],"predecessor-version":[{"id":593,"href":"https:\/\/www2.uepg.br\/licenciatura-pedagogia\/wp-json\/wp\/v2\/pages\/144\/revisions\/593"}],"wp:attachment":[{"href":"https:\/\/www2.uepg.br\/licenciatura-pedagogia\/wp-json\/wp\/v2\/media?parent=144"}],"curies":[{"name":"wp","href":"https:\/\/api.w.org\/{rel}","templated":true}]}}