{"id":297,"date":"2020-03-05T16:21:16","date_gmt":"2020-03-05T19:21:16","guid":{"rendered":"http:\/\/www2.uepg.br\/testes\/?page_id=297"},"modified":"2022-03-09T13:16:20","modified_gmt":"2022-03-09T16:16:20","slug":"atividades-complementares","status":"publish","type":"page","link":"https:\/\/www2.uepg.br\/licenciatura-pedagogia\/atividades-complementares\/","title":{"rendered":"Atividades Complementares"},"content":{"rendered":"<table>\n<tbody>\n<tr>\n<td>\n<h2>REGULAMENTO DAS ATIVIDADES COMPLEMENTARES DO CURSO DE PEDAGOGIA<\/h2>\n<\/td>\n<\/tr>\n<tr>\n<td>\n<h6>O\/A acad\u00eamico(a) do Curso de Licenciatura em Pedagogia (presencial ou \u00e0 dist\u00e2ncia) dever\u00e1 cumprir 200 (duzentas) horas no m\u00ednimo, de atividades que complementem sua forma\u00e7\u00e3o profissional.<br \/>\nAs atividades complementares poder\u00e3o estar vinculadas a tr\u00eas grupos: atividades de pesquisa, atividades de extens\u00e3o e atividades de ensino.<\/h6>\n<p>&nbsp;<\/p>\n<h3><strong>GRUPO I \u2013 PESQUISA<\/strong><\/h3>\n<table width=\"551\">\n<tbody>\n<tr>\n<td>\n<h6><strong>DESCRI\u00c7\u00c3O DAS ATIVIDADES<\/strong><\/h6>\n<\/td>\n<td>\n<h6><strong>CARGA HOR\u00c1RIA DA ATIVIDADE DESENVOLVIDA<\/strong><\/h6>\n<\/td>\n<td>\n<h6><strong>LIMITE M\u00c1XIMO PARA APROVEITAMENTO<\/strong><\/h6>\n<\/td>\n<td>\n<h6><strong>HORAS ATIVIDADES COMPLEMENTARES<\/strong><\/h6>\n<\/td>\n<\/tr>\n<tr>\n<td>\n<h6>1- Participa\u00e7\u00e3o em Projeto de Inicia\u00e7\u00e3o Cient\u00edfica orientado por professor do Curso, como bolsista remunerado ou volunt\u00e1rio.<\/h6>\n<\/td>\n<td>\n<h6>20 horas por ano de participa\u00e7\u00e3o<\/h6>\n<\/td>\n<td>\n<h6>At\u00e9 tr\u00eas anos<\/h6>\n<\/td>\n<td>\n<h6>M\u00e1ximo 60 horas<\/h6>\n<\/td>\n<\/tr>\n<tr>\n<td>\n<h6>2. Apresenta\u00e7\u00e3o de trabalhos em eventos como: congresso, semin\u00e1rio, simp\u00f3sio, jornada.<\/h6>\n<\/td>\n<td>\n<h6>20 horas por evento<\/h6>\n<\/td>\n<td>\n<h6>At\u00e9 quatro eventos<\/h6>\n<\/td>\n<td>\n<h6>M\u00e1ximo 60 horas<\/h6>\n<\/td>\n<\/tr>\n<tr>\n<td>\n<h6>3- Participa\u00e7\u00e3o regular em grupos de estudos coordenados por professores da UEPG<\/h6>\n<\/td>\n<td>\n<h6>10 h para cada semestre cursado<\/h6>\n<\/td>\n<td>\n<h6>At\u00e9 quatro semestres<\/h6>\n<\/td>\n<td>\n<h6>\u00a0M\u00e1ximo 40 horas<\/h6>\n<\/td>\n<\/tr>\n<tr>\n<td>\n<h6>4- Publica\u00e7\u00e3o de livro, cap\u00edtulo de livro, artigo, resenha ou resumo em anais, na \u00e1rea da educa\u00e7\u00e3o.<\/h6>\n<\/td>\n<td>\n<h6>50 h para livro;<\/h6>\n<h6>40 h\u00a0 cap de livro ou artigo revista indexada;<\/h6>\n<h6>30 h publica\u00e7\u00e3o revista n\u00e3o indexada;<\/h6>\n<h6>20 h para resenha;<\/h6>\n<h6>10 h resumos em ANAIS.<\/h6>\n<\/td>\n<td><\/td>\n<td>\n<h6>M\u00e1ximo 80 horas<\/h6>\n<\/td>\n<\/tr>\n<\/tbody>\n<\/table>\n<p>&nbsp;<\/p>\n<h3><strong>GRUPO II \u2013 EXTENS\u00c3O<\/strong><\/h3>\n<table>\n<tbody>\n<tr>\n<td>\n<h6><strong>DESCRI\u00c7\u00c3O DAS ATIVIDADES<\/strong><\/h6>\n<\/td>\n<td>\n<h6><strong>CARGA HOR\u00c1RIA DA ATIVIDADE DESENVOLVIDA<\/strong><\/h6>\n<\/td>\n<td>\n<h6><strong>LIMITE M\u00c1XIMO PARA APROVEITAMENTO<\/strong><\/h6>\n<\/td>\n<td>\n<h6><strong>HORAS ATIVIDADES COMPLEMENTARES<\/strong><\/h6>\n<\/td>\n<\/tr>\n<tr>\n<td>\n<h6><strong>1-\u00a0<\/strong>Participa\u00e7\u00e3o em projeto ou programa de extens\u00e3o universit\u00e1ria vinculado \u00e0 UEPG como bolsista remunerado ou volunt\u00e1rio<\/h6>\n<\/td>\n<td>\n<h6>0,5 pontos para cada hora de participa\u00e7\u00e3o<\/h6>\n<\/td>\n<td>\n<h6>At\u00e9 80 horas<\/h6>\n<\/td>\n<td>\n<h6>M\u00e1ximo 40 horas<\/h6>\n<\/td>\n<\/tr>\n<tr>\n<td>\n<h6>2- Apresenta\u00e7\u00e3o de trabalhos em eventos como: congresso, semin\u00e1rio, simp\u00f3sio, jornada.<\/h6>\n<\/td>\n<td>\n<h6>20 horas por ano de participa\u00e7\u00e3o<\/h6>\n<\/td>\n<td>\n<h6>At\u00e9 tr\u00eas anos<\/h6>\n<\/td>\n<td>\n<h6>M\u00e1ximo 60 horas<\/h6>\n<\/td>\n<\/tr>\n<tr>\n<td>\n<h6>3- Participa\u00e7\u00e3o em cursos, congressos, semin\u00e1rios, jornadas e outros eventos de extens\u00e3o.<\/h6>\n<\/td>\n<td>\n<h6>10 h para cada evento<\/h6>\n<\/td>\n<td>\n<h6>At\u00e9 8 eventos<\/h6>\n<\/td>\n<td>\n<h6>M\u00e1ximo 80 horas<\/h6>\n<\/td>\n<\/tr>\n<tr>\n<td>\n<h6>4- Participa\u00e7\u00e3o como membro na organiza\u00e7\u00e3o de eventos institucionais<\/h6>\n<\/td>\n<td>\n<h6>10 horas para cada evento<\/h6>\n<\/td>\n<td>\n<h6>At\u00e9 quatro eventos<\/h6>\n<\/td>\n<td>\n<h6>M\u00e1ximo 40 horas<\/h6>\n<\/td>\n<\/tr>\n<tr>\n<td>\n<h6>5- Atividades de representa\u00e7\u00e3o estudantil em mandatos espec\u00edficos<\/h6>\n<\/td>\n<td>\n<h6>10 horas por mandato<\/h6>\n<\/td>\n<td>\n<h6>At\u00e9 dois mandatos<\/h6>\n<\/td>\n<td>\n<h6>M\u00e1ximo 20 horas<\/h6>\n<\/td>\n<\/tr>\n<\/tbody>\n<\/table>\n<p>&nbsp;<\/p>\n<h3><strong>GRUPO III \u2013 ENSINO<\/strong><\/h3>\n<table>\n<tbody>\n<tr>\n<td>\n<h6><strong>DESCRI\u00c7\u00c3O DAS ATIVIDADES<\/strong><\/h6>\n<\/td>\n<td>\n<h6><strong>CARGA HOR\u00c1RIA DA ATIVIDADE DESENVOLVIDA<\/strong><\/h6>\n<\/td>\n<td>\n<h6><strong>LIMITE M\u00c1XIMO PARA APROVEITAMENTO<\/strong><\/h6>\n<\/td>\n<td>\n<h6><strong>HORAS ATIVIDADES COMPLEMENTARES<\/strong><\/h6>\n<\/td>\n<\/tr>\n<tr>\n<td>\n<h6>1- Atividades de monitoria no\u00a0<strong>PROTUD<\/strong>I (Programa de Tutoria Discente)<\/h6>\n<\/td>\n<td>\n<h6>01 ponto para cada hora de participa\u00e7\u00e3o<\/h6>\n<\/td>\n<td>\n<h6>At\u00e9 60 horas<\/h6>\n<\/td>\n<td>\n<h6>M\u00e1ximo 60 horas<\/h6>\n<\/td>\n<\/tr>\n<tr>\n<td>\n<h6>2- Participa\u00e7\u00e3o no\u00a0<strong>PIBID<\/strong>\u00a0(Programa Institucional de bolsas de inicia\u00e7\u00e3o docente) no \u00c2mbito da UEPG<\/h6>\n<\/td>\n<td>\n<h6>20 horas por semestre<\/h6>\n<\/td>\n<td>\n<h6>M\u00e1ximo quatro semestres<\/h6>\n<\/td>\n<td>\n<h6>M\u00e1ximo 80 horas<\/h6>\n<\/td>\n<\/tr>\n<tr>\n<td>\n<h6>3- Atividades desenvolvidas com bolsa\u00a0<strong>PET\u00a0<\/strong>(Programa Especial de Treinamento) no \u00e2mbito da UEPG<\/h6>\n<\/td>\n<td>\n<h6>20 horas por semestre<\/h6>\n<\/td>\n<td>\n<h6>M\u00e1ximo quatro semestres<\/h6>\n<\/td>\n<td>\n<h6>M\u00e1ximo\u00a080 horas<\/h6>\n<\/td>\n<\/tr>\n<tr>\n<td>\n<h6>4- Est\u00e1gio n\u00e3o obrigat\u00f3rio em institui\u00e7\u00f5es educacionais de acordo com normas vigentes da UEPG<\/h6>\n<\/td>\n<td>\n<h6>20 horas para cada ano de est\u00e1gio<\/h6>\n<\/td>\n<td>\n<h6>At\u00e9 quatro anos<\/h6>\n<\/td>\n<td>\n<h6>M\u00e1ximo\u00a080 horas<\/h6>\n<\/td>\n<\/tr>\n<tr>\n<td>\n<h6>5- Est\u00e1gio n\u00e3o obrigat\u00f3rio de car\u00e1ter administrativo, em Institui\u00e7\u00f5es educacionais de acordo com as normas vigentes da UEPG.<\/h6>\n<\/td>\n<td>\n<h6>10 horas para cada ano de est\u00e1gio<\/h6>\n<\/td>\n<td>\n<h6>At\u00e9 quatro anos<\/h6>\n<\/td>\n<td>\n<h6>M\u00e1ximo 40 horas<\/h6>\n<\/td>\n<\/tr>\n<tr>\n<td>\n<h6>6- Disciplinas eletivas que n\u00e3o comp\u00f5em a grade curricular do curso de Pedagogia<\/h6>\n<\/td>\n<td>\n<h6>10 h para cada disciplina de no m\u00ednimo 68 horas<\/h6>\n<\/td>\n<td>\n<h6>At\u00e9 tr\u00eas disciplinas<\/h6>\n<\/td>\n<td>\n<h6>M\u00e1ximo 30 horas<\/h6>\n<\/td>\n<\/tr>\n<tr>\n<td>\n<h6>7- Disciplinas de diversifica\u00e7\u00e3o ou aprofundamento quando excedentes ao n\u00famero de cr\u00e9ditos exigidos pelo PPP do Curso de Pedagogia<\/h6>\n<\/td>\n<td>\n<h6>10 h para cada disciplina de no m\u00e1ximo 68 horas<\/h6>\n<\/td>\n<td>\n<h6>At\u00e9 tr\u00eas disciplinas<\/h6>\n<\/td>\n<td>\n<h6>M\u00e1ximo 30 horas<\/h6>\n<\/td>\n<\/tr>\n<tr>\n<td>\n<h6>8- Curso de L\u00edngua estrangeira realizado em institui\u00e7\u00e3o credenciada<\/h6>\n<\/td>\n<td>\n<h6>5 horas por semestre cursado<\/h6>\n<\/td>\n<td>\n<h6>At\u00e9 cinco semestres<\/h6>\n<\/td>\n<td>\n<h6>M\u00e1ximo\u00a025 horas<\/h6>\n<\/td>\n<\/tr>\n<tr>\n<td>\n<h6>9- Atividades de Monitoria em Disciplinas e\/ou laborat\u00f3rios.<\/h6>\n<\/td>\n<td>\n<h6>30 horas para cada semestre<\/h6>\n<\/td>\n<td><\/td>\n<td>\n<h6>M\u00e1ximo\u00a060 horas<\/h6>\n<\/td>\n<\/tr>\n<\/tbody>\n<\/table>\n<\/td>\n<\/tr>\n<\/tbody>\n<\/table>\n<p>&nbsp;<\/p>\n","protected":false},"excerpt":{"rendered":"<p>REGULAMENTO DAS ATIVIDADES COMPLEMENTARES DO CURSO DE PEDAGOGIA O\/A acad\u00eamico(a) do Curso de Licenciatura em Pedagogia (presencial ou \u00e0 dist\u00e2ncia) dever\u00e1 cumprir 200 (duzentas) horas no m\u00ednimo, de atividades que complementem sua forma\u00e7\u00e3o profissional. As atividades complementares poder\u00e3o estar vinculadas a tr\u00eas grupos: atividades de pesquisa, atividades de extens\u00e3o e atividades de ensino. &nbsp; GRUPO&nbsp;&hellip;<\/p>\n","protected":false},"author":24,"featured_media":0,"parent":0,"menu_order":0,"comment_status":"closed","ping_status":"closed","template":"","meta":[],"_links":{"self":[{"href":"https:\/\/www2.uepg.br\/licenciatura-pedagogia\/wp-json\/wp\/v2\/pages\/297"}],"collection":[{"href":"https:\/\/www2.uepg.br\/licenciatura-pedagogia\/wp-json\/wp\/v2\/pages"}],"about":[{"href":"https:\/\/www2.uepg.br\/licenciatura-pedagogia\/wp-json\/wp\/v2\/types\/page"}],"author":[{"embeddable":true,"href":"https:\/\/www2.uepg.br\/licenciatura-pedagogia\/wp-json\/wp\/v2\/users\/24"}],"replies":[{"embeddable":true,"href":"https:\/\/www2.uepg.br\/licenciatura-pedagogia\/wp-json\/wp\/v2\/comments?post=297"}],"version-history":[{"count":4,"href":"https:\/\/www2.uepg.br\/licenciatura-pedagogia\/wp-json\/wp\/v2\/pages\/297\/revisions"}],"predecessor-version":[{"id":631,"href":"https:\/\/www2.uepg.br\/licenciatura-pedagogia\/wp-json\/wp\/v2\/pages\/297\/revisions\/631"}],"wp:attachment":[{"href":"https:\/\/www2.uepg.br\/licenciatura-pedagogia\/wp-json\/wp\/v2\/media?parent=297"}],"curies":[{"name":"wp","href":"https:\/\/api.w.org\/{rel}","templated":true}]}}