{"id":351,"date":"2020-05-12T16:28:26","date_gmt":"2020-05-12T19:28:26","guid":{"rendered":"http:\/\/www2.uepg.br\/licenciatura-pedagogia\/?page_id=351"},"modified":"2022-03-08T13:12:33","modified_gmt":"2022-03-08T16:12:33","slug":"colegiado","status":"publish","type":"page","link":"https:\/\/www2.uepg.br\/licenciatura-pedagogia\/colegiado\/","title":{"rendered":"Colegiado"},"content":{"rendered":"<h2 style=\"text-align: center;\"><strong>COLEGIADO DO CURSO DE PEDAGOGIA \u2013 2019<\/strong><\/h2>\n<p>&nbsp;<\/p>\n<table width=\"728\">\n<tbody>\n<tr>\n<td width=\"82\"><\/td>\n<td width=\"220\"><strong>NOME<\/strong><\/td>\n<td width=\"180\"><strong>FUN\u00c7\u00c3O<\/strong><\/td>\n<td width=\"180\"><strong>PORTARIA<\/strong><\/td>\n<\/tr>\n<tr>\n<td width=\"82\"><img loading=\"lazy\" class=\"alignnone size-full wp-image-556\" src=\"http:\/\/www2.uepg.br\/licenciatura-pedagogia\/wp-content\/uploads\/sites\/108\/2022\/03\/Foto-Graciete-225x300-1.jpg\" alt=\"\" width=\"225\" height=\"300\" \/><\/td>\n<td width=\"220\">Graciete Tozetto G\u00f3es<\/td>\n<td width=\"180\">Coordenadora do Curso<\/td>\n<td width=\"180\">Port. R. 346\/2018<\/p>\n<p>01\/09\/2018 \u00e0 31\/08\/2020<\/td>\n<\/tr>\n<tr>\n<td width=\"82\"><img loading=\"lazy\" class=\"alignnone size-full wp-image-555\" src=\"http:\/\/www2.uepg.br\/licenciatura-pedagogia\/wp-content\/uploads\/sites\/108\/2022\/03\/20141104_135517-300x300-1.jpg\" alt=\"\" width=\"300\" height=\"300\" srcset=\"https:\/\/www2.uepg.br\/licenciatura-pedagogia\/wp-content\/uploads\/sites\/108\/2022\/03\/20141104_135517-300x300-1.jpg 300w, https:\/\/www2.uepg.br\/licenciatura-pedagogia\/wp-content\/uploads\/sites\/108\/2022\/03\/20141104_135517-300x300-1-150x150.jpg 150w\" sizes=\"(max-width: 300px) 100vw, 300px\" \/><\/td>\n<td width=\"220\">\u00a0Rosana de Castro Casagrande<\/td>\n<td width=\"180\">Vice-Coordenadora de Curso<\/td>\n<td width=\"180\">\u00a0Port. R. 346\/2018<\/p>\n<p>01\/09\/2018 \u00e0 31\/08\/2020<\/td>\n<\/tr>\n<tr>\n<td width=\"82\"><img loading=\"lazy\" class=\"alignnone size-full wp-image-554\" src=\"http:\/\/www2.uepg.br\/licenciatura-pedagogia\/wp-content\/uploads\/sites\/108\/2022\/03\/Beatriz-300x300-1.jpg\" alt=\"\" width=\"300\" height=\"300\" srcset=\"https:\/\/www2.uepg.br\/licenciatura-pedagogia\/wp-content\/uploads\/sites\/108\/2022\/03\/Beatriz-300x300-1.jpg 300w, https:\/\/www2.uepg.br\/licenciatura-pedagogia\/wp-content\/uploads\/sites\/108\/2022\/03\/Beatriz-300x300-1-150x150.jpg 150w\" sizes=\"(max-width: 300px) 100vw, 300px\" \/><\/td>\n<td width=\"220\">Beatriz Gomes Nadal<\/td>\n<td width=\"180\">Representante do DEPED<\/td>\n<td width=\"180\">Port. SECIHLA n.\u00ba 26\/2017<\/p>\n<p><u>14\/04\/2017<\/u>\u00a0\u00e0\u00a0<u>13\/04\/2019<\/u><\/td>\n<\/tr>\n<tr>\n<td width=\"82\"><img loading=\"lazy\" class=\"alignnone size-full wp-image-553\" src=\"http:\/\/www2.uepg.br\/licenciatura-pedagogia\/wp-content\/uploads\/sites\/108\/2022\/03\/Clicia.jpg\" alt=\"\" width=\"160\" height=\"160\" srcset=\"https:\/\/www2.uepg.br\/licenciatura-pedagogia\/wp-content\/uploads\/sites\/108\/2022\/03\/Clicia.jpg 160w, https:\/\/www2.uepg.br\/licenciatura-pedagogia\/wp-content\/uploads\/sites\/108\/2022\/03\/Clicia-150x150.jpg 150w\" sizes=\"(max-width: 160px) 100vw, 160px\" \/><\/td>\n<td width=\"220\">Cl\u00edcia Buhrer Martins<\/td>\n<td width=\"180\">Coordenadora de TCC<\/td>\n<td width=\"180\">Port. SECIHLA \u00a0n.\u00ba 13\/2017<\/p>\n<p><u>02\/03\/2017<\/u>\u00a0\u00e0\u00a0<u>01\/03\/2018<\/u><\/td>\n<\/tr>\n<tr>\n<td width=\"82\"><img loading=\"lazy\" class=\"alignnone size-full wp-image-552\" src=\"http:\/\/www2.uepg.br\/licenciatura-pedagogia\/wp-content\/uploads\/sites\/108\/2022\/03\/Erico-300x300-1.jpg\" alt=\"\" width=\"300\" height=\"300\" srcset=\"https:\/\/www2.uepg.br\/licenciatura-pedagogia\/wp-content\/uploads\/sites\/108\/2022\/03\/Erico-300x300-1.jpg 300w, https:\/\/www2.uepg.br\/licenciatura-pedagogia\/wp-content\/uploads\/sites\/108\/2022\/03\/Erico-300x300-1-150x150.jpg 150w\" sizes=\"(max-width: 300px) 100vw, 300px\" \/><\/td>\n<td width=\"220\">\u00c9rico Ribas Machado<\/td>\n<td width=\"180\">Representante do DEED<\/td>\n<td width=\"180\">Port. SECIHLA n.\u00ba 40\/2018<\/p>\n<p>13\/06\/2018\u00a0\u00e0 12\/06\/2020<\/td>\n<\/tr>\n<tr>\n<td width=\"82\"><img loading=\"lazy\" class=\"alignnone size-full wp-image-551\" src=\"http:\/\/www2.uepg.br\/licenciatura-pedagogia\/wp-content\/uploads\/sites\/108\/2022\/03\/Fatima.jpg\" alt=\"\" width=\"160\" height=\"160\" srcset=\"https:\/\/www2.uepg.br\/licenciatura-pedagogia\/wp-content\/uploads\/sites\/108\/2022\/03\/Fatima.jpg 160w, https:\/\/www2.uepg.br\/licenciatura-pedagogia\/wp-content\/uploads\/sites\/108\/2022\/03\/Fatima-150x150.jpg 150w\" sizes=\"(max-width: 160px) 100vw, 160px\" \/><\/td>\n<td width=\"220\">F\u00e1tima Aparecida Queiroz Dionisio<\/td>\n<td width=\"180\">&nbsp;<\/p>\n<p>Representante do DEPED<\/td>\n<td width=\"180\">Port. SECIHLA n.\u00ba 40\/2018<\/p>\n<p>13\/06\/2018\u00a0\u00e0 12\/06\/2020<\/td>\n<\/tr>\n<tr>\n<td width=\"82\"><img loading=\"lazy\" class=\"alignnone size-full wp-image-550\" src=\"http:\/\/www2.uepg.br\/licenciatura-pedagogia\/wp-content\/uploads\/sites\/108\/2022\/03\/Rogerio-267x300-1.jpg\" alt=\"\" width=\"267\" height=\"300\" \/><\/td>\n<td width=\"220\">&nbsp;<\/p>\n<p>Jos\u00e9 Rog\u00e9rio Vitkowiski<\/td>\n<td width=\"180\">&nbsp;<\/p>\n<p>Representante do DEED<\/td>\n<td width=\"180\">Port. SECIHLA n.\u00ba 40\/2018<\/p>\n<p>13\/06\/2018\u00a0\u00e0 12\/06\/2020<\/td>\n<\/tr>\n<tr>\n<td width=\"82\"><img loading=\"lazy\" class=\"alignnone size-full wp-image-547\" src=\"http:\/\/www2.uepg.br\/licenciatura-pedagogia\/wp-content\/uploads\/sites\/108\/2022\/03\/Marilucia.jpg\" alt=\"\" width=\"213\" height=\"299\" \/><\/td>\n<td width=\"220\">Marilucia\u00a0Antonia de\u00a0Rezende Peroza<\/td>\n<td width=\"180\">Representante do DEPED<\/td>\n<td width=\"180\">Port. SECIHLA n.\u00ba 40\/2018<\/p>\n<p>13\/06\/2018\u00a0\u00e0 12\/06\/2020<\/td>\n<\/tr>\n<tr>\n<td width=\"82\"><img loading=\"lazy\" class=\"alignnone size-full wp-image-549\" src=\"http:\/\/www2.uepg.br\/licenciatura-pedagogia\/wp-content\/uploads\/sites\/108\/2022\/03\/Melissa.jpg\" alt=\"\" width=\"206\" height=\"208\" srcset=\"https:\/\/www2.uepg.br\/licenciatura-pedagogia\/wp-content\/uploads\/sites\/108\/2022\/03\/Melissa.jpg 206w, https:\/\/www2.uepg.br\/licenciatura-pedagogia\/wp-content\/uploads\/sites\/108\/2022\/03\/Melissa-150x150.jpg 150w\" sizes=\"(max-width: 206px) 100vw, 206px\" \/><\/td>\n<td width=\"220\">&nbsp;<\/p>\n<p>Melissa Rodrigues da Silva Pereira<\/p>\n<p>&nbsp;<\/td>\n<td width=\"180\">Coordenadora de Est\u00e1gio<\/td>\n<td width=\"180\">Port. SECIHLA n.\u00ba 25\/2017<\/p>\n<p><u>15\/04\/2017<\/u>\u00a0\u00e0\u00a0<u>15\/04\/2019<\/u><\/td>\n<\/tr>\n<tr>\n<td width=\"82\"><img loading=\"lazy\" class=\"alignnone size-full wp-image-548\" src=\"http:\/\/www2.uepg.br\/licenciatura-pedagogia\/wp-content\/uploads\/sites\/108\/2022\/03\/Simone-Cartaxo.jpg\" alt=\"\" width=\"228\" height=\"228\" srcset=\"https:\/\/www2.uepg.br\/licenciatura-pedagogia\/wp-content\/uploads\/sites\/108\/2022\/03\/Simone-Cartaxo.jpg 228w, https:\/\/www2.uepg.br\/licenciatura-pedagogia\/wp-content\/uploads\/sites\/108\/2022\/03\/Simone-Cartaxo-150x150.jpg 150w\" sizes=\"(max-width: 228px) 100vw, 228px\" \/><\/td>\n<td width=\"220\">Simone Regiana Manosso Cartaxo<\/td>\n<td width=\"180\">Representante do DEPED<\/p>\n<p>&nbsp;<\/td>\n<td width=\"180\">Port. SECIHLA n.\u00ba 40\/2018<\/p>\n<p>13\/06\/2018\u00a0\u00e0 12\/06\/2020<\/td>\n<\/tr>\n<\/tbody>\n<\/table>\n<p>&nbsp;<\/p>\n<p><strong>O Colegiado de Curso exerce a coordena\u00e7\u00e3o did\u00e1tico-pedag\u00f3gica do curso e tem as seguintes compet\u00eancias:<\/strong><\/p>\n<p>I \u2013 propor ao Conselho de Ensino, Pesquisa e Extens\u00e3o a organiza\u00e7\u00e3o ou reorganiza\u00e7\u00e3o do curr\u00edculo do curso respectivo;<\/p>\n<p>II \u2013 oferecer ao Conselho de Ensino, Pesquisa e Extens\u00e3o subs\u00eddios:<\/p>\n<ol>\n<li>a) para a avalia\u00e7\u00e3o do ensino e promo\u00e7\u00e3o de alunos;<\/li>\n<li>b) sobre a forma de ingresso de candidatos ao curso;<\/li>\n<li>c) para a organiza\u00e7\u00e3o do Calend\u00e1rio Escolar;<\/li>\n<\/ol>\n<p>III \u2013 coordenar a articula\u00e7\u00e3o da pr\u00e1tica pedag\u00f3gica enquanto componente curricular, conforme o projeto pedag\u00f3gico;<\/p>\n<p>IV \u2013 coordenar o trabalho docente da licenciatura, visando \u00e0 unidade e efici\u00eancia do ensino, da pesquisa, da extens\u00e3o e da articula\u00e7\u00e3o entre os diferentes componentes curriculares;<\/p>\n<p>V \u2013 estabelecer normas para os est\u00e1gios curriculares;<\/p>\n<p>VI \u2013 avaliar a execu\u00e7\u00e3o did\u00e1tico-pedag\u00f3gica do curso e propor medidas que considerar necess\u00e1rias ao(s) Departamento(s), ao(s) Colegiado(s) Setorial(is) e ao Conselho de Ensino, Pesquisa e Extens\u00e3o;<\/p>\n<p>VII \u2013 emitir parecer sobre quest\u00f5es did\u00e1ticas relativas \u00e0 frequ\u00eancia, transfer\u00eancia, adapta\u00e7\u00f5es de alunos, avalia\u00e7\u00f5es, exames e trabalhos escolares;<\/p>\n<p>VIII \u2013 requisitar aos Departamentos a oferta de disciplinas e os professores, de acordo com o projeto pedag\u00f3gico do curso, explicitando as vagas necess\u00e1rias e os hor\u00e1rios convenientes;<\/p>\n<p>IX \u2013 solicitar ao(s) Departamento(s) a indica\u00e7\u00e3o de professores, atendendo ao perfil desejado dos mesmos, de acordo com o proposto no projeto pedag\u00f3gico;<\/p>\n<p>X \u2013 recusar, mediante an\u00e1lise fundamentada, a indica\u00e7\u00e3o de professores feita pelos Departamentos;<\/p>\n<p>XI \u2013 solicitar aos Departamentos a substitui\u00e7\u00e3o de professores que n\u00e3o estejam atendendo \u00e0s necessidades do curso, mediante an\u00e1lise fundamentada;<\/p>\n<p>XII \u2013 avaliar periodicamente os programas das disciplinas e deliberar sobre as modifica\u00e7\u00f5es propostas pelos professores;<\/p>\n<p>XIII \u2013 estabelecer o calend\u00e1rio das suas reuni\u00f5es ordin\u00e1rias;<\/p>\n<p>XIV \u2013 analisar os pedidos de justificativas das faltas, \u00e0s reuni\u00f5es do Colegiado, feitos pelos seus membros;<\/p>\n<p>XV \u2013 responsabilizar-se pelo cumprimento integral do projeto pedag\u00f3gico do curso;<\/p>\n<p>XVI \u2013 analisar qualquer retifica\u00e7\u00e3o de nota ou frequ\u00eancia de acad\u00eamico, ocorrida extemporaneamente.<\/p>\n","protected":false},"excerpt":{"rendered":"<p>COLEGIADO DO CURSO DE PEDAGOGIA \u2013 2019 &nbsp; NOME FUN\u00c7\u00c3O PORTARIA Graciete Tozetto G\u00f3es Coordenadora do Curso Port. R. 346\/2018 01\/09\/2018 \u00e0 31\/08\/2020 \u00a0Rosana de Castro Casagrande Vice-Coordenadora de Curso \u00a0Port. R. 346\/2018 01\/09\/2018 \u00e0 31\/08\/2020 Beatriz Gomes Nadal Representante do DEPED Port. SECIHLA n.\u00ba 26\/2017 14\/04\/2017\u00a0\u00e0\u00a013\/04\/2019 Cl\u00edcia Buhrer Martins Coordenadora de TCC Port. SECIHLA&nbsp;&hellip;<\/p>\n","protected":false},"author":24,"featured_media":0,"parent":0,"menu_order":0,"comment_status":"closed","ping_status":"closed","template":"","meta":[],"_links":{"self":[{"href":"https:\/\/www2.uepg.br\/licenciatura-pedagogia\/wp-json\/wp\/v2\/pages\/351"}],"collection":[{"href":"https:\/\/www2.uepg.br\/licenciatura-pedagogia\/wp-json\/wp\/v2\/pages"}],"about":[{"href":"https:\/\/www2.uepg.br\/licenciatura-pedagogia\/wp-json\/wp\/v2\/types\/page"}],"author":[{"embeddable":true,"href":"https:\/\/www2.uepg.br\/licenciatura-pedagogia\/wp-json\/wp\/v2\/users\/24"}],"replies":[{"embeddable":true,"href":"https:\/\/www2.uepg.br\/licenciatura-pedagogia\/wp-json\/wp\/v2\/comments?post=351"}],"version-history":[{"count":4,"href":"https:\/\/www2.uepg.br\/licenciatura-pedagogia\/wp-json\/wp\/v2\/pages\/351\/revisions"}],"predecessor-version":[{"id":558,"href":"https:\/\/www2.uepg.br\/licenciatura-pedagogia\/wp-json\/wp\/v2\/pages\/351\/revisions\/558"}],"wp:attachment":[{"href":"https:\/\/www2.uepg.br\/licenciatura-pedagogia\/wp-json\/wp\/v2\/media?parent=351"}],"curies":[{"name":"wp","href":"https:\/\/api.w.org\/{rel}","templated":true}]}}