{"id":355,"date":"2020-05-12T16:30:19","date_gmt":"2020-05-12T19:30:19","guid":{"rendered":"http:\/\/www2.uepg.br\/licenciatura-pedagogia\/?page_id=355"},"modified":"2022-03-08T13:33:10","modified_gmt":"2022-03-08T16:33:10","slug":"nde","status":"publish","type":"page","link":"https:\/\/www2.uepg.br\/licenciatura-pedagogia\/nde\/","title":{"rendered":"NDE"},"content":{"rendered":"<p>O N\u00facleo Docente Estruturante (NDE) de um Curso de Gradua\u00e7\u00e3o constitui-se de um grupo de docentes, com atribui\u00e7\u00f5es acad\u00eamicas de acompanhamento, atuante no processo de concep\u00e7\u00e3o, consolida\u00e7\u00e3o e cont\u00ednua atualiza\u00e7\u00e3o do projeto pedag\u00f3gico de curso.<\/p>\n<p><a href=\"http:\/\/www2.uepg.br\/licenciatura-pedagogia\/wp-content\/uploads\/sites\/108\/2022\/03\/resolucao-cepe-024-de-22-de-maio-de-2013.pdf\">REGULAMENTO DO NDE \u2013 Resolu\u00e7\u00e3o CEPE n.24\/2013<\/a><\/p>\n<p><strong>COMPOSI\u00c7\u00c3O DO N\u00daCLEO DOCENTE ESTRUTURANTE DO CURSO DE PEDAGOGIA<\/strong><\/p>\n<table width=\"723\">\n<tbody>\n<tr>\n<td width=\"82\"><\/td>\n<td width=\"250\"><strong>NOME<\/strong><\/td>\n<td width=\"150\"><strong>FUN\u00c7\u00c3O<\/strong><\/td>\n<td width=\"180\"><strong>PORTARIA<\/strong><\/td>\n<\/tr>\n<tr>\n<td width=\"82\"><img loading=\"lazy\" class=\"alignnone size-full wp-image-577\" src=\"http:\/\/www2.uepg.br\/licenciatura-pedagogia\/wp-content\/uploads\/sites\/108\/2022\/03\/SINDUEPG-272x300-1.jpg\" alt=\"\" width=\"272\" height=\"300\" \/><\/td>\n<td width=\"250\">Prof\u00ba Marcelo Ubialli Ferracioli<\/td>\n<td width=\"150\">Membro<\/td>\n<td width=\"180\">\u00a0Portaria Setorial n\u00ba87\/2018 SECIHLA<\/p>\n<p>18\/09\/2018 a 07\/03\/2022<\/td>\n<\/tr>\n<tr>\n<td width=\"82\"><img loading=\"lazy\" class=\"alignnone size-full wp-image-576\" src=\"http:\/\/www2.uepg.br\/licenciatura-pedagogia\/wp-content\/uploads\/sites\/108\/2022\/03\/facebook_1564057758153-300x300-1.jpg\" alt=\"\" width=\"300\" height=\"300\" srcset=\"https:\/\/www2.uepg.br\/licenciatura-pedagogia\/wp-content\/uploads\/sites\/108\/2022\/03\/facebook_1564057758153-300x300-1.jpg 300w, https:\/\/www2.uepg.br\/licenciatura-pedagogia\/wp-content\/uploads\/sites\/108\/2022\/03\/facebook_1564057758153-300x300-1-150x150.jpg 150w\" sizes=\"(max-width: 300px) 100vw, 300px\" \/><\/td>\n<td width=\"250\">Prof\u00aa Maria das Gra\u00e7as do Espirito Santo Tigre<\/td>\n<td width=\"150\">Membro<\/td>\n<td width=\"180\"><\/td>\n<\/tr>\n<tr>\n<td width=\"82\"><img loading=\"lazy\" class=\"alignnone size-full wp-image-575\" src=\"http:\/\/www2.uepg.br\/licenciatura-pedagogia\/wp-content\/uploads\/sites\/108\/2022\/03\/susana-267x300-1.jpg\" alt=\"\" width=\"267\" height=\"300\" \/><\/td>\n<td width=\"250\">Prof\u00aa\u00a0Susana Soares Tozetto<\/td>\n<td width=\"150\">Membro<\/td>\n<td width=\"180\">\u00a0Portaria Setorial n\u00ba86\/2018 SECIHLA<\/p>\n<p>18\/09\/2018 a 06\/10\/2019<\/td>\n<\/tr>\n<tr>\n<td width=\"82\"><img loading=\"lazy\" class=\"alignnone size-full wp-image-574\" src=\"http:\/\/www2.uepg.br\/licenciatura-pedagogia\/wp-content\/uploads\/sites\/108\/2022\/03\/Paola-221x300-1.jpg\" alt=\"\" width=\"221\" height=\"300\" \/><\/td>\n<td width=\"250\">Prof\u00aa Paola\u00a0Andressa Scortegagna<\/td>\n<td width=\"150\">Membro<\/td>\n<td width=\"180\"><\/td>\n<\/tr>\n<tr>\n<td width=\"82\"><img loading=\"lazy\" class=\"alignnone size-full wp-image-573\" src=\"http:\/\/www2.uepg.br\/licenciatura-pedagogia\/wp-content\/uploads\/sites\/108\/2022\/03\/Foto-Graciete-150x150-1.jpg\" alt=\"\" width=\"150\" height=\"150\" \/><\/td>\n<td width=\"250\">Prof\u00aa Graciete Tozetto Goes<\/td>\n<td width=\"150\">Membro<\/td>\n<\/tr>\n<\/tbody>\n<\/table>\n","protected":false},"excerpt":{"rendered":"<p>O N\u00facleo Docente Estruturante (NDE) de um Curso de Gradua\u00e7\u00e3o constitui-se de um grupo de docentes, com atribui\u00e7\u00f5es acad\u00eamicas de acompanhamento, atuante no processo de concep\u00e7\u00e3o, consolida\u00e7\u00e3o e cont\u00ednua atualiza\u00e7\u00e3o do projeto pedag\u00f3gico de curso. REGULAMENTO DO NDE \u2013 Resolu\u00e7\u00e3o CEPE n.24\/2013 COMPOSI\u00c7\u00c3O DO N\u00daCLEO DOCENTE ESTRUTURANTE DO CURSO DE PEDAGOGIA NOME FUN\u00c7\u00c3O PORTARIA Prof\u00ba&nbsp;&hellip;<\/p>\n","protected":false},"author":24,"featured_media":0,"parent":0,"menu_order":0,"comment_status":"closed","ping_status":"closed","template":"","meta":[],"_links":{"self":[{"href":"https:\/\/www2.uepg.br\/licenciatura-pedagogia\/wp-json\/wp\/v2\/pages\/355"}],"collection":[{"href":"https:\/\/www2.uepg.br\/licenciatura-pedagogia\/wp-json\/wp\/v2\/pages"}],"about":[{"href":"https:\/\/www2.uepg.br\/licenciatura-pedagogia\/wp-json\/wp\/v2\/types\/page"}],"author":[{"embeddable":true,"href":"https:\/\/www2.uepg.br\/licenciatura-pedagogia\/wp-json\/wp\/v2\/users\/24"}],"replies":[{"embeddable":true,"href":"https:\/\/www2.uepg.br\/licenciatura-pedagogia\/wp-json\/wp\/v2\/comments?post=355"}],"version-history":[{"count":3,"href":"https:\/\/www2.uepg.br\/licenciatura-pedagogia\/wp-json\/wp\/v2\/pages\/355\/revisions"}],"predecessor-version":[{"id":578,"href":"https:\/\/www2.uepg.br\/licenciatura-pedagogia\/wp-json\/wp\/v2\/pages\/355\/revisions\/578"}],"wp:attachment":[{"href":"https:\/\/www2.uepg.br\/licenciatura-pedagogia\/wp-json\/wp\/v2\/media?parent=355"}],"curies":[{"name":"wp","href":"https:\/\/api.w.org\/{rel}","templated":true}]}}