{"id":486,"date":"2022-03-07T16:03:08","date_gmt":"2022-03-07T19:03:08","guid":{"rendered":"https:\/\/www2.uepg.br\/licenciatura-pedagogia\/?page_id=486"},"modified":"2022-03-09T13:02:56","modified_gmt":"2022-03-09T16:02:56","slug":"editais","status":"publish","type":"page","link":"https:\/\/www2.uepg.br\/licenciatura-pedagogia\/editais\/","title":{"rendered":"Editais"},"content":{"rendered":"<p><a href=\"http:\/\/www2.uepg.br\/licenciatura-pedagogia\/wp-content\/uploads\/sites\/108\/2022\/03\/EDITAL-21-Coordenacao-de-Pedagogia.pdf\">Edital SECIHLA 21\/2018 \u2013 Elei\u00e7\u00e3o de nova Coordena\u00e7\u00e3o do Curso de Licenciatura em Pedagogia<\/a><\/p>\n<p>&nbsp;<\/p>\n<p><a href=\"http:\/\/www2.uepg.br\/licenciatura-pedagogia\/wp-content\/uploads\/sites\/108\/2022\/03\/Edital-23-aclamacao-coordenacao-pedagogia.pdf\">Edital SECIHLA 23\/2018 \u2013 Aclama\u00e7\u00e3o de nova Coordena\u00e7\u00e3o do Curso de Licenciatura em Pedagogia<\/a><\/p>\n","protected":false},"excerpt":{"rendered":"<p>Edital SECIHLA 21\/2018 \u2013 Elei\u00e7\u00e3o de nova Coordena\u00e7\u00e3o do Curso de Licenciatura em Pedagogia &nbsp; Edital SECIHLA 23\/2018 \u2013 Aclama\u00e7\u00e3o de nova Coordena\u00e7\u00e3o do Curso de Licenciatura em Pedagogia<\/p>\n","protected":false},"author":378,"featured_media":0,"parent":0,"menu_order":0,"comment_status":"closed","ping_status":"closed","template":"","meta":[],"_links":{"self":[{"href":"https:\/\/www2.uepg.br\/licenciatura-pedagogia\/wp-json\/wp\/v2\/pages\/486"}],"collection":[{"href":"https:\/\/www2.uepg.br\/licenciatura-pedagogia\/wp-json\/wp\/v2\/pages"}],"about":[{"href":"https:\/\/www2.uepg.br\/licenciatura-pedagogia\/wp-json\/wp\/v2\/types\/page"}],"author":[{"embeddable":true,"href":"https:\/\/www2.uepg.br\/licenciatura-pedagogia\/wp-json\/wp\/v2\/users\/378"}],"replies":[{"embeddable":true,"href":"https:\/\/www2.uepg.br\/licenciatura-pedagogia\/wp-json\/wp\/v2\/comments?post=486"}],"version-history":[{"count":3,"href":"https:\/\/www2.uepg.br\/licenciatura-pedagogia\/wp-json\/wp\/v2\/pages\/486\/revisions"}],"predecessor-version":[{"id":619,"href":"https:\/\/www2.uepg.br\/licenciatura-pedagogia\/wp-json\/wp\/v2\/pages\/486\/revisions\/619"}],"wp:attachment":[{"href":"https:\/\/www2.uepg.br\/licenciatura-pedagogia\/wp-json\/wp\/v2\/media?parent=486"}],"curies":[{"name":"wp","href":"https:\/\/api.w.org\/{rel}","templated":true}]}}