{"id":495,"date":"2022-03-07T16:07:06","date_gmt":"2022-03-07T19:07:06","guid":{"rendered":"https:\/\/www2.uepg.br\/licenciatura-pedagogia\/?page_id=495"},"modified":"2022-03-08T14:46:50","modified_gmt":"2022-03-08T17:46:50","slug":"tcc","status":"publish","type":"page","link":"https:\/\/www2.uepg.br\/licenciatura-pedagogia\/tcc\/","title":{"rendered":"TCC"},"content":{"rendered":"<p><a href=\"http:\/\/www2.uepg.br\/licenciatura-pedagogia\/wp-content\/uploads\/sites\/108\/2022\/03\/RegulamentoTCCpedagogia.pdf\">Regulamento de Trabalho de Conclus\u00e3o do Curso de Pedagogia<\/a><\/p>\n<p><a href=\"http:\/\/www2.uepg.br\/licenciatura-pedagogia\/wp-content\/uploads\/sites\/108\/2022\/03\/00-RELACAO-DE-TCCS-2017-PEDAGOGIA-PRESENCIAL-1.pdf\">RELA\u00c7\u00c3O DE TCCS 2017 \u2013 PEDAGOGIA PRESENCIAL<\/a><\/p>\n<p><a href=\"http:\/\/www2.uepg.br\/licenciatura-pedagogia\/wp-content\/uploads\/sites\/108\/2022\/03\/RELACAO-DE-TCCs-DO-CURSO-DE-PEDAGOGIA-2018.pdf\">RELA\u00c7\u00c3O DE TCCs DO CURSO DE PEDAGOGIA 2018<\/a><\/p>\n<p><a href=\"http:\/\/www2.uepg.br\/licenciatura-pedagogia\/wp-content\/uploads\/sites\/108\/2022\/03\/Relacao-de-TCCs-2018-2-Pedagogia-EAD.pdf\">Rela\u00e7\u00e3o de TCCs 2018-2 \u2013 Pedagogia EAD<\/a><\/p>\n","protected":false},"excerpt":{"rendered":"<p>Regulamento de Trabalho de Conclus\u00e3o do Curso de Pedagogia RELA\u00c7\u00c3O DE TCCS 2017 \u2013 PEDAGOGIA PRESENCIAL RELA\u00c7\u00c3O DE TCCs DO CURSO DE PEDAGOGIA 2018 Rela\u00e7\u00e3o de TCCs 2018-2 \u2013 Pedagogia EAD<\/p>\n","protected":false},"author":378,"featured_media":0,"parent":0,"menu_order":0,"comment_status":"closed","ping_status":"closed","template":"","meta":[],"_links":{"self":[{"href":"https:\/\/www2.uepg.br\/licenciatura-pedagogia\/wp-json\/wp\/v2\/pages\/495"}],"collection":[{"href":"https:\/\/www2.uepg.br\/licenciatura-pedagogia\/wp-json\/wp\/v2\/pages"}],"about":[{"href":"https:\/\/www2.uepg.br\/licenciatura-pedagogia\/wp-json\/wp\/v2\/types\/page"}],"author":[{"embeddable":true,"href":"https:\/\/www2.uepg.br\/licenciatura-pedagogia\/wp-json\/wp\/v2\/users\/378"}],"replies":[{"embeddable":true,"href":"https:\/\/www2.uepg.br\/licenciatura-pedagogia\/wp-json\/wp\/v2\/comments?post=495"}],"version-history":[{"count":3,"href":"https:\/\/www2.uepg.br\/licenciatura-pedagogia\/wp-json\/wp\/v2\/pages\/495\/revisions"}],"predecessor-version":[{"id":613,"href":"https:\/\/www2.uepg.br\/licenciatura-pedagogia\/wp-json\/wp\/v2\/pages\/495\/revisions\/613"}],"wp:attachment":[{"href":"https:\/\/www2.uepg.br\/licenciatura-pedagogia\/wp-json\/wp\/v2\/media?parent=495"}],"curies":[{"name":"wp","href":"https:\/\/api.w.org\/{rel}","templated":true}]}}