{"id":496,"date":"2022-03-07T16:07:06","date_gmt":"2022-03-07T19:07:06","guid":{"rendered":"https:\/\/www2.uepg.br\/licenciatura-pedagogia\/?page_id=496"},"modified":"2022-03-09T13:22:48","modified_gmt":"2022-03-09T16:22:48","slug":"laboratorios","status":"publish","type":"page","link":"https:\/\/www2.uepg.br\/licenciatura-pedagogia\/laboratorios\/","title":{"rendered":"Laborat\u00f3rios"},"content":{"rendered":"<p>O Curso de Pedagogia conta com os seguintes laborat\u00f3rios:<\/p>\n<ol>\n<li>1) Laborat\u00f3rio de Inform\u00e1tica \u2013\u00a0<strong>Sala B115<\/strong><\/li>\n<li>2)\u00a0<a href=\"http:\/\/uepg.vwi.com.br\/conteudo\/download\/178\">Laborat\u00f3rio L\u00fadico Pedag\u00f3gico<\/a>\u00a0\u2013\u00a0<strong>LALUPE<\/strong><\/li>\n<li>3)\u00a0<a href=\"http:\/\/dgp.cnpq.br\/dgp\/espelhogrupo\/9612165647650543\">Laborat\u00f3rio\u00a0e N\u00facleo de Estudos e Pesquisas em M\u00eddia e Educa\u00e7\u00e3o<\/a>\u00a0\u2013\u00a0<b id=\"yui_3_10_0_1_1499374679576_1317\">LUME \u2013 Sala A115<\/b><\/li>\n<li>4) Laborat\u00f3rio Multidisciplinar de Ensino de Pedagogia \u2013\u00a0<strong>LAMPE \u2013 Sala B118<\/strong><\/li>\n<\/ol>\n","protected":false},"excerpt":{"rendered":"<p>O Curso de Pedagogia conta com os seguintes laborat\u00f3rios: 1) Laborat\u00f3rio de Inform\u00e1tica \u2013\u00a0Sala B115 2)\u00a0Laborat\u00f3rio L\u00fadico Pedag\u00f3gico\u00a0\u2013\u00a0LALUPE 3)\u00a0Laborat\u00f3rio\u00a0e N\u00facleo de Estudos e Pesquisas em M\u00eddia e Educa\u00e7\u00e3o\u00a0\u2013\u00a0LUME \u2013 Sala A115 4) Laborat\u00f3rio Multidisciplinar de Ensino de Pedagogia \u2013\u00a0LAMPE \u2013 Sala B118<\/p>\n","protected":false},"author":378,"featured_media":0,"parent":0,"menu_order":0,"comment_status":"closed","ping_status":"closed","template":"","meta":[],"_links":{"self":[{"href":"https:\/\/www2.uepg.br\/licenciatura-pedagogia\/wp-json\/wp\/v2\/pages\/496"}],"collection":[{"href":"https:\/\/www2.uepg.br\/licenciatura-pedagogia\/wp-json\/wp\/v2\/pages"}],"about":[{"href":"https:\/\/www2.uepg.br\/licenciatura-pedagogia\/wp-json\/wp\/v2\/types\/page"}],"author":[{"embeddable":true,"href":"https:\/\/www2.uepg.br\/licenciatura-pedagogia\/wp-json\/wp\/v2\/users\/378"}],"replies":[{"embeddable":true,"href":"https:\/\/www2.uepg.br\/licenciatura-pedagogia\/wp-json\/wp\/v2\/comments?post=496"}],"version-history":[{"count":2,"href":"https:\/\/www2.uepg.br\/licenciatura-pedagogia\/wp-json\/wp\/v2\/pages\/496\/revisions"}],"predecessor-version":[{"id":632,"href":"https:\/\/www2.uepg.br\/licenciatura-pedagogia\/wp-json\/wp\/v2\/pages\/496\/revisions\/632"}],"wp:attachment":[{"href":"https:\/\/www2.uepg.br\/licenciatura-pedagogia\/wp-json\/wp\/v2\/media?parent=496"}],"curies":[{"name":"wp","href":"https:\/\/api.w.org\/{rel}","templated":true}]}}