{"id":497,"date":"2022-03-07T16:07:06","date_gmt":"2022-03-07T19:07:06","guid":{"rendered":"https:\/\/www2.uepg.br\/licenciatura-pedagogia\/?page_id=497"},"modified":"2022-03-09T13:24:17","modified_gmt":"2022-03-09T16:24:17","slug":"eventos","status":"publish","type":"page","link":"https:\/\/www2.uepg.br\/licenciatura-pedagogia\/eventos\/","title":{"rendered":"Eventos"},"content":{"rendered":"<p>Esse espa\u00e7o trata de divulgar eventos acad\u00eamicos organizados por professores do Curso de Pedagogia e outros eventos da \u00e1rea de interesse da comunidade acad\u00eamica.<\/p>\n<h4 class=\"card-title p-3\"><strong>EVENTOS 2019<\/strong><\/h4>\n<h4 class=\"card-title p-3\"><a href=\"https:\/\/siseve.apps.uepg.br\/XXVISEMED\">XXVI Semana da Educa\u00e7\u00e3o \/ II Semana Acad\u00eamica da Pedagogia EaD<\/a>\u00a02019<\/h4>\n<h4 class=\"card-title p-3\">Inscri\u00e7\u00f5es\u00a0<span class=\"text-right\">In\u00edcio \u2013 10\/06\/2019 00:00\u00a0T\u00e9rmino \u2013 23\/08\/2019 23:59<\/span><\/h4>\n<p>_____________________________________________________________________<\/p>\n<p><strong>EVENTOS 2017<\/strong><\/p>\n<p><a href=\"http:\/\/portal.uepg.br\/noticias.php?id=10443\">Aula Inaugural do Curso de Pedagogia\/Semin\u00e1rio Tem\u00e1tico do PPGE<\/a>\u00a0\u2013 27 de mar\u00e7o de 2017<\/p>\n<p><a href=\"http:\/\/portal.uepg.br\/noticias.php?id=10692\">I Semana do Brincar<\/a>\u00a0\u2013 22 \u00e0 26 de maio<\/p>\n<p><a href=\"http:\/\/www.pitangui.uepg.br\/propesp\/ppge\/noticia.php?pagina=1501259464\">Semin\u00e1rio Tem\u00e1tico do Curso de Pedagogia\/Aula Inaugural do PPGE<\/a>\u00a0\u2013 07 de agosto de 2017<\/p>\n<p><a href=\"https:\/\/5ecompg.wixsite.com\/ecompg2017\">5.o Encontro de Comunica\u00e7\u00e3o e Educa\u00e7\u00e3o de Ponta Grossa<\/a>\u00a0\u2013 11 e 12 de setembro de 2017<\/p>\n<p><a href=\"http:\/\/pitangui.uepg.br\/propesp\/ppge\/imagens\/Folder_Simposio_Educacao.jpg\">Simp\u00f3sio de Hist\u00f3ria da Educa\u00e7\u00e3o<\/a>\u00a0\u2013 11 \u00e0 22 de setembro de 2017<\/p>\n<p><a href=\"https:\/\/xxvsemanadeeducacao.wordpress.com\/\">XXV Semana da Educa\u00e7\u00e3o \/ 1.a Semana Acad\u00eamica da Pedagogia EaD<\/a>\u00a0\u2013 16 \u00e0 20 de outubro de 2017<\/p>\n","protected":false},"excerpt":{"rendered":"<p>Esse espa\u00e7o trata de divulgar eventos acad\u00eamicos organizados por professores do Curso de Pedagogia e outros eventos da \u00e1rea de interesse da comunidade acad\u00eamica. EVENTOS 2019 XXVI Semana da Educa\u00e7\u00e3o \/ II Semana Acad\u00eamica da Pedagogia EaD\u00a02019 Inscri\u00e7\u00f5es\u00a0In\u00edcio \u2013 10\/06\/2019 00:00\u00a0T\u00e9rmino \u2013 23\/08\/2019 23:59 _____________________________________________________________________ EVENTOS 2017 Aula Inaugural do Curso de Pedagogia\/Semin\u00e1rio Tem\u00e1tico do&nbsp;&hellip;<\/p>\n","protected":false},"author":378,"featured_media":0,"parent":0,"menu_order":0,"comment_status":"closed","ping_status":"closed","template":"","meta":[],"_links":{"self":[{"href":"https:\/\/www2.uepg.br\/licenciatura-pedagogia\/wp-json\/wp\/v2\/pages\/497"}],"collection":[{"href":"https:\/\/www2.uepg.br\/licenciatura-pedagogia\/wp-json\/wp\/v2\/pages"}],"about":[{"href":"https:\/\/www2.uepg.br\/licenciatura-pedagogia\/wp-json\/wp\/v2\/types\/page"}],"author":[{"embeddable":true,"href":"https:\/\/www2.uepg.br\/licenciatura-pedagogia\/wp-json\/wp\/v2\/users\/378"}],"replies":[{"embeddable":true,"href":"https:\/\/www2.uepg.br\/licenciatura-pedagogia\/wp-json\/wp\/v2\/comments?post=497"}],"version-history":[{"count":2,"href":"https:\/\/www2.uepg.br\/licenciatura-pedagogia\/wp-json\/wp\/v2\/pages\/497\/revisions"}],"predecessor-version":[{"id":633,"href":"https:\/\/www2.uepg.br\/licenciatura-pedagogia\/wp-json\/wp\/v2\/pages\/497\/revisions\/633"}],"wp:attachment":[{"href":"https:\/\/www2.uepg.br\/licenciatura-pedagogia\/wp-json\/wp\/v2\/media?parent=497"}],"curies":[{"name":"wp","href":"https:\/\/api.w.org\/{rel}","templated":true}]}}