{"id":498,"date":"2022-03-07T16:07:06","date_gmt":"2022-03-07T19:07:06","guid":{"rendered":"https:\/\/www2.uepg.br\/licenciatura-pedagogia\/?page_id=498"},"modified":"2022-03-09T13:13:41","modified_gmt":"2022-03-09T16:13:41","slug":"calendario-universitario","status":"publish","type":"page","link":"https:\/\/www2.uepg.br\/licenciatura-pedagogia\/calendario-universitario\/","title":{"rendered":"Calend\u00e1rio Universit\u00e1rio"},"content":{"rendered":"<p><a href=\"http:\/\/www2.uepg.br\/licenciatura-pedagogia\/wp-content\/uploads\/sites\/108\/2022\/03\/CALENDARIO-2017-07-atualizado.pdf\">Calend\u00e1rio Universit\u00e1rio 2017<\/a><\/p>\n<p><a href=\"http:\/\/www2.uepg.br\/licenciatura-pedagogia\/wp-content\/uploads\/sites\/108\/2022\/03\/Resuniv028-1.pdf\">Calend\u00e1rio Universit\u00e1rio 2019 \u2013 presencial\u00a0<\/a><\/p>\n<p><a href=\"http:\/\/www2.uepg.br\/licenciatura-pedagogia\/wp-content\/uploads\/sites\/108\/2022\/03\/Calendario_EaD_2019.pdf\">Calend\u00e1rio Universit\u00e1rio 2019 \u2013 EAD<\/a><\/p>\n<p><a href=\"http:\/\/www2.uepg.br\/licenciatura-pedagogia\/wp-content\/uploads\/sites\/108\/2022\/03\/OSGreve.pdf\">Nota da PROGRAD \u2013 Suspens\u00e3o do Calend\u00e1rio 2019<\/a><\/p>\n<p class=\"noticia\"><a href=\"http:\/\/www2.uepg.br\/licenciatura-pedagogia\/wp-content\/uploads\/sites\/108\/2022\/03\/Resuniv028-last-version-1_page-0001-1.pdf\">Calend\u00e1rio Universit\u00e1rio 2019 Aprovado Ad Referendum\u00a0<\/a><\/p>\n<p>Outros Calend\u00e1rios em <a href=\"https:\/\/www2.uepg.br\/prograd\/calendarios\/\">Calend\u00e1rios &#8211; PROGRAD<\/a><\/p>\n","protected":false},"excerpt":{"rendered":"<p>Calend\u00e1rio Universit\u00e1rio 2017 Calend\u00e1rio Universit\u00e1rio 2019 \u2013 presencial\u00a0 Calend\u00e1rio Universit\u00e1rio 2019 \u2013 EAD Nota da PROGRAD \u2013 Suspens\u00e3o do Calend\u00e1rio 2019 Calend\u00e1rio Universit\u00e1rio 2019 Aprovado Ad Referendum\u00a0 Outros Calend\u00e1rios em Calend\u00e1rios &#8211; PROGRAD<\/p>\n","protected":false},"author":378,"featured_media":0,"parent":0,"menu_order":0,"comment_status":"closed","ping_status":"closed","template":"","meta":[],"_links":{"self":[{"href":"https:\/\/www2.uepg.br\/licenciatura-pedagogia\/wp-json\/wp\/v2\/pages\/498"}],"collection":[{"href":"https:\/\/www2.uepg.br\/licenciatura-pedagogia\/wp-json\/wp\/v2\/pages"}],"about":[{"href":"https:\/\/www2.uepg.br\/licenciatura-pedagogia\/wp-json\/wp\/v2\/types\/page"}],"author":[{"embeddable":true,"href":"https:\/\/www2.uepg.br\/licenciatura-pedagogia\/wp-json\/wp\/v2\/users\/378"}],"replies":[{"embeddable":true,"href":"https:\/\/www2.uepg.br\/licenciatura-pedagogia\/wp-json\/wp\/v2\/comments?post=498"}],"version-history":[{"count":5,"href":"https:\/\/www2.uepg.br\/licenciatura-pedagogia\/wp-json\/wp\/v2\/pages\/498\/revisions"}],"predecessor-version":[{"id":628,"href":"https:\/\/www2.uepg.br\/licenciatura-pedagogia\/wp-json\/wp\/v2\/pages\/498\/revisions\/628"}],"wp:attachment":[{"href":"https:\/\/www2.uepg.br\/licenciatura-pedagogia\/wp-json\/wp\/v2\/media?parent=498"}],"curies":[{"name":"wp","href":"https:\/\/api.w.org\/{rel}","templated":true}]}}