{"id":500,"date":"2022-03-07T16:07:06","date_gmt":"2022-03-07T19:07:06","guid":{"rendered":"https:\/\/www2.uepg.br\/licenciatura-pedagogia\/?page_id=500"},"modified":"2022-03-09T13:39:04","modified_gmt":"2022-03-09T16:39:04","slug":"pibid-pedagogia","status":"publish","type":"page","link":"https:\/\/www2.uepg.br\/licenciatura-pedagogia\/pibid-pedagogia\/","title":{"rendered":"PIBID Pedagogia"},"content":{"rendered":"<p>O Pibid \u00e9 uma iniciativa para o aperfei\u00e7oamento e a valoriza\u00e7\u00e3o da forma\u00e7\u00e3o de professores para a educa\u00e7\u00e3o b\u00e1sica.<\/p>\n<p>O programa concede bolsas a alunos de licenciatura participantes de projetos de inicia\u00e7\u00e3o \u00e0 doc\u00eancia desenvolvidos por Institui\u00e7\u00f5es de Educa\u00e7\u00e3o Superior (IES) em parceria com escolas de educa\u00e7\u00e3o b\u00e1sica da rede p\u00fablica de ensino.<\/p>\n<p>Os projetos devem promover a inser\u00e7\u00e3o dos estudantes no contexto das escolas p\u00fablicas desde o in\u00edcio da sua forma\u00e7\u00e3o acad\u00eamica para que desenvolvam atividades did\u00e1tico-pedag\u00f3gicas sob orienta\u00e7\u00e3o de um docente da licenciatura e de um professor da escola.<\/p>\n<h3><strong>Objetivos do Programa<\/strong><\/h3>\n<ul>\n<li>* Incentivar a forma\u00e7\u00e3o de docentes em n\u00edvel superior para a educa\u00e7\u00e3o b\u00e1sica;<\/li>\n<li>contribuir para a valoriza\u00e7\u00e3o do magist\u00e9rio;<\/li>\n<li>* elevar a qualidade da forma\u00e7\u00e3o inicial de professores nos cursos de licenciatura, promovendo a integra\u00e7\u00e3o entre educa\u00e7\u00e3o superior e educa\u00e7\u00e3o b\u00e1sica;<\/li>\n<li>* inserir os licenciandos no cotidiano de escolas da rede p\u00fablica de educa\u00e7\u00e3o, proporcionando-lhes oportunidades de cria\u00e7\u00e3o e participa\u00e7\u00e3o em experi\u00eancias metodol\u00f3gicas, tecnol\u00f3gicas e pr\u00e1ticas docentes de car\u00e1ter inovador e interdisciplinar que busquem a supera\u00e7\u00e3o de problemas identificados no processo de ensino-aprendizagem;<\/li>\n<li>* incentivar escolas p\u00fablicas de educa\u00e7\u00e3o b\u00e1sica, mobilizando seus professores como coformadores dos futuros docentes e tornando-as protagonistas nos processos de forma\u00e7\u00e3o inicial para o magist\u00e9rio;<\/li>\n<li>* contribuir para a articula\u00e7\u00e3o entre teoria e pr\u00e1tica necess\u00e1rias \u00e0 forma\u00e7\u00e3o dos docentes, elevando a qualidade das a\u00e7\u00f5es acad\u00eamicas nos cursos de licenciatura.<\/li>\n<\/ul>\n<p>Na UEPG, o PIBID \u00e9 um dos programas de forma\u00e7\u00e3o de professores ligados \u00e0 Pr\u00f3-Reitoria de Gradua\u00e7\u00e3o. A Profa. Dra. Maria Odete Tenreiro (DEED) \u00e9 a Coordenadora Institucional do Programa e a Profa. Dra. Maril\u00facia Ant\u00f4nia Resende Peroza (DEPED) \u00e9 a Coordenadora da \u00e1rea da Pedagogia. Maiores informa\u00e7\u00f5es, <a href=\"http:\/\/sites.uepg.br\/prograd\/diretoria-administrativa\/pibid-programa-de-iniciacao-a-docencia\/\">clique aqui<\/a>.<\/p>\n<p>&nbsp;<\/p>\n<p><a href=\"http:\/\/edital%20prograd\/PIBID\/PEDAGOGIA%20n.%2007\/2019%20Sele%C3%A7%C3%A3o%20de%20acad%C3%AAmicos%20-%20resultados\">EDITAL PROGRAD\/PIBID\/PEDAGOGIA n. 07\/2019\u00a0<\/a>\u00a0(Sele\u00e7\u00e3o de acad\u00eamicos \u2013 resultados)<\/p>\n","protected":false},"excerpt":{"rendered":"<p>O Pibid \u00e9 uma iniciativa para o aperfei\u00e7oamento e a valoriza\u00e7\u00e3o da forma\u00e7\u00e3o de professores para a educa\u00e7\u00e3o b\u00e1sica. O programa concede bolsas a alunos de licenciatura participantes de projetos de inicia\u00e7\u00e3o \u00e0 doc\u00eancia desenvolvidos por Institui\u00e7\u00f5es de Educa\u00e7\u00e3o Superior (IES) em parceria com escolas de educa\u00e7\u00e3o b\u00e1sica da rede p\u00fablica de ensino. Os projetos&nbsp;&hellip;<\/p>\n","protected":false},"author":378,"featured_media":0,"parent":0,"menu_order":0,"comment_status":"closed","ping_status":"closed","template":"","meta":[],"_links":{"self":[{"href":"https:\/\/www2.uepg.br\/licenciatura-pedagogia\/wp-json\/wp\/v2\/pages\/500"}],"collection":[{"href":"https:\/\/www2.uepg.br\/licenciatura-pedagogia\/wp-json\/wp\/v2\/pages"}],"about":[{"href":"https:\/\/www2.uepg.br\/licenciatura-pedagogia\/wp-json\/wp\/v2\/types\/page"}],"author":[{"embeddable":true,"href":"https:\/\/www2.uepg.br\/licenciatura-pedagogia\/wp-json\/wp\/v2\/users\/378"}],"replies":[{"embeddable":true,"href":"https:\/\/www2.uepg.br\/licenciatura-pedagogia\/wp-json\/wp\/v2\/comments?post=500"}],"version-history":[{"count":2,"href":"https:\/\/www2.uepg.br\/licenciatura-pedagogia\/wp-json\/wp\/v2\/pages\/500\/revisions"}],"predecessor-version":[{"id":636,"href":"https:\/\/www2.uepg.br\/licenciatura-pedagogia\/wp-json\/wp\/v2\/pages\/500\/revisions\/636"}],"wp:attachment":[{"href":"https:\/\/www2.uepg.br\/licenciatura-pedagogia\/wp-json\/wp\/v2\/media?parent=500"}],"curies":[{"name":"wp","href":"https:\/\/api.w.org\/{rel}","templated":true}]}}