{"id":588,"date":"2022-03-08T13:44:18","date_gmt":"2022-03-08T16:44:18","guid":{"rendered":"https:\/\/www2.uepg.br\/licenciatura-pedagogia\/?page_id=588"},"modified":"2022-03-09T13:43:23","modified_gmt":"2022-03-09T16:43:23","slug":"links-uteis","status":"publish","type":"page","link":"https:\/\/www2.uepg.br\/licenciatura-pedagogia\/links-uteis\/","title":{"rendered":"Links \u00dateis"},"content":{"rendered":"<p><a href=\"https:\/\/www.gov.br\/mec\/pt-br\">Minist\u00e9rio da Educa\u00e7\u00e3o<\/a>\u00a0\u2013 MEC<\/p>\n<p><a href=\"http:\/\/www.capes.gov.br\/\">Coordena\u00e7\u00e3o de Aperfei\u00e7oamento de Pessoal de N\u00edvel Superior<\/a>\u00a0\u2013 CAPES<\/p>\n<p><a href=\"http:\/\/www.anped.org.br\/\">Associa\u00e7\u00e3o Nacional de P\u00f3s-Gradua\u00e7\u00e3o e Pesquisa em Educa\u00e7\u00e3o<\/a>\u00a0\u2013 ANPED<\/p>\n<p><a href=\"http:\/\/sme.pontagrossa.pr.gov.br\/\">Secretaria Municipal de Educa\u00e7\u00e3o de Ponta Grossa<\/a>\u00a0\u2013 SMEPG<\/p>\n<p><a href=\"http:\/\/www.nre.seed.pr.gov.br\/pontagrossa\/\">N\u00facleo Regional de Educa\u00e7\u00e3o de Ponta Grossa<\/a>\u00a0\u2013 NREPG<\/p>\n<p><a href=\"http:\/\/www.educacao.pr.gov.br\/\">Secretaria de Estado da Educa\u00e7\u00e3o<\/a>\u00a0\u2013 SEED<\/p>\n<p><a href=\"http:\/\/www.seti.pr.gov.br\/\">Secretaria de Ci\u00eancia, Tecnologia e Ensino Superior<\/a>\u00a0\u2013 SETI<\/p>\n","protected":false},"excerpt":{"rendered":"<p>Minist\u00e9rio da Educa\u00e7\u00e3o\u00a0\u2013 MEC Coordena\u00e7\u00e3o de Aperfei\u00e7oamento de Pessoal de N\u00edvel Superior\u00a0\u2013 CAPES Associa\u00e7\u00e3o Nacional de P\u00f3s-Gradua\u00e7\u00e3o e Pesquisa em Educa\u00e7\u00e3o\u00a0\u2013 ANPED Secretaria Municipal de Educa\u00e7\u00e3o de Ponta Grossa\u00a0\u2013 SMEPG N\u00facleo Regional de Educa\u00e7\u00e3o de Ponta Grossa\u00a0\u2013 NREPG Secretaria de Estado da Educa\u00e7\u00e3o\u00a0\u2013 SEED Secretaria de Ci\u00eancia, Tecnologia e Ensino Superior\u00a0\u2013 SETI<\/p>\n","protected":false},"author":378,"featured_media":0,"parent":0,"menu_order":0,"comment_status":"closed","ping_status":"closed","template":"","meta":[],"_links":{"self":[{"href":"https:\/\/www2.uepg.br\/licenciatura-pedagogia\/wp-json\/wp\/v2\/pages\/588"}],"collection":[{"href":"https:\/\/www2.uepg.br\/licenciatura-pedagogia\/wp-json\/wp\/v2\/pages"}],"about":[{"href":"https:\/\/www2.uepg.br\/licenciatura-pedagogia\/wp-json\/wp\/v2\/types\/page"}],"author":[{"embeddable":true,"href":"https:\/\/www2.uepg.br\/licenciatura-pedagogia\/wp-json\/wp\/v2\/users\/378"}],"replies":[{"embeddable":true,"href":"https:\/\/www2.uepg.br\/licenciatura-pedagogia\/wp-json\/wp\/v2\/comments?post=588"}],"version-history":[{"count":3,"href":"https:\/\/www2.uepg.br\/licenciatura-pedagogia\/wp-json\/wp\/v2\/pages\/588\/revisions"}],"predecessor-version":[{"id":644,"href":"https:\/\/www2.uepg.br\/licenciatura-pedagogia\/wp-json\/wp\/v2\/pages\/588\/revisions\/644"}],"wp:attachment":[{"href":"https:\/\/www2.uepg.br\/licenciatura-pedagogia\/wp-json\/wp\/v2\/media?parent=588"}],"curies":[{"name":"wp","href":"https:\/\/api.w.org\/{rel}","templated":true}]}}