{"id":11,"date":"2019-11-25T09:41:33","date_gmt":"2019-11-25T12:41:33","guid":{"rendered":"http:\/\/www2.uepg.br\/radiologia-liga-diagnostico-imagem\/?page_id=11"},"modified":"2026-01-21T22:24:02","modified_gmt":"2026-01-22T01:24:02","slug":"cursos-eventos","status":"publish","type":"page","link":"https:\/\/www2.uepg.br\/lodi\/cursos-eventos\/","title":{"rendered":"Cursos \/ Eventos"},"content":{"rendered":"<div id=\"pl-11\"  class=\"panel-layout\" ><div id=\"pg-11-0\"  class=\"panel-grid panel-no-style\" ><div id=\"pgc-11-0-0\"  class=\"panel-grid-cell\" ><div id=\"panel-11-0-0-0\" class=\"so-panel widget widget_sow-editor panel-first-child panel-last-child\" data-index=\"0\" ><div\n\t\t\t\n\t\t\tclass=\"so-widget-sow-editor so-widget-sow-editor-base\"\n\t\t\t\n\t\t>\n<div class=\"siteorigin-widget-tinymce textwidget\">\n\t<p><img loading=\"lazy\" class=\"aligncenter size-full wp-image-511\" src=\"http:\/\/www2.uepg.br\/lodi\/wp-content\/uploads\/sites\/47\/2025\/03\/Slide2.jpg\" alt=\"\" width=\"1280\" height=\"720\" \/><\/p>\n<p>Voc\u00ea Radiologista deve estar <b>preparado para entregar o melhor diagn\u00f3stico por imagem<\/b> nos casos de tomografia. E voc\u00ea endodontista deve <b>abrir, interpretar e entender o exame de tomografia <\/b>planejando o melhor para o seu paciente.<\/p>\n<p>Mais informa\u00e7\u00f5es: <a href=\"http:\/\/www2.uepg.br\/lodi\/wp-content\/uploads\/sites\/47\/2026\/01\/Metodo-ITS-em-Endodontia-Metologia-exclusiva-de-avaliacao-tomografica.pdf\">M\u00e9todo ITS em Endodontia - Metologia exclusiva de avalia\u00e7\u00e3o tomogr\u00e1fica<\/a><\/p>\n<p><a href=\"https:\/\/pay.hotmart.com\/S98049804U?off=gaxhjv8q&amp;bid=1769044862669\">https:\/\/pay.hotmart.com\/S98049804U?off=gaxhjv8q&amp;bid=1769044862669<\/a><\/p>\n<p>______________________________________________________________________________________________________________________<\/p>\n<p>&nbsp;<\/p>\n<p>&nbsp;<\/p>\n<p><img loading=\"lazy\" class=\"aligncenter size-full wp-image-510\" src=\"http:\/\/www2.uepg.br\/lodi\/wp-content\/uploads\/sites\/47\/2025\/03\/Slide1.jpg\" alt=\"\" width=\"1280\" height=\"720\" \/><\/p>\n<p>Para se alcan\u00e7ar um correto<strong> Diagn\u00f3stico Diferencial de Les\u00f5es \u00d3sseas dos Maxilares<\/strong> \u00e9 necess\u00e1rio\u00a0 um\u00a0 <b>processo<\/b><b>\u00a0 <\/b><b>anal\u00edtico<\/b>, passo a passo, que deve ser aplicado \u00e0 interpreta\u00e7\u00e3o de exames de imagens. Para isso, \u00e9 importante que se tenha uma <b>metodologia sistem\u00e1tica<\/b> para se realizar uma correta avalia\u00e7\u00e3o.<\/p>\n<p>Neste sentido, buscamos uma forma de se realizar a an\u00e1lise de exames imaginol\u00f3gicos, s<b>em<\/b> <b>a<\/b> <b>necessidade<\/b> <b>de<\/b> <b>se<\/b> <b>decorar<\/b> <b>caracter\u00edsticas<\/b> <b>isoladas<\/b> <b>de<\/b> <b>cada <\/b><b>les\u00e3o<\/b>, mas sim, organiz\u00e1-las em grupos menores que possibilitem o <b>racioc\u00ednio <\/b><b>l\u00f3gico<\/b> no momento em que se observam altera\u00e7\u00f5es nos exames, sejam eles, radiogr\u00e1ficos ou tomogr\u00e1ficos.<\/p>\n<p>Dessa forma, voc\u00ea ter\u00e1 a <b>capacidade<\/b> <b>de<\/b> <b>chegar<\/b> <b>a<\/b> <b>hip\u00f3teses<\/b> <b>diagn\u00f3sticas <\/b><b>mais<\/b> <b>concretas,<\/b> o que ir\u00e1 possibilitar uma <b>correta<\/b> <b>tomada<\/b> <b>de<\/b> <b>decis\u00e3o<\/b> e <b>conduta<\/b> frente as mais diversas les\u00f5es \u00f3sseas dos maxilares.<\/p>\n<p>Mais informa\u00e7\u00f5es: <a href=\"http:\/\/www2.uepg.br\/lodi\/wp-content\/uploads\/sites\/47\/2026\/01\/Folder-Curso-Lesoes-osseas.pdf\">Folder - Curso Les\u00f5es \u00f3sseas<\/a><\/p>\n<p><a href=\"https:\/\/pay.hotmart.com\/B96329085J?off=dc0iiorb&amp;bid=1769044860919\">https:\/\/pay.hotmart.com\/B96329085J?off=dc0iiorb&amp;bid=1769044860919<\/a><\/p>\n<p>______________________________________________________________________________________________________________________<\/p>\n<p>&nbsp;<\/p>\n<p><img loading=\"lazy\" class=\"aligncenter wp-image-335 size-large\" src=\"http:\/\/www2.uepg.br\/lodi\/wp-content\/uploads\/sites\/47\/2022\/02\/Slide1-1024x576.jpg\" alt=\"\" width=\"1024\" height=\"576\" srcset=\"https:\/\/www2.uepg.br\/lodi\/wp-content\/uploads\/sites\/47\/2022\/02\/Slide1-1024x576.jpg 1024w, https:\/\/www2.uepg.br\/lodi\/wp-content\/uploads\/sites\/47\/2022\/02\/Slide1-300x169.jpg 300w, https:\/\/www2.uepg.br\/lodi\/wp-content\/uploads\/sites\/47\/2022\/02\/Slide1-768x432.jpg 768w, https:\/\/www2.uepg.br\/lodi\/wp-content\/uploads\/sites\/47\/2022\/02\/Slide1-1232x693.jpg 1232w, https:\/\/www2.uepg.br\/lodi\/wp-content\/uploads\/sites\/47\/2022\/02\/Slide1.jpg 1280w\" sizes=\"(max-width: 1024px) 100vw, 1024px\" \/><\/p>\n<p style=\"text-align: center\">Nossos webinars s\u00e3o transmitidos ao vivo e salvos em nosso canal do <a href=\"https:\/\/www.youtube.com\/channel\/UCt1AGfFDg94jNfYVJEknl0w\">YouTube<\/a>.<\/p>\n<p style=\"text-align: center\">Confiram nosso <a href=\"https:\/\/www.instagram.com\/lodiuepg\/?hl=pt-br\">Instagram<\/a> para ficar por dentro dos pr\u00f3ximos webinars.<\/p>\n<\/div>\n<\/div><\/div><\/div><\/div><\/div>","protected":false},"excerpt":{"rendered":"<p>Voc\u00ea Radiologista deve estar preparado para entregar o melhor diagn\u00f3stico por imagem nos casos de tomografia. E voc\u00ea endodontista deve abrir, interpretar e entender o exame de tomografia planejando o melhor para o seu paciente. Mais informa\u00e7\u00f5es: M\u00e9todo ITS em Endodontia &#8211; Metologia exclusiva de avalia\u00e7\u00e3o tomogr\u00e1fica https:\/\/pay.hotmart.com\/S98049804U?off=gaxhjv8q&amp;bid=1769044862669 ______________________________________________________________________________________________________________________ &nbsp; &nbsp; Para se alcan\u00e7ar um&nbsp;&hellip;<\/p>\n","protected":false},"author":24,"featured_media":0,"parent":0,"menu_order":0,"comment_status":"closed","ping_status":"closed","template":"","meta":[],"_links":{"self":[{"href":"https:\/\/www2.uepg.br\/lodi\/wp-json\/wp\/v2\/pages\/11"}],"collection":[{"href":"https:\/\/www2.uepg.br\/lodi\/wp-json\/wp\/v2\/pages"}],"about":[{"href":"https:\/\/www2.uepg.br\/lodi\/wp-json\/wp\/v2\/types\/page"}],"author":[{"embeddable":true,"href":"https:\/\/www2.uepg.br\/lodi\/wp-json\/wp\/v2\/users\/24"}],"replies":[{"embeddable":true,"href":"https:\/\/www2.uepg.br\/lodi\/wp-json\/wp\/v2\/comments?post=11"}],"version-history":[{"count":26,"href":"https:\/\/www2.uepg.br\/lodi\/wp-json\/wp\/v2\/pages\/11\/revisions"}],"predecessor-version":[{"id":529,"href":"https:\/\/www2.uepg.br\/lodi\/wp-json\/wp\/v2\/pages\/11\/revisions\/529"}],"wp:attachment":[{"href":"https:\/\/www2.uepg.br\/lodi\/wp-json\/wp\/v2\/media?parent=11"}],"curies":[{"name":"wp","href":"https:\/\/api.w.org\/{rel}","templated":true}]}}