{"id":13,"date":"2019-11-25T09:41:48","date_gmt":"2019-11-25T12:41:48","guid":{"rendered":"http:\/\/www2.uepg.br\/radiologia-liga-diagnostico-imagem\/?page_id=13"},"modified":"2022-05-23T11:55:02","modified_gmt":"2022-05-23T14:55:02","slug":"publicacoes","status":"publish","type":"page","link":"https:\/\/www2.uepg.br\/lodi\/publicacoes\/","title":{"rendered":"Ebooks"},"content":{"rendered":"<div id=\"pl-13\"  class=\"panel-layout\" ><div id=\"pg-13-0\"  class=\"panel-grid panel-no-style\" ><div id=\"pgc-13-0-0\"  class=\"panel-grid-cell\" ><div id=\"panel-13-0-0-0\" class=\"so-panel widget widget_sow-editor panel-first-child panel-last-child\" data-index=\"0\" ><div\n\t\t\t\n\t\t\tclass=\"so-widget-sow-editor so-widget-sow-editor-base\"\n\t\t\t\n\t\t>\n<div class=\"siteorigin-widget-tinymce textwidget\">\n\t<p>&nbsp;<\/p>\n<h1 style=\"text-align: center\">Ebooks<\/h1>\n<hr \/>\n<h2 style=\"text-align: center\">Varia\u00e7\u00f5es anat\u00f4micas como fatores de risco para as sinusopatias n\u00e3o odontog\u00eanicas: Um guia para o diagn\u00f3stico tomogr\u00e1fico<\/h2>\n<p><img loading=\"lazy\" class=\"aligncenter wp-image-315\" src=\"http:\/\/www2.uepg.br\/lodi\/wp-content\/uploads\/sites\/47\/2021\/07\/smartmockups_kmqkdpns-1024x673.png\" alt=\"\" width=\"604\" height=\"397\" srcset=\"https:\/\/www2.uepg.br\/lodi\/wp-content\/uploads\/sites\/47\/2021\/07\/smartmockups_kmqkdpns-1024x673.png 1024w, https:\/\/www2.uepg.br\/lodi\/wp-content\/uploads\/sites\/47\/2021\/07\/smartmockups_kmqkdpns-300x197.png 300w, https:\/\/www2.uepg.br\/lodi\/wp-content\/uploads\/sites\/47\/2021\/07\/smartmockups_kmqkdpns-768x505.png 768w, https:\/\/www2.uepg.br\/lodi\/wp-content\/uploads\/sites\/47\/2021\/07\/smartmockups_kmqkdpns-1536x1010.png 1536w, https:\/\/www2.uepg.br\/lodi\/wp-content\/uploads\/sites\/47\/2021\/07\/smartmockups_kmqkdpns-2048x1346.png 2048w, https:\/\/www2.uepg.br\/lodi\/wp-content\/uploads\/sites\/47\/2021\/07\/smartmockups_kmqkdpns-1232x810.png 1232w, https:\/\/www2.uepg.br\/lodi\/wp-content\/uploads\/sites\/47\/2021\/07\/smartmockups_kmqkdpns-1643x1080.png 1643w\" sizes=\"(max-width: 604px) 100vw, 604px\" \/><\/p>\n<p style=\"text-align: center\"><strong>Ebook dispon\u00edvel em:<\/strong> <a href=\"https:\/\/www.atenaeditora.com.br\/post-ebook\/3945\" target=\"_blank\" rel=\"noopener\">https:\/\/www.atenaeditora.com.br\/post-ebook\/3945<\/a><\/p>\n<p>&nbsp;<\/p>\n<hr \/>\n<h2 style=\"text-align: center\">Guia pr\u00e1tico de cefalometria: sistema cfaz.net<\/h2>\n<p><img loading=\"lazy\" class=\"aligncenter wp-image-338 size-full\" src=\"http:\/\/www2.uepg.br\/lodi\/wp-content\/uploads\/sites\/47\/2022\/02\/livro-guia-de-cefalo-e1645032335284.png\" alt=\"\" width=\"732\" height=\"505\" srcset=\"https:\/\/www2.uepg.br\/lodi\/wp-content\/uploads\/sites\/47\/2022\/02\/livro-guia-de-cefalo-e1645032335284.png 732w, https:\/\/www2.uepg.br\/lodi\/wp-content\/uploads\/sites\/47\/2022\/02\/livro-guia-de-cefalo-e1645032335284-300x207.png 300w\" sizes=\"(max-width: 732px) 100vw, 732px\" \/><\/p>\n<p style=\"text-align: center\"><strong>Ebook dispon\u00edvel em: <\/strong><a href=\"https:\/\/www.atenaeditora.com.br\/post-ebook\/4531\">https:\/\/www.atenaeditora.com.br\/post-ebook\/4531<\/a><strong><br \/>\n<\/strong><\/p>\n<hr \/>\n<h2 style=\"text-align: center\">T\u00e9cnicas radiogr\u00e1ficas intraorais<\/h2>\n<p><img loading=\"lazy\" class=\"aligncenter wp-image-401 size-full\" src=\"http:\/\/www2.uepg.br\/lodi\/wp-content\/uploads\/sites\/47\/2022\/05\/Mockup-Tecnicas-Intraorais-e1653317615451.png\" alt=\"\" width=\"720\" height=\"448\" srcset=\"https:\/\/www2.uepg.br\/lodi\/wp-content\/uploads\/sites\/47\/2022\/05\/Mockup-Tecnicas-Intraorais-e1653317615451.png 720w, https:\/\/www2.uepg.br\/lodi\/wp-content\/uploads\/sites\/47\/2022\/05\/Mockup-Tecnicas-Intraorais-e1653317615451-300x187.png 300w\" sizes=\"(max-width: 720px) 100vw, 720px\" \/><\/p>\n<p style=\"text-align: center\"><strong>Ebook dispon\u00edvel em: <\/strong><a href=\"https:\/\/www.atenaeditora.com.br\/post-ebook\/5083\">https:\/\/www.atenaeditora.com.br\/post-ebook\/5083<\/a><\/p>\n<\/div>\n<\/div><\/div><\/div><\/div><\/div>","protected":false},"excerpt":{"rendered":"<p>&nbsp; Ebooks Varia\u00e7\u00f5es anat\u00f4micas como fatores de risco para as sinusopatias n\u00e3o odontog\u00eanicas: Um guia para o diagn\u00f3stico tomogr\u00e1fico Ebook dispon\u00edvel em: https:\/\/www.atenaeditora.com.br\/post-ebook\/3945 &nbsp; Guia pr\u00e1tico de cefalometria: sistema cfaz.net Ebook dispon\u00edvel em: https:\/\/www.atenaeditora.com.br\/post-ebook\/4531 T\u00e9cnicas radiogr\u00e1ficas intraorais Ebook dispon\u00edvel em: https:\/\/www.atenaeditora.com.br\/post-ebook\/5083<\/p>\n","protected":false},"author":24,"featured_media":0,"parent":0,"menu_order":0,"comment_status":"closed","ping_status":"closed","template":"","meta":[],"_links":{"self":[{"href":"https:\/\/www2.uepg.br\/lodi\/wp-json\/wp\/v2\/pages\/13"}],"collection":[{"href":"https:\/\/www2.uepg.br\/lodi\/wp-json\/wp\/v2\/pages"}],"about":[{"href":"https:\/\/www2.uepg.br\/lodi\/wp-json\/wp\/v2\/types\/page"}],"author":[{"embeddable":true,"href":"https:\/\/www2.uepg.br\/lodi\/wp-json\/wp\/v2\/users\/24"}],"replies":[{"embeddable":true,"href":"https:\/\/www2.uepg.br\/lodi\/wp-json\/wp\/v2\/comments?post=13"}],"version-history":[{"count":15,"href":"https:\/\/www2.uepg.br\/lodi\/wp-json\/wp\/v2\/pages\/13\/revisions"}],"predecessor-version":[{"id":402,"href":"https:\/\/www2.uepg.br\/lodi\/wp-json\/wp\/v2\/pages\/13\/revisions\/402"}],"wp:attachment":[{"href":"https:\/\/www2.uepg.br\/lodi\/wp-json\/wp\/v2\/media?parent=13"}],"curies":[{"name":"wp","href":"https:\/\/api.w.org\/{rel}","templated":true}]}}