{"id":15,"date":"2019-11-25T09:42:03","date_gmt":"2019-11-25T12:42:03","guid":{"rendered":"http:\/\/www2.uepg.br\/radiologia-liga-diagnostico-imagem\/?page_id=15"},"modified":"2026-03-23T18:13:50","modified_gmt":"2026-03-23T21:13:50","slug":"links-uteis","status":"publish","type":"page","link":"https:\/\/www2.uepg.br\/lodi\/links-uteis\/","title":{"rendered":"Editais"},"content":{"rendered":"<h1 style=\"text-align: center\">Editais LODI<\/h1>\n<hr \/>\n<h2 style=\"text-align: center\">Especializa\u00e7\u00e3o em Radiologia e Imaginologia Odontol\u00f3gica<\/h2>\n<p style=\"text-align: center\"><a href=\"http:\/\/www2.uepg.br\/lodi\/wp-content\/uploads\/sites\/47\/2024\/12\/Edital-abertura-Inscricao-Radiologia-3ed-1.pdf\">Edital abertura (Inscri\u00e7\u00e3o) &#8211; Radiologia (3ed)<\/a><\/p>\n<p style=\"text-align: center\"><a href=\"http:\/\/www2.uepg.br\/lodi\/wp-content\/uploads\/sites\/47\/2025\/03\/Edital-Aprovacao.pdf\">Edital &#8211; Aprova\u00e7\u00e3o<\/a><\/p>\n<hr \/>\n<h2 style=\"text-align: center\">Sele\u00e7\u00e3o bolsa profissional<\/h2>\n<p style=\"text-align: center\"><a href=\"http:\/\/www2.uepg.br\/lodi\/wp-content\/uploads\/sites\/47\/2026\/03\/EDITAL-LODI-UEPG-No-01-2026-Inscricao-1.pdf\">EDITAL LODI-UEPG N\u00ba 01 2026 Inscri\u00e7\u00e3o<\/a><\/p>\n<p style=\"text-align: center\"><a href=\"http:\/\/www2.uepg.br\/lodi\/wp-content\/uploads\/sites\/47\/2026\/03\/EDITAL-01-LODI-UEPG-Entrevista-Agendamento.pdf\">EDITAL-01-LODI-UEPG &#8211; Entrevista (Agendamento)<\/a><\/p>\n<p style=\"text-align: center\"><a href=\"http:\/\/www2.uepg.br\/lodi\/wp-content\/uploads\/sites\/47\/2026\/03\/EDITAL-LODI-UEPG-No-01-2026-Resultado.pdf\">EDITAL LODI-UEPG N\u00ba 01 2026 Resultado<\/a><\/p>\n<p>&nbsp;<\/p>\n<h2 style=\"text-align: center\">Sele\u00e7\u00e3o anual de ligantes para acad\u00eamicos de odontologia da UEPG<\/h2>\n<p style=\"text-align: center\">Acompanhe nosso <a href=\"https:\/\/www.instagram.com\/lodiuepg\/?hl=pt-br\">Instagram<\/a> para saber quando novos editais estiverem abertos.<\/p>\n<p style=\"text-align: center\"><a href=\"http:\/\/www2.uepg.br\/lodi\/wp-content\/uploads\/sites\/47\/2026\/03\/Edital-selecao-LODI-2026.pdf\">Edital sele\u00e7\u00e3o LODI &#8211; 2026<\/a> <a href=\"http:\/\/www2.uepg.br\/lodi\/wp-content\/uploads\/sites\/47\/2026\/03\/Edital-selecao-ligantes-LODI-2026.pdf\">Edital sele\u00e7\u00e3o ligantes LODI &#8211; 2026<\/a><\/p>\n","protected":false},"excerpt":{"rendered":"<p>Editais LODI Especializa\u00e7\u00e3o em Radiologia e Imaginologia Odontol\u00f3gica Edital abertura (Inscri\u00e7\u00e3o) &#8211; Radiologia (3ed) Edital &#8211; Aprova\u00e7\u00e3o Sele\u00e7\u00e3o bolsa profissional EDITAL LODI-UEPG N\u00ba 01 2026 Inscri\u00e7\u00e3o EDITAL-01-LODI-UEPG &#8211; Entrevista (Agendamento) EDITAL LODI-UEPG N\u00ba 01 2026 Resultado &nbsp; Sele\u00e7\u00e3o anual de ligantes para acad\u00eamicos de odontologia da UEPG Acompanhe nosso Instagram para saber quando novos editais&nbsp;&hellip;<\/p>\n","protected":false},"author":24,"featured_media":0,"parent":0,"menu_order":0,"comment_status":"closed","ping_status":"closed","template":"","meta":[],"_links":{"self":[{"href":"https:\/\/www2.uepg.br\/lodi\/wp-json\/wp\/v2\/pages\/15"}],"collection":[{"href":"https:\/\/www2.uepg.br\/lodi\/wp-json\/wp\/v2\/pages"}],"about":[{"href":"https:\/\/www2.uepg.br\/lodi\/wp-json\/wp\/v2\/types\/page"}],"author":[{"embeddable":true,"href":"https:\/\/www2.uepg.br\/lodi\/wp-json\/wp\/v2\/users\/24"}],"replies":[{"embeddable":true,"href":"https:\/\/www2.uepg.br\/lodi\/wp-json\/wp\/v2\/comments?post=15"}],"version-history":[{"count":39,"href":"https:\/\/www2.uepg.br\/lodi\/wp-json\/wp\/v2\/pages\/15\/revisions"}],"predecessor-version":[{"id":545,"href":"https:\/\/www2.uepg.br\/lodi\/wp-json\/wp\/v2\/pages\/15\/revisions\/545"}],"wp:attachment":[{"href":"https:\/\/www2.uepg.br\/lodi\/wp-json\/wp\/v2\/media?parent=15"}],"curies":[{"name":"wp","href":"https:\/\/api.w.org\/{rel}","templated":true}]}}