{"id":9,"date":"2019-11-25T09:41:09","date_gmt":"2019-11-25T12:41:09","guid":{"rendered":"http:\/\/www2.uepg.br\/radiologia-liga-diagnostico-imagem\/?page_id=9"},"modified":"2026-01-12T15:50:52","modified_gmt":"2026-01-12T18:50:52","slug":"especializacao","status":"publish","type":"page","link":"https:\/\/www2.uepg.br\/lodi\/especializacao\/","title":{"rendered":"Especializa\u00e7\u00e3o"},"content":{"rendered":"<div id=\"pl-9\" class=\"panel-layout\">\n<div id=\"pg-9-0\" class=\"panel-grid panel-no-style\">\n<div id=\"pgc-9-0-0\" class=\"panel-grid-cell\" data-weight=\"1\">\n<div id=\"panel-9-0-0-0\" class=\"so-panel widget widget_sow-editor panel-first-child panel-last-child\" data-index=\"0\">\n<div class=\"so-widget-sow-editor so-widget-sow-editor-base\">\n<h4 class=\"siteorigin-widget-tinymce textwidget\"><img loading=\"lazy\" class=\"aligncenter size-large wp-image-523\" src=\"http:\/\/www2.uepg.br\/lodi\/wp-content\/uploads\/sites\/47\/2026\/01\/Espe-Radio-site-1024x576.jpg\" alt=\"\" width=\"1024\" height=\"576\" srcset=\"https:\/\/www2.uepg.br\/lodi\/wp-content\/uploads\/sites\/47\/2026\/01\/Espe-Radio-site-1024x576.jpg 1024w, https:\/\/www2.uepg.br\/lodi\/wp-content\/uploads\/sites\/47\/2026\/01\/Espe-Radio-site-300x169.jpg 300w, https:\/\/www2.uepg.br\/lodi\/wp-content\/uploads\/sites\/47\/2026\/01\/Espe-Radio-site-768x432.jpg 768w, https:\/\/www2.uepg.br\/lodi\/wp-content\/uploads\/sites\/47\/2026\/01\/Espe-Radio-site-1536x864.jpg 1536w, https:\/\/www2.uepg.br\/lodi\/wp-content\/uploads\/sites\/47\/2026\/01\/Espe-Radio-site-2048x1152.jpg 2048w, https:\/\/www2.uepg.br\/lodi\/wp-content\/uploads\/sites\/47\/2026\/01\/Espe-Radio-site-1232x693.jpg 1232w, https:\/\/www2.uepg.br\/lodi\/wp-content\/uploads\/sites\/47\/2026\/01\/Espe-Radio-site-1920x1080.jpg 1920w\" sizes=\"(max-width: 1024px) 100vw, 1024px\" \/><\/h4>\n<\/div>\n<\/div>\n<\/div>\n<h4>Estamos levantando uma estimativa de interessados para a nova turma. Caso tenha interesse, sem compromisso, basta preencher o formul\u00e1rio abaixo:<\/h4>\n<p><a href=\"https:\/\/docs.google.com\/forms\/d\/e\/1FAIpQLScWKym7aguX-VxrMYXZeImYX7_MgK1XMOvMtcLJn-pV1NeTaA\/viewform?usp=sharing&amp;ouid=114283648975380649023\" target=\"_blank\" rel=\"noopener\">CLIQUE AQUI <\/a><\/p>\n<h4><strong>Aguardamos sua pr\u00e9-inscri\u00e7\u00e3o e ficamos \u00e0 disposi\u00e7\u00e3o para quaisquer d\u00favidas via <\/strong><a href=\"https:\/\/www.instagram.com\/lodiuepg\/\">Instagram (@lodiuepg)<\/a><\/h4>\n<\/div>\n<\/div>\n","protected":false},"excerpt":{"rendered":"<p>Estamos levantando uma estimativa de interessados para a nova turma. Caso tenha interesse, sem compromisso, basta preencher o formul\u00e1rio abaixo: CLIQUE AQUI Aguardamos sua pr\u00e9-inscri\u00e7\u00e3o e ficamos \u00e0 disposi\u00e7\u00e3o para quaisquer d\u00favidas via Instagram (@lodiuepg)<\/p>\n","protected":false},"author":24,"featured_media":0,"parent":0,"menu_order":0,"comment_status":"closed","ping_status":"closed","template":"","meta":[],"_links":{"self":[{"href":"https:\/\/www2.uepg.br\/lodi\/wp-json\/wp\/v2\/pages\/9"}],"collection":[{"href":"https:\/\/www2.uepg.br\/lodi\/wp-json\/wp\/v2\/pages"}],"about":[{"href":"https:\/\/www2.uepg.br\/lodi\/wp-json\/wp\/v2\/types\/page"}],"author":[{"embeddable":true,"href":"https:\/\/www2.uepg.br\/lodi\/wp-json\/wp\/v2\/users\/24"}],"replies":[{"embeddable":true,"href":"https:\/\/www2.uepg.br\/lodi\/wp-json\/wp\/v2\/comments?post=9"}],"version-history":[{"count":62,"href":"https:\/\/www2.uepg.br\/lodi\/wp-json\/wp\/v2\/pages\/9\/revisions"}],"predecessor-version":[{"id":524,"href":"https:\/\/www2.uepg.br\/lodi\/wp-json\/wp\/v2\/pages\/9\/revisions\/524"}],"wp:attachment":[{"href":"https:\/\/www2.uepg.br\/lodi\/wp-json\/wp\/v2\/media?parent=9"}],"curies":[{"name":"wp","href":"https:\/\/api.w.org\/{rel}","templated":true}]}}