{"id":11,"date":"2020-04-20T14:57:56","date_gmt":"2020-04-20T17:57:56","guid":{"rendered":"http:\/\/www2.uepg.br\/mcn\/?page_id=11"},"modified":"2026-04-16T10:00:47","modified_gmt":"2026-04-16T13:00:47","slug":"o-museu","status":"publish","type":"page","link":"https:\/\/www2.uepg.br\/mcn\/o-museu\/","title":{"rendered":"O museu"},"content":{"rendered":"<p style=\"text-align: center\">SEJA BEM-VINDO AO AMBIENTE VIRTUAL DO MUSEU DE CI\u00caNCIAS NATURAIS DA UEPG.<\/p>\n<p style=\"text-align: center\">O MCN reflete o empenho de v\u00e1rios pesquisadores da Universidade Estadual de Ponta Grossa na preserva\u00e7\u00e3o do patrim\u00f4nio cient\u00edfico e na sua ampla difus\u00e3o para a sociedade.<\/p>\n<p style=\"text-align: center\">O esfor\u00e7o visa o resgate da cultura de ci\u00eancia e a conscientiza\u00e7\u00e3o sobre o meio ambiente, dando enfoque na educa\u00e7\u00e3o sobre os processos naturais.<\/p>\n<p style=\"text-align: center\">A exposi\u00e7\u00e3o de objetos de natureza e o di\u00e1logo com quest\u00f5es cient\u00edficas importantes fascinam os visitantes e aproximam um pouco o mundo urbano do nosso verdadeiro habitat, provocando as reflex\u00f5es necess\u00e1rias.<\/p>\n<p style=\"text-align: center\">O MCN norteia-se pela Agenda 2030 proposta pela ONU, buscando contribuir pela cultura, educa\u00e7\u00e3o e turismo com os Objetivos do Desenvolvimento Sustent\u00e1vel para os Campos Gerais e para o Paran\u00e1.<\/p>\n<p style=\"text-align: center\">Sobre o MCN<\/p>\n<p style=\"text-align: center\">Originado em projetos de extens\u00e3o que envolviam os temas geodiversidade e biodiversidade desde 2011, o Museu de Ci\u00eancias Naturais (MCN) da Universidade Estadual de Ponta Grossa passou a ser concebido em 2019 como espa\u00e7o expositivo de um importante acervo e palco para a integra\u00e7\u00e3o de pesquisa, ensino e extens\u00e3o no que se refere \u00e0s ci\u00eancias de natureza.<\/p>\n<p style=\"text-align: center\">A riqueza e a diversidade do patrim\u00f4nio natural\/cultural do munic\u00edpio de Ponta Grossa e da regi\u00e3o dos Campos Gerais s\u00e3o reconhecidas em diversas publica\u00e7\u00f5es cient\u00edficas, mas raramente essas informa\u00e7\u00f5es chegam ao p\u00fablico geral ou, at\u00e9 mesmo, aos diferentes p\u00fablicos universit\u00e1rios. O MCN \u00e9 a primeira institui\u00e7\u00e3o desta categoria na regi\u00e3o dos Campos Gerais do Paran\u00e1 e exerce uma importante fun\u00e7\u00e3o na preserva\u00e7\u00e3o, pesquisa e exposi\u00e7\u00e3o do patrim\u00f4nio natural e cultural locais e regionais.<\/p>\n<p style=\"text-align: center\">Por estar instalado dentro de uma institui\u00e7\u00e3o p\u00fablica, sua a\u00e7\u00e3o favorece a democratiza\u00e7\u00e3o do conhecimento e do acesso a acervos raros, aproximando a comunidade da universidade. O MCN \u00e9 uma esp\u00e9cie de vitrine da ci\u00eancia produzida na UEPG e conecta a pesquisa e o conhecimento do meio natural com a sociedade, cada vez mais urbana e distante da natureza, o que pode promover uma conscientiza\u00e7\u00e3o ambiental profunda, entre outras facetas necess\u00e1rias para a evolu\u00e7\u00e3o humana.<\/p>\n<p>&nbsp;<\/p>\n<p><img loading=\"lazy\" class=\"alignnone wp-image-246 size-full\" src=\"https:\/\/www2.uepg.br\/mcn\/wp-content\/uploads\/sites\/250\/2022\/07\/imagem_museu-2.jpg\" alt=\"\" width=\"1299\" height=\"852\" srcset=\"https:\/\/www2.uepg.br\/mcn\/wp-content\/uploads\/sites\/250\/2022\/07\/imagem_museu-2.jpg 1299w, https:\/\/www2.uepg.br\/mcn\/wp-content\/uploads\/sites\/250\/2022\/07\/imagem_museu-2-300x197.jpg 300w, https:\/\/www2.uepg.br\/mcn\/wp-content\/uploads\/sites\/250\/2022\/07\/imagem_museu-2-1024x672.jpg 1024w, https:\/\/www2.uepg.br\/mcn\/wp-content\/uploads\/sites\/250\/2022\/07\/imagem_museu-2-768x504.jpg 768w, https:\/\/www2.uepg.br\/mcn\/wp-content\/uploads\/sites\/250\/2022\/07\/imagem_museu-2-1232x808.jpg 1232w\" sizes=\"(max-width: 1299px) 100vw, 1299px\" \/><\/p>\n<p style=\"text-align: center\">Miss\u00e3o<\/p>\n<p style=\"text-align: center\">Promover a divulga\u00e7\u00e3o da geodiversidade e da biodiversidade do planeta, em particular do territ\u00f3rio do estado do Paran\u00e1 e, consequentemente, o letramento cient\u00edfico da popula\u00e7\u00e3o atrav\u00e9s da disponibiliza\u00e7\u00e3o de um acervo de todas as \u00e1reas das Ci\u00eancias Naturais, visando a preserva\u00e7\u00e3o, pesquisa, ensino, comunica\u00e7\u00e3o e dinamiza\u00e7\u00e3o do patrim\u00f4nio museol\u00f3gico cultural e natural, al\u00e9m do acesso democr\u00e1tico ao patrim\u00f4nio museal.<\/p>\n<p style=\"text-align: center\">Vis\u00e3o<\/p>\n<p style=\"text-align: center\">Manter a qualidade do trabalho de divulga\u00e7\u00e3o cient\u00edfica, ampliando sempre o acervo e o alcance das a\u00e7\u00f5es, visando atingir um p\u00fablico cada vez maior. Consolidar a posi\u00e7\u00e3o de refer\u00eancia como espa\u00e7o de pesquisa da Biodiversidade e da Geodiversidade, de ensino e comunica\u00e7\u00e3o cient\u00edfica, atuando de forma integrada na promo\u00e7\u00e3o da educa\u00e7\u00e3o e da cidadania.<\/p>\n<p style=\"text-align: center\">Valores<\/p>\n<p style=\"text-align: center\">Apresentar-se como um museu vivo e din\u00e2mico, como um local de pesquisa, ensino, extens\u00e3o, cultura e lazer, mantendo uma liga\u00e7\u00e3o com estudantes, pesquisadores, comunidade e a sociedade em geral, al\u00e9m de promover o desenvolvimento de parcerias institucionais com os diversos segmentos universit\u00e1rios e agentes sociais locais, nacionais e internacionais interessados nas Ci\u00eancias Naturais e \u00e1reas afins.<\/p>\n<p><img loading=\"lazy\" class=\"alignnone wp-image-247 size-full\" src=\"https:\/\/www2.uepg.br\/mcn\/wp-content\/uploads\/sites\/250\/2022\/07\/imagem_2-1.jpg\" alt=\"\" width=\"1299\" height=\"974\" srcset=\"https:\/\/www2.uepg.br\/mcn\/wp-content\/uploads\/sites\/250\/2022\/07\/imagem_2-1.jpg 1299w, https:\/\/www2.uepg.br\/mcn\/wp-content\/uploads\/sites\/250\/2022\/07\/imagem_2-1-300x225.jpg 300w, https:\/\/www2.uepg.br\/mcn\/wp-content\/uploads\/sites\/250\/2022\/07\/imagem_2-1-1024x768.jpg 1024w, https:\/\/www2.uepg.br\/mcn\/wp-content\/uploads\/sites\/250\/2022\/07\/imagem_2-1-768x576.jpg 768w, https:\/\/www2.uepg.br\/mcn\/wp-content\/uploads\/sites\/250\/2022\/07\/imagem_2-1-1232x924.jpg 1232w\" sizes=\"(max-width: 1299px) 100vw, 1299px\" \/><\/p>\n<p><img loading=\"lazy\" class=\"alignnone wp-image-248 size-full\" src=\"https:\/\/www2.uepg.br\/mcn\/wp-content\/uploads\/sites\/250\/2022\/07\/imagem_3-1.jpg\" alt=\"\" width=\"1299\" height=\"974\" srcset=\"https:\/\/www2.uepg.br\/mcn\/wp-content\/uploads\/sites\/250\/2022\/07\/imagem_3-1.jpg 1299w, https:\/\/www2.uepg.br\/mcn\/wp-content\/uploads\/sites\/250\/2022\/07\/imagem_3-1-300x225.jpg 300w, https:\/\/www2.uepg.br\/mcn\/wp-content\/uploads\/sites\/250\/2022\/07\/imagem_3-1-1024x768.jpg 1024w, https:\/\/www2.uepg.br\/mcn\/wp-content\/uploads\/sites\/250\/2022\/07\/imagem_3-1-768x576.jpg 768w, https:\/\/www2.uepg.br\/mcn\/wp-content\/uploads\/sites\/250\/2022\/07\/imagem_3-1-1232x924.jpg 1232w\" sizes=\"(max-width: 1299px) 100vw, 1299px\" \/><\/p>\n<p>&nbsp;<\/p>\n<p>&nbsp;<\/p>\n","protected":false},"excerpt":{"rendered":"<p>SEJA BEM-VINDO AO AMBIENTE VIRTUAL DO MUSEU DE CI\u00caNCIAS NATURAIS DA UEPG. O MCN reflete o empenho de v\u00e1rios pesquisadores da Universidade Estadual de Ponta Grossa na preserva\u00e7\u00e3o do patrim\u00f4nio cient\u00edfico e na sua ampla difus\u00e3o para a sociedade. O esfor\u00e7o visa o resgate da cultura de ci\u00eancia e a conscientiza\u00e7\u00e3o sobre o meio ambiente,&nbsp;&hellip;<\/p>\n","protected":false},"author":24,"featured_media":0,"parent":0,"menu_order":0,"comment_status":"closed","ping_status":"closed","template":"","meta":[],"_links":{"self":[{"href":"https:\/\/www2.uepg.br\/mcn\/wp-json\/wp\/v2\/pages\/11"}],"collection":[{"href":"https:\/\/www2.uepg.br\/mcn\/wp-json\/wp\/v2\/pages"}],"about":[{"href":"https:\/\/www2.uepg.br\/mcn\/wp-json\/wp\/v2\/types\/page"}],"author":[{"embeddable":true,"href":"https:\/\/www2.uepg.br\/mcn\/wp-json\/wp\/v2\/users\/24"}],"replies":[{"embeddable":true,"href":"https:\/\/www2.uepg.br\/mcn\/wp-json\/wp\/v2\/comments?post=11"}],"version-history":[{"count":19,"href":"https:\/\/www2.uepg.br\/mcn\/wp-json\/wp\/v2\/pages\/11\/revisions"}],"predecessor-version":[{"id":595,"href":"https:\/\/www2.uepg.br\/mcn\/wp-json\/wp\/v2\/pages\/11\/revisions\/595"}],"wp:attachment":[{"href":"https:\/\/www2.uepg.br\/mcn\/wp-json\/wp\/v2\/media?parent=11"}],"curies":[{"name":"wp","href":"https:\/\/api.w.org\/{rel}","templated":true}]}}