{"id":140,"date":"2022-07-13T09:02:03","date_gmt":"2022-07-13T12:02:03","guid":{"rendered":"https:\/\/www2.uepg.br\/mcn\/?page_id=140"},"modified":"2022-07-14T08:51:50","modified_gmt":"2022-07-14T11:51:50","slug":"pesquisa-ensino-e-extensao","status":"publish","type":"page","link":"https:\/\/www2.uepg.br\/mcn\/pesquisa-ensino-e-extensao\/","title":{"rendered":"Pesquisa, ensino e extens\u00e3o"},"content":{"rendered":"<h2 style=\"text-align: left;\"><span style=\"color: #993300;\"><span style=\"font-size: medium;\"><b>PESQUISA, ENSINO E EXTENS\u00c3O<\/b><\/span><\/span><\/h2>\n<p style=\"text-align: left;\"><span style=\"color: #993300;\"><span style=\"font-size: medium;\"> \u00c9 um princ\u00edpio fundamental da UEPG a indissociabilidade pesquisa-ensino-extens\u00e3o e o Museu de Ci\u00eancias Naturais integra-se completamente a esta filosofia. <\/span><\/span><\/p>\n<p style=\"text-align: left;\"><span style=\"color: #993300;\"><span style=\"font-size: medium;\">A atua\u00e7\u00e3o em pesquisa \u00e9 condi\u00e7\u00e3o fundamental hoje para a exist\u00eancia de um museu contempor\u00e2neo, conforme o Estatuto do Museu no Brasil (IBRAM). <\/span><\/span><\/p>\n<p style=\"text-align: left;\"><span style=\"color: #993300;\"><span style=\"font-size: medium;\">O MCN trabalha na pesquisa cient\u00edfica, na difus\u00e3o de conhecimentos e no fortalecimento da cultura cient\u00edfica em dire\u00e7\u00e3o ao que prop\u00f5e a Agenda 2030 e os Objetivos do Desenvolvimento Sustent\u00e1vel da ONU.<\/span><\/span><\/p>\n<p style=\"text-align: left;\"><span style=\"color: #993300;\"><span style=\"font-size: medium;\">A estrutura\u00e7\u00e3o do MCN \u00e9 baseada nas pesquisas acad\u00eamicas realizadas h\u00e1 d\u00e9cadas na Universidade Estadual de Ponta Grossa. O pr\u00f3prio acervo resulta de coletas e doa\u00e7\u00f5es realizadas por gera\u00e7\u00f5es de pesquisadores. Muitos materiais em exposi\u00e7\u00e3o foram objeto de investiga\u00e7\u00f5es e publica\u00e7\u00f5es por diferentes autores nas diversas \u00e1reas das ci\u00eancias da natureza, como paleontologia, malacologia, arqueologia ou meteor\u00edtica.<\/span><\/span><\/p>\n<p style=\"text-align: left;\"><span style=\"color: #993300;\"><span style=\"font-size: medium;\"> A educa\u00e7\u00e3o museal e patrimonial, no entanto, emerge com mais intensidade com a cria\u00e7\u00e3o deste museu na UEPG, valorizando tamb\u00e9m as ci\u00eancias sociais e humanas, j\u00e1 que o objetivo comum \u00e9 levar os saberes da institui\u00e7\u00e3o ao conhecimento da sociedade.<\/span><\/span><\/p>\n<p><img loading=\"lazy\" class=\"wp-image-199 size-full aligncenter\" src=\"https:\/\/www2.uepg.br\/mcn\/wp-content\/uploads\/sites\/250\/2022\/07\/imagem_4.jpg\" alt=\"\" width=\"1299\" height=\"775\" srcset=\"https:\/\/www2.uepg.br\/mcn\/wp-content\/uploads\/sites\/250\/2022\/07\/imagem_4.jpg 1299w, https:\/\/www2.uepg.br\/mcn\/wp-content\/uploads\/sites\/250\/2022\/07\/imagem_4-300x179.jpg 300w, https:\/\/www2.uepg.br\/mcn\/wp-content\/uploads\/sites\/250\/2022\/07\/imagem_4-1024x611.jpg 1024w, https:\/\/www2.uepg.br\/mcn\/wp-content\/uploads\/sites\/250\/2022\/07\/imagem_4-768x458.jpg 768w, https:\/\/www2.uepg.br\/mcn\/wp-content\/uploads\/sites\/250\/2022\/07\/imagem_4-1232x735.jpg 1232w\" sizes=\"(max-width: 1299px) 100vw, 1299px\" \/><\/p>\n<p style=\"text-align: left;\"><span style=\"color: #993300;\"><span style=\"font-size: medium;\">O Programa de P\u00f3s Gradua\u00e7\u00e3o em Gest\u00e3o do Territ\u00f3rio e Geografia oferece um excelente suporte em termos de recursos humanos voltados \u00e0 pesquisa, j\u00e1 que proporciona o desenvolvimento de inicia\u00e7\u00f5es cient\u00edficas, disserta\u00e7\u00f5es, artigos cient\u00edficos e teses em diferentes abordagens, tendo como palco o Museu de Ci\u00eancias Naturais<\/span><\/span><\/p>\n","protected":false},"excerpt":{"rendered":"<p>PESQUISA, ENSINO E EXTENS\u00c3O \u00c9 um princ\u00edpio fundamental da UEPG a indissociabilidade pesquisa-ensino-extens\u00e3o e o Museu de Ci\u00eancias Naturais integra-se completamente a esta filosofia. A atua\u00e7\u00e3o em pesquisa \u00e9 condi\u00e7\u00e3o fundamental hoje para a exist\u00eancia de um museu contempor\u00e2neo, conforme o Estatuto do Museu no Brasil (IBRAM). O MCN trabalha na pesquisa cient\u00edfica, na difus\u00e3o&nbsp;&hellip;<\/p>\n","protected":false},"author":483,"featured_media":0,"parent":0,"menu_order":0,"comment_status":"closed","ping_status":"closed","template":"","meta":[],"_links":{"self":[{"href":"https:\/\/www2.uepg.br\/mcn\/wp-json\/wp\/v2\/pages\/140"}],"collection":[{"href":"https:\/\/www2.uepg.br\/mcn\/wp-json\/wp\/v2\/pages"}],"about":[{"href":"https:\/\/www2.uepg.br\/mcn\/wp-json\/wp\/v2\/types\/page"}],"author":[{"embeddable":true,"href":"https:\/\/www2.uepg.br\/mcn\/wp-json\/wp\/v2\/users\/483"}],"replies":[{"embeddable":true,"href":"https:\/\/www2.uepg.br\/mcn\/wp-json\/wp\/v2\/comments?post=140"}],"version-history":[{"count":9,"href":"https:\/\/www2.uepg.br\/mcn\/wp-json\/wp\/v2\/pages\/140\/revisions"}],"predecessor-version":[{"id":230,"href":"https:\/\/www2.uepg.br\/mcn\/wp-json\/wp\/v2\/pages\/140\/revisions\/230"}],"wp:attachment":[{"href":"https:\/\/www2.uepg.br\/mcn\/wp-json\/wp\/v2\/media?parent=140"}],"curies":[{"name":"wp","href":"https:\/\/api.w.org\/{rel}","templated":true}]}}