{"id":141,"date":"2022-07-13T09:02:03","date_gmt":"2022-07-13T12:02:03","guid":{"rendered":"https:\/\/www2.uepg.br\/mcn\/?page_id=141"},"modified":"2026-04-14T16:23:27","modified_gmt":"2026-04-14T19:23:27","slug":"publicacoes","status":"publish","type":"page","link":"https:\/\/www2.uepg.br\/mcn\/publicacoes\/","title":{"rendered":"Publica\u00e7\u00f5es"},"content":{"rendered":"<p style=\"text-align: center\"><a href=\"https:\/\/www2.uepg.br\/mcn\/3d-flip-book\/o-museu-de-ciencias-naturais-geodiversidade-e-biodiversidade\/\">O Museu de Ci\u00eancias Naturais: Geodiversidade e Biodiversidade<\/a><\/p>\n<p style=\"text-align: center\"><a href=\"https:\/\/www2.uepg.br\/mcn\/wp-content\/uploads\/sites\/250\/2026\/04\/EBOOK-Paisagens-culturais_compressed.pdf\">Paisagens Culturais: Entre dois Mares<\/a><\/p>\n<p style=\"text-align: center\"><a href=\"https:\/\/www2.uepg.br\/mcn\/wp-content\/uploads\/sites\/250\/2026\/04\/E-book-Geopatrimonio-Tibagi-compactado.pdf\">Geopatrim\u00f4nio: Tibagi<\/a><\/p>\n<p style=\"text-align: center\"><a href=\"https:\/\/www2.uepg.br\/mcn\/wp-content\/uploads\/sites\/250\/2026\/04\/LIVRO-PATRIMONIO-GEOMINEIRO-COMPLETO-compactado.pdf\">Geoturismo e Geopatrim\u00f4nio Mineiro no Brasil<\/a><\/p>\n<p style=\"text-align: center\"><a href=\"https:\/\/www2.uepg.br\/mcn\/wp-content\/uploads\/sites\/250\/2026\/04\/arquivo-em-baixa-LIVRO-TROPEIRISMO-PAGINAS-ESPELHADAS-compactado.pdf\">Tropeirismo e Geodiversidade no Paran\u00e1<\/a><\/p>\n<p style=\"text-align: center\"><a href=\"https:\/\/www2.uepg.br\/mcn\/wp-content\/uploads\/sites\/250\/2026\/04\/LIVRO-PIETRA-E-UOMO-INTEGRAL-compactado.pdf\">La Pietra e L&#8217;Uomo: Cantaria e Entalhe em Curitiba<\/a><\/p>\n<p style=\"text-align: center\"><a href=\"https:\/\/www2.uepg.br\/mcn\/wp-content\/uploads\/sites\/250\/2026\/04\/livro-arte-da-cantaria-NET_compressed.pdf\">A Arte da Cantaria<\/a><\/p>\n<p style=\"text-align: center\"><a href=\"https:\/\/www2.uepg.br\/mcn\/wp-content\/uploads\/sites\/250\/2026\/04\/Livro-Minas-do-Parana-1_compressed.pdf\">Minas do Paran\u00e1<\/a><\/p>\n<p style=\"text-align: center\"><a href=\"https:\/\/www2.uepg.br\/mcn\/wp-content\/uploads\/sites\/250\/2026\/04\/Geoturismo-em-Curitiba-LIVRO_compressed.pdf\">Geoturismo em Curitiba<\/a><\/p>\n<p style=\"text-align: center\"><a href=\"https:\/\/www2.uepg.br\/mcn\/wp-content\/uploads\/sites\/250\/2026\/04\/GeoturismonoKarst_portugues_compressed.pdf\">Geoturismo no Karst<\/a><\/p>\n<p style=\"text-align: center\"><a href=\"https:\/\/www2.uepg.br\/mcn\/wp-content\/uploads\/sites\/250\/2026\/04\/LIVRO-os-minerais-elementos-geodiversidade-414926_compressed.pdf\">Os Minerais: Elementos da Geodiversidade<\/a><\/p>\n<p style=\"text-align: center\"><a href=\"https:\/\/www2.uepg.br\/mcn\/wp-content\/uploads\/sites\/250\/2026\/04\/Geodiversidade-na-Educacao-Livro_compressed.pdf\">Geodiversidade na Educa\u00e7\u00e3o<\/a><\/p>\n<p style=\"text-align: center\"><a href=\"https:\/\/www2.uepg.br\/mcn\/wp-content\/uploads\/sites\/250\/2026\/04\/Livro-cartilha-minerais_compressed.pdf\">Minerais: Caracter\u00edsticas e Principais Propriedades<\/a><\/p>\n<p style=\"text-align: center\"><a href=\"https:\/\/www2.uepg.br\/mcn\/wp-content\/uploads\/sites\/250\/2026\/04\/Livro-Nas-TRilhas-de-Saint-Hilare.pdf\">Nas Trilhas de Saint-Hilaire<\/a><\/p>\n<p style=\"text-align: center\"><a href=\"https:\/\/www2.uepg.br\/mcn\/wp-content\/uploads\/sites\/250\/2026\/04\/Livro-Nas-TRilhas-de-Saint-Hilare.pdf\">Saint Hilaire: Nas Nascentes do Rio S\u00e3o Francisco<\/a><\/p>\n<p style=\"text-align: center\"><a href=\"https:\/\/www2.uepg.br\/mcn\/wp-content\/uploads\/sites\/250\/2026\/04\/Gemas-de-MINAS-GERAIS-2.pdf\">Gemas de Minas Gerais: Esmeralda, Turmalina, Safira, Top\u00e1zio, Quartzo, \u00c1gua Marinha, Alexandrita<\/a><\/p>\n<p style=\"text-align: center\"><a href=\"https:\/\/www2.uepg.br\/mcn\/wp-content\/uploads\/sites\/250\/2026\/04\/Cuba-Fragmentos-de-Havana2-7_compressed.pdf\">Cuba: Fragmentos do Cotidiano de Havana<\/a><\/p>\n<p style=\"text-align: center\"><a href=\"https:\/\/www2.uepg.br\/mcn\/wp-content\/uploads\/sites\/250\/2026\/04\/livro-elos-da-terra-1_compressed.pdf\">Elos da Terra &#8211; Lazos de La Tierra: Brasil-Argentina &#8211; Argentina-Brasil<\/a><\/p>\n<p style=\"text-align: center\"><a href=\"https:\/\/www2.uepg.br\/mcn\/wp-content\/uploads\/sites\/250\/2026\/04\/ESTETICA-DA-MORTE-EBOOK_compressed.pdf\">Est\u00e9tica da Morte: Paisagens de Cemit\u00e9rios<\/a><\/p>\n<p style=\"text-align: center\"><a href=\"https:\/\/www2.uepg.br\/mcn\/wp-content\/uploads\/sites\/250\/2026\/04\/Sentidos-da-Pedra_compressed.pdf\">Os Sentidos da Pedra<\/a><\/p>\n<p style=\"text-align: center\"><a href=\"https:\/\/www2.uepg.br\/mcn\/wp-content\/uploads\/sites\/250\/2026\/04\/Visadas-Sguardi_compressed.pdf\">Visadas Sguardi<\/a><\/p>\n<p style=\"text-align: center\"><a href=\"https:\/\/www2.uepg.br\/mcn\/wp-content\/uploads\/sites\/250\/2026\/04\/Ponta-de-Areia-Ebook-2022-compactado.pdf\">Ponta de Areia &#8211; Estrada de Ferro Bahia e Minas: Imagens de uma Expedi\u00e7\u00e3o<\/a><\/p>\n<p>&nbsp;<\/p>\n","protected":false},"excerpt":{"rendered":"<p>O Museu de Ci\u00eancias Naturais: Geodiversidade e Biodiversidade Paisagens Culturais: Entre dois Mares Geopatrim\u00f4nio: Tibagi Geoturismo e Geopatrim\u00f4nio Mineiro no Brasil Tropeirismo e Geodiversidade no Paran\u00e1 La Pietra e L&#8217;Uomo: Cantaria e Entalhe em Curitiba A Arte da Cantaria Minas do Paran\u00e1 Geoturismo em Curitiba Geoturismo no Karst Os Minerais: Elementos da Geodiversidade Geodiversidade na&nbsp;&hellip;<\/p>\n","protected":false},"author":483,"featured_media":0,"parent":0,"menu_order":0,"comment_status":"closed","ping_status":"closed","template":"","meta":[],"_links":{"self":[{"href":"https:\/\/www2.uepg.br\/mcn\/wp-json\/wp\/v2\/pages\/141"}],"collection":[{"href":"https:\/\/www2.uepg.br\/mcn\/wp-json\/wp\/v2\/pages"}],"about":[{"href":"https:\/\/www2.uepg.br\/mcn\/wp-json\/wp\/v2\/types\/page"}],"author":[{"embeddable":true,"href":"https:\/\/www2.uepg.br\/mcn\/wp-json\/wp\/v2\/users\/483"}],"replies":[{"embeddable":true,"href":"https:\/\/www2.uepg.br\/mcn\/wp-json\/wp\/v2\/comments?post=141"}],"version-history":[{"count":80,"href":"https:\/\/www2.uepg.br\/mcn\/wp-json\/wp\/v2\/pages\/141\/revisions"}],"predecessor-version":[{"id":584,"href":"https:\/\/www2.uepg.br\/mcn\/wp-json\/wp\/v2\/pages\/141\/revisions\/584"}],"wp:attachment":[{"href":"https:\/\/www2.uepg.br\/mcn\/wp-json\/wp\/v2\/media?parent=141"}],"curies":[{"name":"wp","href":"https:\/\/api.w.org\/{rel}","templated":true}]}}