{"id":143,"date":"2022-07-13T09:02:04","date_gmt":"2022-07-13T12:02:04","guid":{"rendered":"https:\/\/www2.uepg.br\/mcn\/?page_id=143"},"modified":"2026-04-16T10:05:27","modified_gmt":"2026-04-16T13:05:27","slug":"contato-e-agendamento","status":"publish","type":"page","link":"https:\/\/www2.uepg.br\/mcn\/contato-e-agendamento\/","title":{"rendered":"Contato e agendamento"},"content":{"rendered":"<p style=\"text-align: center\">O Museu de Ci\u00eancias Naturais da UEPG est\u00e1 situado dentro do Campus Uvaranas em Ponta Grossa (PR) e atende todos os p\u00fablicos. A entrada \u00e9 gratuita.<\/p>\n<p style=\"text-align: center\">Est\u00e1 aberto para visita\u00e7\u00e3o de segunda-feira a sexta-feira das 9:00 \u00e0s 11:30 e das 14:00 \u00e0s 17:00.<\/p>\n<p style=\"text-align: center\">Agendamentos de grupos e escolas para visitas com monitoria devem ser feitos por telefone (whatsapp), e posteriormente o preenchimento do formul\u00e1rio <em><i>online<\/i><\/em>:<\/p>\n<p style=\"text-align: center\">Agendamentos para utiliza\u00e7\u00e3o dos espa\u00e7os do Audit\u00f3rio e ou Biblioteca (8h as 11:30h e 13:00h as 16:30h) devem ser feitos atrav\u00e9s do preenchimento do formul\u00e1rio <em>online<\/em>:<\/p>\n<p style=\"text-align: center\"><a href=\"https:\/\/docs.google.com\/forms\/d\/1dvx_vQ5hFElh8wMurReN8svWxD-Nv80IIyHnmCIrt1k\/edit?pli=1\">Clique aqui &#8211; Visitantes Grupos\/Escolas<\/a><\/p>\n<p style=\"text-align: center\"><a href=\"https:\/\/docs.google.com\/forms\/d\/e\/1FAIpQLSeGzzU20j9NQ9hJI9Ib2gmtnwSgrtIjQoac7RVSQ8-guGHiqg\/viewform?usp=header\">Clique aqui &#8211; Audit\u00f3rio\/Biblioteca<\/a><\/p>\n<p style=\"text-align: center\"><strong style=\"text-align: center\">E-MAIL<\/strong><\/p>\n<p style=\"text-align: center\"><span style=\"text-align: center\">mcn@uepg.br<\/span><\/p>\n<p style=\"text-align: center\"><strong>TELEFONE<\/strong><\/p>\n<p style=\"text-align: center\">42 32203024 &#8211; <em>Whatsapp<\/em><\/p>\n<p style=\"text-align: center\"><strong>INSTAGRAM<\/strong><\/p>\n<p style=\"text-align: center\"><a style=\"text-align: center\" href=\"https:\/\/instagram.com\/mcn_uepg?igshid=YmMyMTA2M2Y=\">@mcn_uepg<\/a><\/p>\n<p>&nbsp;<\/p>\n<p>&nbsp;<\/p>\n","protected":false},"excerpt":{"rendered":"<p>O Museu de Ci\u00eancias Naturais da UEPG est\u00e1 situado dentro do Campus Uvaranas em Ponta Grossa (PR) e atende todos os p\u00fablicos. A entrada \u00e9 gratuita. Est\u00e1 aberto para visita\u00e7\u00e3o de segunda-feira a sexta-feira das 9:00 \u00e0s 11:30 e das 14:00 \u00e0s 17:00. Agendamentos de grupos e escolas para visitas com monitoria devem ser feitos&nbsp;&hellip;<\/p>\n","protected":false},"author":483,"featured_media":0,"parent":0,"menu_order":0,"comment_status":"closed","ping_status":"closed","template":"","meta":[],"_links":{"self":[{"href":"https:\/\/www2.uepg.br\/mcn\/wp-json\/wp\/v2\/pages\/143"}],"collection":[{"href":"https:\/\/www2.uepg.br\/mcn\/wp-json\/wp\/v2\/pages"}],"about":[{"href":"https:\/\/www2.uepg.br\/mcn\/wp-json\/wp\/v2\/types\/page"}],"author":[{"embeddable":true,"href":"https:\/\/www2.uepg.br\/mcn\/wp-json\/wp\/v2\/users\/483"}],"replies":[{"embeddable":true,"href":"https:\/\/www2.uepg.br\/mcn\/wp-json\/wp\/v2\/comments?post=143"}],"version-history":[{"count":29,"href":"https:\/\/www2.uepg.br\/mcn\/wp-json\/wp\/v2\/pages\/143\/revisions"}],"predecessor-version":[{"id":602,"href":"https:\/\/www2.uepg.br\/mcn\/wp-json\/wp\/v2\/pages\/143\/revisions\/602"}],"wp:attachment":[{"href":"https:\/\/www2.uepg.br\/mcn\/wp-json\/wp\/v2\/media?parent=143"}],"curies":[{"name":"wp","href":"https:\/\/api.w.org\/{rel}","templated":true}]}}