{"id":133,"date":"2025-06-02T10:52:17","date_gmt":"2025-06-02T13:52:17","guid":{"rendered":"https:\/\/www2.uepg.br\/microbiologia-ambiental\/?page_id=133"},"modified":"2025-10-20T21:27:29","modified_gmt":"2025-10-21T00:27:29","slug":"parceiros-e-colaboracoes","status":"publish","type":"page","link":"https:\/\/www2.uepg.br\/microbiologia-ambiental\/parceiros-e-colaboracoes\/","title":{"rendered":"Parceiros e Colabora\u00e7\u00f5es"},"content":{"rendered":"<p>Em 2009, o projeto de est\u00e1gio de P\u00f3s-doutoramento \u201cLocaliza\u00e7\u00e3o de genes plasmidiais envolvidos na degrada\u00e7\u00e3o do herbicida mesotrione\u201d foi aprovado pelo CNPq, e come\u00e7amos o conv\u00eanio com o Prof. Dr. Michael Jay Sadowsky, da Universidade de Minnesota (EUA). Dr. Sadowsky tem uma atua\u00e7\u00e3o importante na Microbiologia Ambiental em termos mundiais, sendo o atual diretor do Instituto de Biotecnologia da Universidade de Minnesota, e recebeu o t\u00edtulo de Distinguished McKinigth Professor. Tem participado da organiza\u00e7\u00e3o de v\u00e1rios eventos e iniciativas pela American Society of Microbiology, al\u00e9m de eventos para interc\u00e2mbios internacionais, como o U.S.-Japan NSF-JSPS Symposium \u201cSymbioses Between Plants and Microbe for Sustainable Agriculture and Bioremediation. Contamos com esta experi\u00eancia para nos trazer uma melhor organiza\u00e7\u00e3o e evid\u00eancia internacional para nosso laborat\u00f3rio. Sua linha de pesquisa tem conflu\u00eancias importantes com a nossa proposta no Brasil, com boas perspectivas de intera\u00e7\u00e3o, representado pelos projetos de pesquisa e artigos publicados em revistas de impacto internacionais, principalmente na \u00e1rea de degrada\u00e7\u00e3o de herbicidas, fixa\u00e7\u00e3o de nitrog\u00eanio e endof\u00edticos.<\/p>\n<p>A contribui\u00e7\u00e3o do Dr. Sadowsky tamb\u00e9m dever\u00e1 ser sentida na elabora\u00e7\u00e3o de artigos, devido a sua experi\u00eancia com 204 artigos publicados e como editor de importantes revistas na \u00e1rea de microbiologia, como Microbiology Spectrum, The Fecal Bacteria, Molecular Plant-Microbe Interactions, Applied and Environmental Microbiology, Symbiosis e Microbe and Environments. Em conjunto, temos v\u00e1rios artigos em parceria. Ap\u00f3s a realiza\u00e7\u00e3o do projeto no Ci\u00eancias sem Fronteiras do CNPq, consolidamos nossa coopera\u00e7\u00e3o e ap\u00f3s tr\u00eas visitas do Prof. Michael ao nosso laborat\u00f3rio no Brasil.<\/p>\n<p>A pesquisadora espanhola Mireia Valles-Colomer \u00e9 l\u00edder de grupo de pesquisa Microbiome Research Group no departamento MELIS da Universidade Pompeu Fabra (Barcelona, Espanha). Sua pesquisa se concentra no papel do microbioma humano na sa\u00fade mental e na transmiss\u00e3o social do microbioma. Sua participa\u00e7\u00e3o no projeto em tela ser de colabora\u00e7\u00e3o no sequenciamento e an\u00e1lises computacionais dos genomas das bact\u00e9rias selecionadas para inibi\u00e7\u00e3o de linhagens tumorais.<\/p>\n<p>O pesquisador Milko Alberto Jorquera Tapia \u00e9 o l\u00edder do grupo de pesquisas na Universidad de La Frontera, Campus Puc\u00f3n, Chile. Iniciamos uma parceria em 2025 para o estudo de sistemas de respostas de bact\u00e9rias isoladas em ambientes extremo, particularmente do deserto de Atacama.<\/p>\n<p>O pesquisador Yulian Konechnyi, do Departmento de Microbiologia, Danylo Halytsky Lviv National Medical University, Ucr\u00e2nia. Tamb\u00e9m iniciamos uma coopera\u00e7\u00e3o para o estudo conjunto de bact\u00e9rias, fungos e v\u00edrus isolados em cavernas ucranianas, buscando avaliar adapta\u00e7\u00f5es com potencial de utiliza\u00e7\u00e3o em processos biotecnol\u00f3gicos, como inibi\u00e7\u00e3o de c\u00e9lulas tumorais, linhagens bacterianas multirresistentes a antibi\u00f3ticos, e fungos fitopatog\u00eanicos.<\/p>\n","protected":false},"excerpt":{"rendered":"<p>Em 2009, o projeto de est\u00e1gio de P\u00f3s-doutoramento \u201cLocaliza\u00e7\u00e3o de genes plasmidiais envolvidos na degrada\u00e7\u00e3o do herbicida mesotrione\u201d foi aprovado pelo CNPq, e come\u00e7amos o conv\u00eanio com o Prof. Dr. Michael Jay Sadowsky, da Universidade de Minnesota (EUA). Dr. Sadowsky tem uma atua\u00e7\u00e3o importante na Microbiologia Ambiental em termos mundiais, sendo o atual diretor do&nbsp;&hellip;<\/p>\n","protected":false},"author":378,"featured_media":0,"parent":0,"menu_order":0,"comment_status":"closed","ping_status":"closed","template":"","meta":[],"_links":{"self":[{"href":"https:\/\/www2.uepg.br\/microbiologia-ambiental\/wp-json\/wp\/v2\/pages\/133"}],"collection":[{"href":"https:\/\/www2.uepg.br\/microbiologia-ambiental\/wp-json\/wp\/v2\/pages"}],"about":[{"href":"https:\/\/www2.uepg.br\/microbiologia-ambiental\/wp-json\/wp\/v2\/types\/page"}],"author":[{"embeddable":true,"href":"https:\/\/www2.uepg.br\/microbiologia-ambiental\/wp-json\/wp\/v2\/users\/378"}],"replies":[{"embeddable":true,"href":"https:\/\/www2.uepg.br\/microbiologia-ambiental\/wp-json\/wp\/v2\/comments?post=133"}],"version-history":[{"count":2,"href":"https:\/\/www2.uepg.br\/microbiologia-ambiental\/wp-json\/wp\/v2\/pages\/133\/revisions"}],"predecessor-version":[{"id":336,"href":"https:\/\/www2.uepg.br\/microbiologia-ambiental\/wp-json\/wp\/v2\/pages\/133\/revisions\/336"}],"wp:attachment":[{"href":"https:\/\/www2.uepg.br\/microbiologia-ambiental\/wp-json\/wp\/v2\/media?parent=133"}],"curies":[{"name":"wp","href":"https:\/\/api.w.org\/{rel}","templated":true}]}}